{"id":14249,"date":"2023-03-03T21:49:28","date_gmt":"2023-03-03T21:49:28","guid":{"rendered":"https:\/\/www.dev2.swisssoftware24.ch\/?page_id=14249"},"modified":"2026-01-29T13:46:18","modified_gmt":"2026-01-29T12:46:18","slug":"impressum","status":"publish","type":"page","link":"https:\/\/swisssoftware24.ch\/en\/impressum\/","title":{"rendered":"Legal notice"},"content":{"rendered":"<div data-elementor-type=\"wp-page\" data-elementor-id=\"14249\" class=\"elementor elementor-14249\" data-elementor-post-type=\"page\">\n\t\t\t\t<div class=\"elementor-element elementor-element-60db832 e-flex e-con-boxed e-con e-parent\" data-id=\"60db832\" data-element_type=\"container\">\n\t\t\t\t\t<div class=\"e-con-inner\">\n\t\t<div class=\"elementor-element elementor-element-5d58057 e-con-full e-flex e-con e-child\" data-id=\"5d58057\" data-element_type=\"container\">\n\t\t\t\t<div class=\"elementor-element elementor-element-700e78e elementor-widget elementor-widget-heading\" data-id=\"700e78e\" data-element_type=\"widget\" data-widget_type=\"heading.default\">\n\t\t\t\t<div class=\"elementor-widget-container\">\n\t\t\t\t\t<h3 class=\"elementor-heading-title elementor-size-default\">About us<\/h3>\t\t\t\t<\/div>\n\t\t\t\t<\/div>\n\t\t\t\t<div class=\"elementor-element elementor-element-db49543 elementor-widget elementor-widget-heading\" data-id=\"db49543\" data-element_type=\"widget\" data-widget_type=\"heading.default\">\n\t\t\t\t<div class=\"elementor-widget-container\">\n\t\t\t\t\t<h2 class=\"elementor-heading-title elementor-size-default\">Bester Softwareanbieter in der Schweiz<\/h2>\t\t\t\t<\/div>\n\t\t\t\t<\/div>\n\t\t\t\t<div class=\"elementor-element elementor-element-9cd02e4 elementor-widget elementor-widget-text-editor\" data-id=\"9cd02e4\" data-element_type=\"widget\" data-widget_type=\"text-editor.default\">\n\t\t\t\t<div class=\"elementor-widget-container\">\n\t\t\t\t\t\t\t\t\t<p>Bei SwissSoftware24 sind wir stolz darauf, Ihre erste Anlaufstelle f\u00fcr hochwertige Softwareloesungen in der Schweiz zu sein. Mit einem Engagement f\u00fcr Exzellenz und Kundenzufriedenheit bieten wir eine vielfaeltige Palette an Softwareprodukten, die sowohl den Bed\u00fcrfnissen von Einzelpersonen als auch Unternehmen gerecht werden.<br \/><br \/>Unsere Mission ist einfach: innovative, zuverlaessige und benutzerfreundliche Softwareloesungen bereitzustellen, die unsere Kunden befaehigen, ihre Ziele effizient und effektiv zu erreichen. Egal, ob Sie ein kleines Startup sind, das seine Ablaeufe optimieren moechte, oder ein grosses Unternehmen, das nach modernsten Softwareloesungen sucht \u2013 wir haben die passende Loesung f\u00fcr Sie.<br \/><br \/>Unterst\u00fctzt von einem Team erfahrener Fachleute und Technikbegeisterter bleiben wir an der Spitze technologischer Fortschritte, um sicherzustellen, dass unsere Produkte stets auf dem neuesten Stand und zukunftsweisend sind. Wir verstehen, dass jedes Unternehmen einzigartig ist, weshalb wir anpassbare Softwareloesungen anbieten, die auf Ihre spezifischen Anforderungen zugeschnitten werden koennen.<br \/><br \/>Bei SwissSoftware24 glauben wir an Transparenz, Integritaet und Vertrauen. Deshalb bemuehen wir uns, eine offene Kommunikation mit unseren Kunden aufrechtzuerhalten und bieten unvergleichliche Unterst\u00fctzung und Hilfe in jeder Phase. Ihre Zufriedenheit ist unsere Prioritaet, und wir sind bestrebt, Ihnen zum Erfolg im digitalen Zeitalter zu verhelfen.<br \/><br \/>Erleben Sie den Unterschied mit SwissSoftware24 und schliessen Sie sich den zahlreichen zufriedenen Kunden an, die uns zu ihrem vertrauensw\u00fcrdigen Partner f\u00fcr all ihre Softwarebed\u00fcrfnisse gemacht haben. Willkommen in einer Welt voller unbegrenzter Moeglichkeiten. Willkommen bei SwissSoftware24.<\/p>\t\t\t\t\t\t\t\t<\/div>\n\t\t\t\t<\/div>\n\t\t\t\t<\/div>\n\t\t<div class=\"elementor-element elementor-element-29cc202 e-con-full e-flex e-con e-child\" data-id=\"29cc202\" data-element_type=\"container\">\n\t\t\t\t<div class=\"elementor-element elementor-element-027b3d0 elementor-widget elementor-widget-image\" data-id=\"027b3d0\" data-element_type=\"widget\" data-widget_type=\"image.default\">\n\t\t\t\t<div class=\"elementor-widget-container\">\n\t\t\t\t\t\t\t\t\t\t\t\t\t\t\t<img loading=\"lazy\" decoding=\"async\" width=\"800\" height=\"534\" src=\"https:\/\/swisssoftware24.ch\/wp-content\/uploads\/2023\/07\/BIZNES-1024x683.png\" class=\"attachment-large size-large wp-image-18200\" alt=\"Biznes\" srcset=\"https:\/\/swisssoftware24.ch\/wp-content\/uploads\/2023\/07\/BIZNES-1024x683.png 1024w, https:\/\/swisssoftware24.ch\/wp-content\/uploads\/2023\/07\/BIZNES-600x400.png 600w, https:\/\/swisssoftware24.ch\/wp-content\/uploads\/2023\/07\/BIZNES-64x43.png 64w, https:\/\/swisssoftware24.ch\/wp-content\/uploads\/2023\/07\/BIZNES-300x200.png 300w, https:\/\/swisssoftware24.ch\/wp-content\/uploads\/2023\/07\/BIZNES-768x512.png 768w, https:\/\/swisssoftware24.ch\/wp-content\/uploads\/2023\/07\/BIZNES-18x12.png 18w, https:\/\/swisssoftware24.ch\/wp-content\/uploads\/2023\/07\/BIZNES.png 1200w\" sizes=\"auto, (max-width: 800px) 100vw, 800px\" \/>\t\t\t\t\t\t\t\t\t\t\t\t\t\t\t<\/div>\n\t\t\t\t<\/div>\n\t\t\t\t<div class=\"elementor-element elementor-element-8a69a00 elementor-widget elementor-widget-counter\" data-id=\"8a69a00\" data-element_type=\"widget\" data-widget_type=\"counter.default\">\n\t\t\t\t<div class=\"elementor-widget-container\">\n\t\t\t\t\t\t\t<div class=\"elementor-counter\">\n\t\t\t<div class=\"elementor-counter-title\">Produkte<\/div>\t\t\t<div class=\"elementor-counter-number-wrapper\">\n\t\t\t\t<span class=\"elementor-counter-number-prefix\"><\/span>\n\t\t\t\t<span class=\"elementor-counter-number\" data-duration=\"2000\" data-to-value=\"100\" data-from-value=\"0\" data-delimiter=\",\">0<\/span>\n\t\t\t\t<span class=\"elementor-counter-number-suffix\">+<\/span>\n\t\t\t<\/div>\n\t\t<\/div>\n\t\t\t\t\t\t<\/div>\n\t\t\t\t<\/div>\n\t\t\t\t<div class=\"elementor-element elementor-element-5a204db elementor-widget elementor-widget-counter\" data-id=\"5a204db\" data-element_type=\"widget\" data-widget_type=\"counter.default\">\n\t\t\t\t<div class=\"elementor-widget-container\">\n\t\t\t\t\t\t\t<div class=\"elementor-counter\">\n\t\t\t<div class=\"elementor-counter-title\">Abonnementkunden<\/div>\t\t\t<div class=\"elementor-counter-number-wrapper\">\n\t\t\t\t<span class=\"elementor-counter-number-prefix\"><\/span>\n\t\t\t\t<span class=\"elementor-counter-number\" data-duration=\"2000\" data-to-value=\"1000\" data-from-value=\"0\" data-delimiter=\",\">0<\/span>\n\t\t\t\t<span class=\"elementor-counter-number-suffix\">+<\/span>\n\t\t\t<\/div>\n\t\t<\/div>\n\t\t\t\t\t\t<\/div>\n\t\t\t\t<\/div>\n\t\t\t\t<\/div>\n\t\t\t\t\t<\/div>\n\t\t\t\t<\/div>\n\t\t\t\t<section class=\"elementor-section elementor-top-section elementor-element elementor-element-c28b4aa elementor-section-boxed elementor-section-height-default elementor-section-height-default\" data-id=\"c28b4aa\" data-element_type=\"section\">\n\t\t\t\t\t\t<div class=\"elementor-container elementor-column-gap-default\">\n\t\t\t\t\t<div class=\"elementor-column elementor-col-50 elementor-top-column elementor-element elementor-element-b19b5c2\" data-id=\"b19b5c2\" data-element_type=\"column\">\n\t\t\t<div class=\"elementor-widget-wrap elementor-element-populated\">\n\t\t\t\t\t\t<div class=\"elementor-element elementor-element-31cd972 elementor-widget elementor-widget-heading\" data-id=\"31cd972\" data-element_type=\"widget\" data-widget_type=\"heading.default\">\n\t\t\t\t<div class=\"elementor-widget-container\">\n\t\t\t\t\t<h3 class=\"elementor-heading-title elementor-size-default\">Kontaktinformationen<\/h3>\t\t\t\t<\/div>\n\t\t\t\t<\/div>\n\t\t\t\t<div class=\"elementor-element elementor-element-076e49c elementor-invisible elementor-widget elementor-widget-text-editor\" data-id=\"076e49c\" data-element_type=\"widget\" data-settings=\"{&quot;_animation&quot;:&quot;fadeInLeft&quot;}\" data-widget_type=\"text-editor.default\">\n\t\t\t\t<div class=\"elementor-widget-container\">\n\t\t\t\t\t\t\t\t\t<p><span style=\"text-decoration: underline;\">Die Webseite swisssoftware24.ch wird betrieben von:<\/span><\/p><p>DigitalRiver GmbH, Sinserstrasse 67, CH-6330 Cham, SWITZERLAND<\/p><p>Tel.: (+41) 41 50 50 400 (Mo. &#8211; Fr. 8:00 &#8211; 16:00 Uhr)<\/p><p>E-mail: info@swisssoftware24.ch<\/p>\t\t\t\t\t\t\t\t<\/div>\n\t\t\t\t<\/div>\n\t\t\t\t<div class=\"elementor-element elementor-element-58d8ce8 elementor-invisible elementor-widget elementor-widget-text-editor\" data-id=\"58d8ce8\" data-element_type=\"widget\" data-settings=\"{&quot;_animation&quot;:&quot;fadeInUp&quot;}\" data-widget_type=\"text-editor.default\">\n\t\t\t\t<div class=\"elementor-widget-container\">\n\t\t\t\t\t\t\t\t\t<p><span style=\"text-decoration: underline\">Bank details:<\/span><\/p><p>PostFinance CH95 0900 0000 1556 0884 3<\/p>\t\t\t\t\t\t\t\t<\/div>\n\t\t\t\t<\/div>\n\t\t\t\t\t<\/div>\n\t\t<\/div>\n\t\t\t\t<div class=\"elementor-column elementor-col-50 elementor-top-column elementor-element elementor-element-d3a3460\" data-id=\"d3a3460\" data-element_type=\"column\">\n\t\t\t<div class=\"elementor-widget-wrap elementor-element-populated\">\n\t\t\t\t\t\t<div class=\"elementor-element elementor-element-92784e9 elementor-invisible elementor-widget elementor-widget-text-editor\" data-id=\"92784e9\" data-element_type=\"widget\" data-settings=\"{&quot;_animation&quot;:&quot;fadeInRight&quot;}\" data-widget_type=\"text-editor.default\">\n\t\t\t\t<div class=\"elementor-widget-container\">\n\t\t\t\t\t\t\t\t\t<p><span style=\"text-decoration: underline\">Registered in the Handelsregister des Kantons Zug<\/span><\/p><p>Director: Jakub Hankus<\/p><p>Trade reg. No.: CH-170.4.019.106-3<\/p><p>UID no.: CHE-295.002.725 VAT<\/p>\t\t\t\t\t\t\t\t<\/div>\n\t\t\t\t<\/div>\n\t\t\t\t\t<\/div>\n\t\t<\/div>\n\t\t\t\t\t<\/div>\n\t\t<\/section>\n\t\t\t\t<\/div>","protected":false},"excerpt":{"rendered":"<p>\u00dcber uns Bester Softwareanbieter in der Schweiz Bei SwissSoftware24 sind wir stolz darauf, Ihre erste Anlaufstelle f\u00fcr hochwertige Softwareloesungen in der Schweiz zu sein. Mit einem Engagement f\u00fcr Exzellenz und Kundenzufriedenheit bieten wir eine vielfaeltige Palette an Softwareprodukten, die sowohl den Bed\u00fcrfnissen von Einzelpersonen als auch Unternehmen gerecht werden. Unsere Mission ist einfach: innovative, zuverlaessige [&hellip;]<\/p>","protected":false},"author":1,"featured_media":0,"parent":0,"menu_order":0,"comment_status":"closed","ping_status":"closed","template":"","meta":{"_seopress_robots_primary_cat":"","_seopress_titles_title":"","_seopress_titles_desc":"","_seopress_robots_index":"","footnotes":""},"class_list":["post-14249","page","type-page","status-publish","hentry"],"_links":{"self":[{"href":"https:\/\/swisssoftware24.ch\/en\/wp-json\/wp\/v2\/pages\/14249","targetHints":{"allow":["GET"]}}],"collection":[{"href":"https:\/\/swisssoftware24.ch\/en\/wp-json\/wp\/v2\/pages"}],"about":[{"href":"https:\/\/swisssoftware24.ch\/en\/wp-json\/wp\/v2\/types\/page"}],"author":[{"embeddable":true,"href":"https:\/\/swisssoftware24.ch\/en\/wp-json\/wp\/v2\/users\/1"}],"replies":[{"embeddable":true,"href":"https:\/\/swisssoftware24.ch\/en\/wp-json\/wp\/v2\/comments?post=14249"}],"version-history":[{"count":3,"href":"https:\/\/swisssoftware24.ch\/en\/wp-json\/wp\/v2\/pages\/14249\/revisions"}],"predecessor-version":[{"id":43247,"href":"https:\/\/swisssoftware24.ch\/en\/wp-json\/wp\/v2\/pages\/14249\/revisions\/43247"}],"wp:attachment":[{"href":"https:\/\/swisssoftware24.ch\/en\/wp-json\/wp\/v2\/media?parent=14249"}],"curies":[{"name":"wp","href":"https:\/\/api.w.org\/{rel}","templated":true}]}}