{"id":14310,"date":"2023-03-03T22:12:33","date_gmt":"2023-03-03T22:12:33","guid":{"rendered":"https:\/\/www.dev2.swisssoftware24.ch\/?page_id=14310"},"modified":"2023-03-03T22:12:33","modified_gmt":"2023-03-03T22:12:33","slug":"datenschutz","status":"publish","type":"page","link":"https:\/\/swisssoftware24.ch\/en\/datenschutz\/","title":{"rendered":"Privacy control"},"content":{"rendered":"<div data-elementor-type=\"wp-page\" data-elementor-id=\"14310\" class=\"elementor elementor-14310\" data-elementor-post-type=\"page\">\n\t\t\t\t\t\t<section class=\"elementor-section elementor-top-section elementor-element elementor-element-cae85a3 elementor-section-boxed elementor-section-height-default elementor-section-height-default\" data-id=\"cae85a3\" data-element_type=\"section\">\n\t\t\t\t\t\t<div class=\"elementor-container elementor-column-gap-default\">\n\t\t\t\t\t<div class=\"elementor-column elementor-col-100 elementor-top-column elementor-element elementor-element-2c397fa\" data-id=\"2c397fa\" data-element_type=\"column\">\n\t\t\t<div class=\"elementor-widget-wrap\">\n\t\t\t\t\t\t\t<\/div>\n\t\t<\/div>\n\t\t\t\t\t<\/div>\n\t\t<\/section>\n\t\t\t\t<section class=\"elementor-section elementor-top-section elementor-element elementor-element-af1c944 elementor-section-boxed elementor-section-height-default elementor-section-height-default\" data-id=\"af1c944\" data-element_type=\"section\">\n\t\t\t\t\t\t<div class=\"elementor-container elementor-column-gap-default\">\n\t\t\t\t\t<div class=\"elementor-column elementor-col-100 elementor-top-column elementor-element elementor-element-e11ea09\" data-id=\"e11ea09\" data-element_type=\"column\">\n\t\t\t<div class=\"elementor-widget-wrap elementor-element-populated\">\n\t\t\t\t\t\t<div class=\"elementor-element elementor-element-3fd1f33 elementor-widget elementor-widget-text-editor\" data-id=\"3fd1f33\" data-element_type=\"widget\" data-widget_type=\"text-editor.default\">\n\t\t\t\t<div class=\"elementor-widget-container\">\n\t\t\t\t\t\t\t\t\t<p><strong>Privacy policy<\/strong><\/p><p>The operators of these pages take the protection of your personal data very seriously. We treat your personal data confidentially and in accordance with the statutory data protection regulations and this data protection declaration.<\/p><p>The use of the SwissSoftware24 website is usually possible without providing personal data. Insofar as personal data (e.g. name, address or e-mail addresses) is collected on our website, this is always done on a voluntary basis as far as possible. This data will not be passed on to third parties without your express consent. We would like to point out that data transmission on the Internet (e.g. when communicating by e-mail) can have security gaps. A complete protection of the data against access by third parties is not possible.<\/p><p>\u00a0<\/p><p><strong>Cookies<\/strong><\/p><p>Some of the websites use so-called cookies. Cookies do not damage your computer and do not contain viruses. Cookies serve to make our offer more user-friendly, effective and secure. Cookies are small text files that are stored on your computer and saved by your browser.<\/p><p>Most of the cookies we use are so-called session cookies. They are automatically deleted after your visit. Other cookies remain stored on your end device until you delete them. These cookies enable us to recognize your browser on your next visit. You can set your browser so that you are informed about the setting of cookies and only allow cookies in individual cases, exclude the acceptance of cookies for certain cases or in general and activate the automatic deletion of cookies when the browser is closed. If cookies are deactivated, the functionality of this website may be restricted.<\/p><p>\u00a0<\/p><p><strong>Google Ads &amp; Google Analytics<\/strong><\/p><p>Wir verwenden auf unserer Webseite &#8220;Google Ads&#8221; (fr\u00fcher Google AdWords) und &#8220;Google Analytics&#8221;, die Dienste der Google Ireland Limited, Google Building Gordon House, Barrow St, Dublin 4, Irland (nachfolgend bezeichnet als &#8220;Google&#8221;). Google Ads erm\u00f6glicht uns, mit Hilfe von Werbemitteln auf externen Webseiten auf unsere attraktiven Angebote aufmerksam zu machen. Dadurch k\u00f6nnen wir ermitteln, wie erfolgreich einzelne Werbemassnahmen sind. Diese Werbemittel werden durch Google \u00fcber sogenannte \u201eAdServer\u201c ausgeliefert. &#8220;Google Analytics&#8221; ist ein Webanalysedienst der Google. Google verwendet Cookies, also kleine Textdateien, die auf Ihrem Endger\u00e4t gespeichert werden und die eine Analyse der Benutzung unserer Webseite durch Sie erm\u00f6glichen. Die durch das Cookie erzeugten Informationen \u00fcber die Benutzung unserer Webseite werden in der Regel an einen Server von Google \u00fcbertragen und dort gespeichert.<\/p><p>We answer all questions about our data protection exclusively by e-mail:\u00a0<a href=\"mailto:datenschutz@dev2.swisssoftware24.ch?subject=Datenschutz\">datenschutz@dev2.swisssoftware24.ch<\/a><\/p><p>\u00a0<\/p><p><strong>Registration on SwissSoftware24 website<\/strong><\/p><p>You can register on our website to use additional functions on the site. We use the data entered for this purpose only for the purpose of using the respective offer or service for which you have registered. For important changes, for example in the scope of the offer or in the case of technically necessary changes, we use the e-mail address provided during registration to inform you in this way.<\/p><p>\u00a0<\/p><p><strong>SSL encryption<\/strong><\/p><p>Diese Seite nutzt aus Gr\u00fcnden der Sicherheit und zum Schutz der \u00dcbertragung vertraulicher Inhalte, wie zum Beispiel der Anfragen, die Sie an uns als Seitenbetreiber senden, eine SSL-Verschl\u00fcsselung. Eine verschl\u00fcsselte Verbindung erkennen Sie daran, dass die Adresszeile des Browsers von &#8220;http:\/\/&#8221; auf &#8220;https:\/\/&#8221; wechselt und an dem Schloss-Symbol in Ihrer Browserzeile.<\/p><p>If SSL encryption is activated, the data you transmit to us cannot be read by third parties.<\/p><p>\u00a0<\/p><p><strong>Encrypted payment transactions on this website<\/strong><\/p><p>Payment transactions using the usual means of payment are made exclusively via an encrypted SSL connection and are processed for Visa and MasterCard by\u00a0<a href=\"https:\/\/www.concardis.com\/ch-de\/\">Concardis<\/a>\u00a0GmbH, Helfmann-Park 7, DE-65760 Esch-<br \/>born, at PostFinance and PostFinance Card\u00a0<a href=\"https:\/\/www.postfinance.ch\/de\/unternehmen.html\" target=\"_blank\" rel=\"noopener\">PostFinance<\/a>\u00a0AG, Mingerstrasse 20, CH-3030 Berne, through PayPal\u00a0<a href=\"https:\/\/www.paypal.com\/us\/webapps\/mpp\/about\" target=\"_blank\" rel=\"noopener\">PayPal<\/a>\u00a0Inc., 2211 North First Street, San Jose, California 95131, USA, by Twint\u00a0<a href=\"https:\/\/www.twint.ch\/\">TWINT<\/a>\u00a0AG,<br \/>Stauffacherstrasse 41, CH-8004 Zurich and when purchasing on account (PowerPay).\u00a0<a href=\"https:\/\/www.powerpay.ch\/de\">PowerPay<\/a>\u00a0MF Group AG, Kornhausstrasse 25, CH-9001 St. Gallen gew\u00e4hrleistet.\u00a0 Eine verschl\u00fcsselte Verbindung erkennen Sie daran, dass die Adresszeile des Browsers von &#8220;http:\/\/&#8221; auf &#8220;https:\/\/&#8221; wechselt und an dem Schloss-Symbol in Ihrer Browserzeile.<\/p><p>With encrypted communication, your payment data that you transmit to us cannot be read by third parties.<\/p><p>\u00a0<\/p><p><strong>Information, deletion, blocking Information,<\/strong><\/p><p>You have the right at any time to free information about your stored personal data, its origin and recipient and the purpose of data processing, as well as a right to correct, block or delete this data. For this purpose, as well as for further questions on the subject of personal data, you can contact us at any time at the address given in the imprint.<\/p><p>\u00a0<\/p><p><strong>Objection advertising mails<\/strong><\/p><p>The use of contact data published within the framework of the imprint obligation for the purpose of sending unsolicited advertising and information materials is hereby prohibited. The operators of the pages expressly reserve the right to take legal action in the event of the unsolicited sending of advertising information, such as spam e-mails.<\/p>\t\t\t\t\t\t\t\t<\/div>\n\t\t\t\t<\/div>\n\t\t\t\t\t<\/div>\n\t\t<\/div>\n\t\t\t\t\t<\/div>\n\t\t<\/section>\n\t\t\t\t<\/div>","protected":false},"excerpt":{"rendered":"<p>Datenschutzerkl\u00e4rung Die Betreiber dieser Seiten nehmen den Schutz Ihrer pers\u00f6nlichen Daten sehr ernst. Wir behandeln Ihre personenbezogenen Daten vertraulich und entsprechend der gesetzlichen Datenschutzvorschriften sowie dieser Datenschutzerkl\u00e4rung. Die Nutzung der SwissSoftware24 Website ist in der Regel ohne Angabe personenbezogener Daten m\u00f6glich. Soweit auf unseren Seiten personenbezogene Daten (beispielsweise Name, Anschrift oder E-Mail Adressen) erhoben werden, [&hellip;]<\/p>","protected":false},"author":1,"featured_media":0,"parent":0,"menu_order":0,"comment_status":"closed","ping_status":"closed","template":"","meta":{"_seopress_robots_primary_cat":"","_seopress_titles_title":"","_seopress_titles_desc":"","_seopress_robots_index":"","footnotes":""},"class_list":["post-14310","page","type-page","status-publish","hentry"],"_links":{"self":[{"href":"https:\/\/swisssoftware24.ch\/en\/wp-json\/wp\/v2\/pages\/14310","targetHints":{"allow":["GET"]}}],"collection":[{"href":"https:\/\/swisssoftware24.ch\/en\/wp-json\/wp\/v2\/pages"}],"about":[{"href":"https:\/\/swisssoftware24.ch\/en\/wp-json\/wp\/v2\/types\/page"}],"author":[{"embeddable":true,"href":"https:\/\/swisssoftware24.ch\/en\/wp-json\/wp\/v2\/users\/1"}],"replies":[{"embeddable":true,"href":"https:\/\/swisssoftware24.ch\/en\/wp-json\/wp\/v2\/comments?post=14310"}],"version-history":[{"count":0,"href":"https:\/\/swisssoftware24.ch\/en\/wp-json\/wp\/v2\/pages\/14310\/revisions"}],"wp:attachment":[{"href":"https:\/\/swisssoftware24.ch\/en\/wp-json\/wp\/v2\/media?parent=14310"}],"curies":[{"name":"wp","href":"https:\/\/api.w.org\/{rel}","templated":true}]}}