{"id":14454,"date":"2023-03-03T22:27:22","date_gmt":"2023-03-03T22:27:22","guid":{"rendered":"https:\/\/www.dev2.swisssoftware24.ch\/?page_id=14331"},"modified":"2023-03-03T22:27:22","modified_gmt":"2023-03-03T22:27:22","slug":"offene-stellen","status":"publish","type":"page","link":"https:\/\/swisssoftware24.ch\/en\/offene-stellen\/","title":{"rendered":"Vacancies"},"content":{"rendered":"<div data-elementor-type=\"wp-page\" data-elementor-id=\"14454\" class=\"elementor elementor-14454\" data-elementor-post-type=\"page\">\n\t\t\t\t\t\t<section class=\"elementor-section elementor-top-section elementor-element elementor-element-480aa51 elementor-section-boxed elementor-section-height-default elementor-section-height-default\" data-id=\"480aa51\" data-element_type=\"section\">\n\t\t\t\t\t\t<div class=\"elementor-container elementor-column-gap-default\">\n\t\t\t\t\t<div class=\"elementor-column elementor-col-100 elementor-top-column elementor-element elementor-element-432d636\" data-id=\"432d636\" data-element_type=\"column\">\n\t\t\t<div class=\"elementor-widget-wrap elementor-element-populated\">\n\t\t\t\t\t\t<div class=\"elementor-element elementor-element-2e91552 elementor-widget elementor-widget-text-editor\" data-id=\"2e91552\" data-element_type=\"widget\" data-widget_type=\"text-editor.default\">\n\t\t\t\t<div class=\"elementor-widget-container\">\n\t\t\t\t\t\t\t\t\t<p><strong>This page gives you an overview of our current vacancies and training opportunities.<\/strong><br \/><br \/>Unfortunately, we currently do not have any vacancies.<\/p>\t\t\t\t\t\t\t\t<\/div>\n\t\t\t\t<\/div>\n\t\t\t\t\t<\/div>\n\t\t<\/div>\n\t\t\t\t\t<\/div>\n\t\t<\/section>\n\t\t\t\t<\/div>","protected":false},"excerpt":{"rendered":"<p>Auf dieser Seite erhalten Sie einen \u00dcberblick \u00fcber unsere aktuellen Stellenangebote und Ausbildungsm\u00f6glichkeiten. Leider bieten wir derzeit keine offnen Stellen an.<\/p>","protected":false},"author":1,"featured_media":0,"parent":0,"menu_order":0,"comment_status":"closed","ping_status":"closed","template":"","meta":{"_seopress_robots_primary_cat":"","_seopress_titles_title":"","_seopress_titles_desc":"","_seopress_robots_index":"","footnotes":""},"class_list":["post-14454","page","type-page","status-publish","hentry"],"_links":{"self":[{"href":"https:\/\/swisssoftware24.ch\/en\/wp-json\/wp\/v2\/pages\/14454","targetHints":{"allow":["GET"]}}],"collection":[{"href":"https:\/\/swisssoftware24.ch\/en\/wp-json\/wp\/v2\/pages"}],"about":[{"href":"https:\/\/swisssoftware24.ch\/en\/wp-json\/wp\/v2\/types\/page"}],"author":[{"embeddable":true,"href":"https:\/\/swisssoftware24.ch\/en\/wp-json\/wp\/v2\/users\/1"}],"replies":[{"embeddable":true,"href":"https:\/\/swisssoftware24.ch\/en\/wp-json\/wp\/v2\/comments?post=14454"}],"version-history":[{"count":0,"href":"https:\/\/swisssoftware24.ch\/en\/wp-json\/wp\/v2\/pages\/14454\/revisions"}],"wp:attachment":[{"href":"https:\/\/swisssoftware24.ch\/en\/wp-json\/wp\/v2\/media?parent=14454"}],"curies":[{"name":"wp","href":"https:\/\/api.w.org\/{rel}","templated":true}]}}