{"id":13489,"date":"2023-08-25T15:24:49","date_gmt":"2023-08-25T13:24:49","guid":{"rendered":"https:\/\/www.swisssoftware24.ch\/?post_type=product&#038;p=13489"},"modified":"2026-04-20T21:18:04","modified_gmt":"2026-04-20T19:18:04","slug":"microsoft-365-single","status":"publish","type":"product","link":"https:\/\/swisssoftware24.ch\/en\/products\/microsoft-365-single\/","title":{"rendered":"Microsoft 365 Single"},"content":{"rendered":"<p>You will receive this product conveniently via email. The email will contain the product key, a download link, and a VAT-compliant invoice. We only sell genuine products and offer a 2-year warranty. We are also happy to assist you with installation.<\/p>\n<h2><a href=\"https:\/\/swisssoftware24.ch\/en\/products\/office-2024-standard-2-user\/\"><strong>Achtung: Als preisg\u00fcnstige Alternative bieten wir <\/strong><strong>Office 2024 Standard f\u00fcr 2 Benutzer<\/strong><strong> an. Keine J\u00e4hrliche kosten f\u00fcr nur 39.\u2013 Franken. Klicke hier!<\/strong><\/a><\/h2>\n<h2><\/h2>\n<h5><strong><img loading=\"lazy\" decoding=\"async\" class=\"aligncenter wp-image-13484 size-full\" src=\"https:\/\/swisssoftware24.ch\/wp-content\/uploads\/2023\/02\/auf_the_nutzer.jpg\" alt=\"\" width=\"1200\" height=\"100\" srcset=\"https:\/\/swisssoftware24.ch\/wp-content\/uploads\/2023\/02\/auf_the_nutzer.jpg 1200w, https:\/\/swisssoftware24.ch\/wp-content\/uploads\/2023\/02\/auf_the_nutzer-600x50.jpg 600w, https:\/\/swisssoftware24.ch\/wp-content\/uploads\/2023\/02\/auf_the_nutzer-64x5.jpg 64w, https:\/\/swisssoftware24.ch\/wp-content\/uploads\/2023\/02\/auf_the_nutzer-300x25.jpg 300w, https:\/\/swisssoftware24.ch\/wp-content\/uploads\/2023\/02\/auf_the_nutzer-1024x85.jpg 1024w, https:\/\/swisssoftware24.ch\/wp-content\/uploads\/2023\/02\/auf_the_nutzer-768x64.jpg 768w\" sizes=\"auto, (max-width: 1200px) 100vw, 1200px\" \/><\/strong><\/h5>\n<p data-sourcepos=\"3:1-3:373\">Microsoft 365 Single is the perfect solution for those seeking a powerful and flexible Office suite for personal use. With this package, you get access to the latest versions of Word, Excel, PowerPoint, and Outlook, which you can use on all your devices. Work productively, whether you're on the go, in a cafe, or at home.<\/p>\n<p data-sourcepos=\"5:1-5:230\">Enjoy the freedom to edit your documents, spreadsheets, and presentations anywhere. Thanks to cloud synchronization with OneDrive, you have access to your files anytime, anywhere, regardless of the device you're using.<\/p>\n<p data-sourcepos=\"7:1-7:289\">Microsoft 365 Single offers more than just basic Office applications. With intelligent features like autocomplete, real-time translation, and real-time collaboration, you can increase your productivity and tackle complex tasks effortlessly.<\/p>\n<p data-sourcepos=\"9:1-9:176\">Invest in your productivity with Microsoft 365 Single. It's the ideal choice for students, freelancers, and anyone who values flexibility and efficiency.<\/p>\n<p><strong>You can find more information about this product\u00a0<a href=\"https:\/\/swisssoftware24.ch\/en\/microsoft-365-single-ihr-partner-in-der-digitalen-welt\/\">here<\/a>.<\/strong><\/p>\n<h3>Microsoft 365 Single \u2013 system requirements<\/h3>\n<ul>\n<li>Operating system \u2013 Windows 10 and 11; Mac \u2013 the last three versions of macOS<\/li>\n<li>PC RAM - 4GB RAM, 2GB RAM (32-bit); Mac - 4GB RAM<\/li>\n<li>Computer with processor - 1.6 GHz or faster (dual-core); Mac - Intel processor<\/li>\n<li>PC Hard Drive - 4GB; Mac - 10GB<\/li>\n<\/ul>","protected":false},"excerpt":{"rendered":"<hr \/>\n<p>Microsoft 365 Personal is for students, students, and all other individual users. What do you gain when you choose this package? First of all, freedom and work convenience thanks to the mobile Office application. Good to know! This product is stackable. This means 1 product key equals an additional 365 days of runtime. You can use a maximum of 5 keys to extend the runtime for up to 5 years.<\/p>\n<p><strong>Licence: 1 user for 1 year<\/strong><\/p>\n<p><strong>Language Version: All languages<\/strong><\/p>\n<p><strong>SHIPPING IN 5 MINUTES VIA EMAIL<\/strong><\/p>\n<div id=\"gtx-trans\" style=\"position: absolute; left: -54px; top: 206px;\">\n<div class=\"gtx-trans-icon\"><\/div>\n<\/div>","protected":false},"featured_media":13490,"template":"","meta":{"_seopress_robots_primary_cat":"none","_seopress_titles_title":"Microsoft 365 Single | Office-Online-Apps | SwissSoftware24","_seopress_titles_desc":"Microsoft 365 Single: Nutzen Sie Office-Apps wie Word, Excel und mehr auf einem Ger\u00e4t. Perfekt f\u00fcr den pers\u00f6nlichen Gebrauch. Jetzt bei SwissSoftware24.","_seopress_robots_index":""},"product_brand":[],"product_cat":[77],"product_tag":[],"class_list":{"0":"post-13489","1":"product","2":"type-product","3":"status-publish","4":"has-post-thumbnail","6":"product_cat-office-programme","8":"first","9":"instock","10":"sale","11":"taxable","12":"shipping-taxable","13":"purchasable","14":"product-type-simple"},"_links":{"self":[{"href":"https:\/\/swisssoftware24.ch\/en\/wp-json\/wp\/v2\/product\/13489","targetHints":{"allow":["GET"]}}],"collection":[{"href":"https:\/\/swisssoftware24.ch\/en\/wp-json\/wp\/v2\/product"}],"about":[{"href":"https:\/\/swisssoftware24.ch\/en\/wp-json\/wp\/v2\/types\/product"}],"wp:featuredmedia":[{"embeddable":true,"href":"https:\/\/swisssoftware24.ch\/en\/wp-json\/wp\/v2\/media\/13490"}],"wp:attachment":[{"href":"https:\/\/swisssoftware24.ch\/en\/wp-json\/wp\/v2\/media?parent=13489"}],"wp:term":[{"taxonomy":"product_brand","embeddable":true,"href":"https:\/\/swisssoftware24.ch\/en\/wp-json\/wp\/v2\/product_brand?post=13489"},{"taxonomy":"product_cat","embeddable":true,"href":"https:\/\/swisssoftware24.ch\/en\/wp-json\/wp\/v2\/product_cat?post=13489"},{"taxonomy":"product_tag","embeddable":true,"href":"https:\/\/swisssoftware24.ch\/en\/wp-json\/wp\/v2\/product_tag?post=13489"}],"curies":[{"name":"wp","href":"https:\/\/api.w.org\/{rel}","templated":true}]}}