{"id":13573,"date":"2023-02-25T17:44:54","date_gmt":"2023-02-25T16:44:54","guid":{"rendered":"https:\/\/www.swisssoftware24.ch\/?post_type=product&#038;p=13573"},"modified":"2025-11-29T23:56:54","modified_gmt":"2025-11-29T22:56:54","slug":"kaspersky-internet-security-fur-android","status":"publish","type":"product","link":"https:\/\/swisssoftware24.ch\/en\/products\/kaspersky-internet-security-fur-android\/","title":{"rendered":"Kaspersky Internet Security for Android"},"content":{"rendered":"<p data-start=\"87\" data-end=\"539\">Kaspersky Internet Security for Android offers powerful protection against viruses, phishing, malicious links, and unwanted calls. The real-time scanning function detects threats immediately and prevents malware from infecting your device. Thanks to link verification, fraudulent websites are blocked before they can cause damage. This keeps your privacy protected while you surf the internet safely.<\/p>\n<p data-start=\"541\" data-end=\"967\">With the anti-theft function, Kaspersky provides additional protection if your smartphone is lost or stolen. You can remotely lock your device, display its location on a map, or completely delete data to secure your personal information. In addition, the software allows you to take photos with the device's camera to identify unauthorized users.<\/p>\n<p data-start=\"969\" data-end=\"1436\" data-is-last-node=\"\">The integrated firewall protects your device from unauthorized access and secures your sensitive data such as passwords or banking information from cyberattacks. Additionally, unwanted calls and messages can be blocked to protect against spam, telemarketing, and potential fraud attempts. Thanks to regular security updates, your smartphone is always protected, so you can rely on worry-free use.<\/p>\n<p data-start=\"969\" data-end=\"1436\" data-is-last-node=\"\"><strong>You can find more information about this product\u00a0<a href=\"https:\/\/swisssoftware24.ch\/en\/kaspersky-internet-security-fuer-android-umfassender-schutz-fuer-ihr-smartphone\/\">here<\/a>.<\/strong><\/p>\n<h3>Kaspersky Internet Security for Android \u2013 system requirements<\/h3>\n<ul>\n<li>A smartphone or tablet with a screen resolution of 320\u00d7480 pixels or higher<\/li>\n<li>120 MB of free memory on the device<\/li>\n<li>Operating system: Android 4.2-9.x<\/li>\n<li>Intel Atom x86 or ARMv7 platforms and higher<\/li>\n<\/ul>","protected":false},"excerpt":{"rendered":"<p>Kaspersky Internet Security for Android, as the name suggests, is designed for Android devices. It offers most of the features from the desktop version and includes additional elements such as anti-theft, link verification, and the ability to block unwanted calls and messages.<\/p>","protected":false},"featured_media":25823,"template":"","meta":{"_seopress_robots_primary_cat":"none","_seopress_titles_title":"Kaspersky Internet Security f\u00fcr Android | SwissSoftware24","_seopress_titles_desc":"Kaspersky Internet Security f\u00fcr Android bietet umfassenden Schutz vor Viren und Malware. Sch\u00fctzen Sie Ihr Smartphone jetzt bei SwissSoftware24.","_seopress_robots_index":""},"product_brand":[],"product_cat":[108,63,93],"product_tag":[],"class_list":{"0":"post-13573","1":"product","2":"type-product","3":"status-publish","4":"has-post-thumbnail","6":"product_cat-kaspersky","7":"product_cat-antivirus-security","8":"product_cat-antivirus","10":"first","11":"instock","12":"taxable","13":"shipping-taxable","14":"purchasable","15":"product-type-variable"},"_links":{"self":[{"href":"https:\/\/swisssoftware24.ch\/en\/wp-json\/wp\/v2\/product\/13573","targetHints":{"allow":["GET"]}}],"collection":[{"href":"https:\/\/swisssoftware24.ch\/en\/wp-json\/wp\/v2\/product"}],"about":[{"href":"https:\/\/swisssoftware24.ch\/en\/wp-json\/wp\/v2\/types\/product"}],"wp:featuredmedia":[{"embeddable":true,"href":"https:\/\/swisssoftware24.ch\/en\/wp-json\/wp\/v2\/media\/25823"}],"wp:attachment":[{"href":"https:\/\/swisssoftware24.ch\/en\/wp-json\/wp\/v2\/media?parent=13573"}],"wp:term":[{"taxonomy":"product_brand","embeddable":true,"href":"https:\/\/swisssoftware24.ch\/en\/wp-json\/wp\/v2\/product_brand?post=13573"},{"taxonomy":"product_cat","embeddable":true,"href":"https:\/\/swisssoftware24.ch\/en\/wp-json\/wp\/v2\/product_cat?post=13573"},{"taxonomy":"product_tag","embeddable":true,"href":"https:\/\/swisssoftware24.ch\/en\/wp-json\/wp\/v2\/product_tag?post=13573"}],"curies":[{"name":"wp","href":"https:\/\/api.w.org\/{rel}","templated":true}]}}