{"id":13584,"date":"2023-02-25T18:05:22","date_gmt":"2023-02-25T17:05:22","guid":{"rendered":"https:\/\/www.swisssoftware24.ch\/?post_type=product&#038;p=13584"},"modified":"2025-11-29T23:56:54","modified_gmt":"2025-11-29T22:56:54","slug":"kaspersky-safe-kids","status":"publish","type":"product","link":"https:\/\/swisssoftware24.ch\/en\/products\/kaspersky-safe-kids\/","title":{"rendered":"Kaspersky Safe Kids"},"content":{"rendered":"<p data-start=\"56\" data-end=\"467\">Kaspersky Safe Kids is a comprehensive parental control solution that helps parents monitor and control their children's online activities. Screen time control allows you to limit the daily use of devices and promote healthy digital habits. Parents can view detailed reports about online time and set individual usage rules.<\/p>\n<p data-start=\"469\" data-end=\"818\">With website and content filtering, Kaspersky Safe Kids protects children from inappropriate content such as violence or pornography. Parents can specify which websites and apps should be blocked or restricted. If a child tries to access a blocked page, parents receive an immediate notification.<\/p>\n<p data-start=\"820\" data-end=\"1122\">App and game control ensures that children do not spend too much time on social media or online games. Parents can limit access to specific applications and adjust rules for different age groups. This maintains the balance between entertainment and learning.<\/p>\n<p data-start=\"1124\" data-end=\"1411\" data-is-last-node=\"\" data-is-only-node=\"\">Kaspersky Safe Kids is compatible with Windows, Mac, Android, and iOS and offers a user-friendly interface for easy management. With real-time monitoring and automatic alerts, it gives parents full control over their children's digital safety.<\/p>\n<p data-start=\"1124\" data-end=\"1411\" data-is-last-node=\"\" data-is-only-node=\"\"><strong>You can find more information about this product\u00a0<a href=\"https:\/\/swisssoftware24.ch\/en\/kaspersky-safe-kids-umfassender-schutz-fuer-kinder-im-internet\/\">here<\/a>.<\/strong><\/p>\n<h3>Kaspersky Safe Kids &#8211; anforderungen<\/h3>\n<ul>\n<li>Windows: 200 MB free hard disk space;\nMicrosoft\u00ae Internet Explorer\u00ae 11 or higher;\nMicrosoft .NET Framework 4 or higher;\nMicrosoft Windows 10\/11 Home\/Pro\/Education; Microsoft Windows 8 &amp; 8.1 \/ Pro \/ Enterprise \/ 8.1-Update; Microsoft Windows 7 Starter\/Home Basic\/Home Premium\/Professional\/Ultimate \u2013 SP1 with patches KB4474419 and KB4490628 or higher;\nProcessor: 1 GHz or faster;\nRAM: 1 GB (32-bit) or 2 GB (64-bit);\nMinimum screen resolution: 1024\u00d7768;<\/li>\n<li>Mac:\n\nRAM: 2 GB;\nmacOS 10.13 or higher.<\/li>\n<li>Android:\n\nAndroid\u2122 8.0 \u2013 13.0;\nMinimum screen resolution: 320 x 480;<\/li>\n<li>iOS:\n\niOS\u00ae 12.0 or higher<\/li>\n<\/ul>","protected":false},"excerpt":{"rendered":"<p>Kaspersky Safe Kids is software designed for parents who want to monitor their children's online activity and protect them from inappropriate content. It allows control over access to websites, applications, and games.<\/p>\n<p>1 year for 1 user<\/p>","protected":false},"featured_media":25828,"template":"","meta":{"_seopress_robots_primary_cat":"none","_seopress_titles_title":"Kaspersky Safe Kids | Schutz f\u00fcr Kinder | SwissSoftware24","_seopress_titles_desc":"Kaspersky Safe Kids bietet umfassenden Schutz f\u00fcr Ihre Kinder online. \u00dcberwachen und sichern Sie die Online-Aktivit\u00e4ten jetzt bei SwissSoftware24.","_seopress_robots_index":""},"product_brand":[],"product_cat":[108,63,93],"product_tag":[],"class_list":{"0":"post-13584","1":"product","2":"type-product","3":"status-publish","4":"has-post-thumbnail","6":"product_cat-kaspersky","7":"product_cat-antivirus-security","8":"product_cat-antivirus","10":"first","11":"onbackorder","12":"taxable","13":"shipping-taxable","14":"purchasable","15":"product-type-simple"},"_links":{"self":[{"href":"https:\/\/swisssoftware24.ch\/en\/wp-json\/wp\/v2\/product\/13584","targetHints":{"allow":["GET"]}}],"collection":[{"href":"https:\/\/swisssoftware24.ch\/en\/wp-json\/wp\/v2\/product"}],"about":[{"href":"https:\/\/swisssoftware24.ch\/en\/wp-json\/wp\/v2\/types\/product"}],"wp:featuredmedia":[{"embeddable":true,"href":"https:\/\/swisssoftware24.ch\/en\/wp-json\/wp\/v2\/media\/25828"}],"wp:attachment":[{"href":"https:\/\/swisssoftware24.ch\/en\/wp-json\/wp\/v2\/media?parent=13584"}],"wp:term":[{"taxonomy":"product_brand","embeddable":true,"href":"https:\/\/swisssoftware24.ch\/en\/wp-json\/wp\/v2\/product_brand?post=13584"},{"taxonomy":"product_cat","embeddable":true,"href":"https:\/\/swisssoftware24.ch\/en\/wp-json\/wp\/v2\/product_cat?post=13584"},{"taxonomy":"product_tag","embeddable":true,"href":"https:\/\/swisssoftware24.ch\/en\/wp-json\/wp\/v2\/product_tag?post=13584"}],"curies":[{"name":"wp","href":"https:\/\/api.w.org\/{rel}","templated":true}]}}