{"id":13737,"date":"2023-02-27T20:21:16","date_gmt":"2023-02-27T20:21:16","guid":{"rendered":"https:\/\/www.swisssoftware24.ch\/?post_type=product&#038;p=13737"},"modified":"2025-11-30T00:17:24","modified_gmt":"2025-11-29T23:17:24","slug":"windows-10-pro","status":"publish","type":"product","link":"https:\/\/swisssoftware24.ch\/en\/products\/windows-10-pro\/","title":{"rendered":"Windows 10 Pro"},"content":{"rendered":"<p><img loading=\"lazy\" decoding=\"async\" class=\"alignnone wp-image-13727 size-full\" src=\"https:\/\/swisssoftware24.ch\/wp-content\/uploads\/2023\/02\/du-hast.jpg\" alt=\"\" width=\"1200\" height=\"100\" srcset=\"https:\/\/swisssoftware24.ch\/wp-content\/uploads\/2023\/02\/du-hast.jpg 1200w, https:\/\/swisssoftware24.ch\/wp-content\/uploads\/2023\/02\/du-hast-600x50.jpg 600w, https:\/\/swisssoftware24.ch\/wp-content\/uploads\/2023\/02\/du-hast-64x5.jpg 64w, https:\/\/swisssoftware24.ch\/wp-content\/uploads\/2023\/02\/du-hast-300x25.jpg 300w, https:\/\/swisssoftware24.ch\/wp-content\/uploads\/2023\/02\/du-hast-1024x85.jpg 1024w, https:\/\/swisssoftware24.ch\/wp-content\/uploads\/2023\/02\/du-hast-768x64.jpg 768w\" sizes=\"auto, (max-width: 1200px) 100vw, 1200px\" \/><\/p>\n<p data-sourcepos=\"3:1-3:368\">Windows 10 Pro is the perfect choice for those who need more performance and security. If you're looking for more than just the basic features of an operating system, Windows 10 Pro is the right choice for you. With advanced features and enhanced security, Windows 10 Pro is ideal for both professional and personal use.<\/p>\n<p data-sourcepos=\"5:1-5:411\">Windows 10 Pro offers a wide range of powerful tools for your work. With features like Hyper-V, you can create and run virtual machines. This is ideal for developers, testers, and anyone who needs flexible work environments. Additionally, Windows 10 Pro offers advanced networking features that allow you to securely connect your device to corporate networks.<\/p>\n<p data-sourcepos=\"7:1-7:311\">Security is our top priority. Windows 10 Pro offers comprehensive security features, such as BitLocker, to encrypt your data and protect it from unauthorized access. Additionally, with Windows 10 Pro, you can centrally manage your devices, optimizing your IT infrastructure.<\/p>\n<p data-sourcepos=\"9:1-9:237\">Modernize your workplace with Windows 10 Pro and increase your productivity. Discover the benefits of a powerful and secure operating system that can be customized to your individual needs.<\/p>\n<p data-sourcepos=\"9:1-9:237\"><strong>You can find more information about this product <a href=\"https:\/\/swisssoftware24.ch\/en\/windows-10-pro-alles-was-sie-wissen-muessen\/\">here<\/a>.<\/strong><\/p>\n<p><a href=\"https:\/\/www.microsoft.com\/en-us\/Useterms\/Retail\/Windows\/10\/Useterms_Retail_Windows_10_GermanGermany.htm\"><img loading=\"lazy\" decoding=\"async\" class=\"alignnone size-full wp-image-13691\" src=\"https:\/\/swisssoftware24.ch\/wp-content\/uploads\/2023\/02\/license_term-1.jpg\" alt=\"\" width=\"227\" height=\"40\" srcset=\"https:\/\/swisssoftware24.ch\/wp-content\/uploads\/2023\/02\/license_term-1.jpg 227w, https:\/\/swisssoftware24.ch\/wp-content\/uploads\/2023\/02\/license_term-1-64x11.jpg 64w\" sizes=\"auto, (max-width: 227px) 100vw, 227px\" \/><\/a><\/p>\n<h3>Windows 10 Pro \u2013 system requirements<\/h3>\n<ul>\n<li><strong>Processor:<\/strong>\u00a0From 1 GHz<\/li>\n<li><strong>Working memory<\/strong>\u00a01GB for 32-bit or 2GB for 64-bit<\/li>\n<li><strong>Hard disk space:<\/strong>\u00a016GB for 32-bit or 20GB for 64-bit<\/li>\n<li><strong>Graphic<\/strong>\u00a0DirectX 9 or higher with WDDM 1.0 driver<\/li>\n<\/ul>","protected":false},"excerpt":{"rendered":"<p><strong>ESD, All languages, Shipping in 5 minutes\u00a0<\/strong><\/p>\n<p><span style=\"font-weight: 400\">Windows 10 Pro from Microsoft is one of the most popular operating systems for corporate use. Thanks to numerous innovations, you can optimize your work and save a lot of valuable time. What features does this bestseller include?<\/span><\/p>\n<p>Download link + product key (ESD)<\/p>","protected":false},"featured_media":25409,"template":"","meta":{"_seopress_robots_primary_cat":"none","_seopress_titles_title":"Windows 10 Pro | Sicherheit und Produktivit\u00e4t | SwissSoftware24","_seopress_titles_desc":"Mit Windows 10 Pro genie\u00dfen Sie fortschrittliche Funktionen, erh\u00f6hte Sicherheit und Effizienz. Perfekt f\u00fcr Unternehmen und Power-User.","_seopress_robots_index":""},"product_brand":[],"product_cat":[86,87],"product_tag":[],"class_list":{"0":"post-13737","1":"product","2":"type-product","3":"status-publish","4":"has-post-thumbnail","6":"product_cat-windows-fur-unternehmen","7":"product_cat-windows-10","9":"first","10":"onbackorder","11":"sale","12":"taxable","13":"shipping-taxable","14":"purchasable","15":"product-type-simple"},"_links":{"self":[{"href":"https:\/\/swisssoftware24.ch\/en\/wp-json\/wp\/v2\/product\/13737","targetHints":{"allow":["GET"]}}],"collection":[{"href":"https:\/\/swisssoftware24.ch\/en\/wp-json\/wp\/v2\/product"}],"about":[{"href":"https:\/\/swisssoftware24.ch\/en\/wp-json\/wp\/v2\/types\/product"}],"wp:featuredmedia":[{"embeddable":true,"href":"https:\/\/swisssoftware24.ch\/en\/wp-json\/wp\/v2\/media\/25409"}],"wp:attachment":[{"href":"https:\/\/swisssoftware24.ch\/en\/wp-json\/wp\/v2\/media?parent=13737"}],"wp:term":[{"taxonomy":"product_brand","embeddable":true,"href":"https:\/\/swisssoftware24.ch\/en\/wp-json\/wp\/v2\/product_brand?post=13737"},{"taxonomy":"product_cat","embeddable":true,"href":"https:\/\/swisssoftware24.ch\/en\/wp-json\/wp\/v2\/product_cat?post=13737"},{"taxonomy":"product_tag","embeddable":true,"href":"https:\/\/swisssoftware24.ch\/en\/wp-json\/wp\/v2\/product_tag?post=13737"}],"curies":[{"name":"wp","href":"https:\/\/api.w.org\/{rel}","templated":true}]}}