{"id":14745,"date":"2023-03-05T00:19:23","date_gmt":"2023-03-04T23:19:23","guid":{"rendered":"https:\/\/swisssoftware24.ch\/?post_type=product&#038;p=14745"},"modified":"2025-11-29T23:56:54","modified_gmt":"2025-11-29T22:56:54","slug":"microsoft-office-home-business-2016","status":"publish","type":"product","link":"https:\/\/swisssoftware24.ch\/en\/products\/microsoft-office-home-business-2016\/","title":{"rendered":"Microsoft Office Home &amp; Business 2016"},"content":{"rendered":"<p data-sourcepos=\"1:1-1:362\">Microsoft Office Home &amp; Business 2016 is a software suite designed to meet the needs of small businesses, freelancers, and home users. It includes popular programs like Word, Excel, PowerPoint, and Outlook, which make it easy to create documents, spreadsheets, presentations, and manage emails.<\/p>\n<p data-sourcepos=\"3:1-3:248\">This Office 2016 package is intended for both personal and business use, offering tools for everyday tasks such as email communication, document creation, financial planning, and presentation design.<\/p>\n<p data-sourcepos=\"5:1-5:250\">By purchasing Office Home &amp; Business 2016, the user receives a perpetual license, meaning they don't have to pay a subscription. The software can be installed on multiple devices, making it easy to work from different locations.<\/p>\n<p data-sourcepos=\"7:1-7:265\">Microsoft Office Home &amp; Business 2016 is a solid choice for anyone looking for a reliable and user-friendly office suite. It offers a wide range of features that are of great benefit both in private and professional life.<\/p>\n<p data-sourcepos=\"7:1-7:265\"><strong>You can find more information about this product\u00a0<a href=\"https:\/\/swisssoftware24.ch\/en\/microsoft-office-home-business-2016-ihr-buero-in-einer-box\/\">here<\/a>.<\/strong><\/p>\n<h3>Microsoft Office Home &amp; Business 2016 \u2013 system requirements<\/h3>\n<ul>\n<li><strong>Operating system:<\/strong>\u00a0From Windows 7 and Windows Server 2008<\/li>\n<li><strong>Processor:<\/strong>\u00a01 GHz or faster, x86 or x64 processor with SSE2 instruction set<\/li>\n<li><strong>Working memory<\/strong>\u00a02 GB RAM<\/li>\n<li><strong>Hard disk space:<\/strong>\u00a0 3GB<\/li>\n<li><strong>Graphic<\/strong>\u00a0DirectX 10 or higher<\/li>\n<\/ul>","protected":false},"excerpt":{"rendered":"<p>Sale!<\/p>\n<p>Microsoft Office Home &amp; Business 2016 is a collection of the most popular office tools to use in companies. What can you gain by choosing this package? First of all, TIME, thanks to the optimization of the tasks performed! And besides\u2026<\/p>\n<p>After buying this product you'll get a download link + product key (ESD) for 1 PC.<\/p>","protected":false},"featured_media":14746,"template":"","meta":{"_seopress_robots_primary_cat":"none","_seopress_titles_title":"Microsoft Office Home & Business 2016 | SwissSoftware24","_seopress_titles_desc":"Microsoft Office Home & Business 2016 bietet bew\u00e4hrte Tools wie Word, Excel und Outlook f\u00fcr Zuhause und B\u00fcro. Ideal f\u00fcr Produktivit\u00e4t.","_seopress_robots_index":""},"product_brand":[],"product_cat":[71,72],"product_tag":[],"class_list":{"0":"post-14745","1":"product","2":"type-product","3":"status-publish","4":"has-post-thumbnail","6":"product_cat-office","7":"product_cat-office-2016","9":"first","10":"instock","11":"sale","12":"taxable","13":"shipping-taxable","14":"purchasable","15":"product-type-simple"},"_links":{"self":[{"href":"https:\/\/swisssoftware24.ch\/en\/wp-json\/wp\/v2\/product\/14745","targetHints":{"allow":["GET"]}}],"collection":[{"href":"https:\/\/swisssoftware24.ch\/en\/wp-json\/wp\/v2\/product"}],"about":[{"href":"https:\/\/swisssoftware24.ch\/en\/wp-json\/wp\/v2\/types\/product"}],"wp:featuredmedia":[{"embeddable":true,"href":"https:\/\/swisssoftware24.ch\/en\/wp-json\/wp\/v2\/media\/14746"}],"wp:attachment":[{"href":"https:\/\/swisssoftware24.ch\/en\/wp-json\/wp\/v2\/media?parent=14745"}],"wp:term":[{"taxonomy":"product_brand","embeddable":true,"href":"https:\/\/swisssoftware24.ch\/en\/wp-json\/wp\/v2\/product_brand?post=14745"},{"taxonomy":"product_cat","embeddable":true,"href":"https:\/\/swisssoftware24.ch\/en\/wp-json\/wp\/v2\/product_cat?post=14745"},{"taxonomy":"product_tag","embeddable":true,"href":"https:\/\/swisssoftware24.ch\/en\/wp-json\/wp\/v2\/product_tag?post=14745"}],"curies":[{"name":"wp","href":"https:\/\/api.w.org\/{rel}","templated":true}]}}