{"id":14754,"date":"2023-03-05T00:35:03","date_gmt":"2023-03-04T23:35:03","guid":{"rendered":"https:\/\/swisssoftware24.ch\/?post_type=product&#038;p=14754"},"modified":"2025-11-30T00:17:24","modified_gmt":"2025-11-29T23:17:24","slug":"microsoft-word-2021","status":"publish","type":"product","link":"https:\/\/swisssoftware24.ch\/en\/products\/microsoft-word-2021\/","title":{"rendered":"Microsoft Word 2021"},"content":{"rendered":"<p data-start=\"77\" data-end=\"602\">Microsoft Word 2021 is one of the world's leading applications for document creation and editing, designed for both personal and professional use. With a variety of formatting tools, templates, and styles, users can quickly and easily create professional documents. The software also offers seamless integration with Microsoft 365, allowing data from Excel, PowerPoint, or Outlook to be easily inserted into Word documents.<\/p>\n<p data-start=\"604\" data-end=\"1075\">A standout feature of Word 2021 is its advanced collaboration tools, which allow users to edit documents in real-time with other users. Thanks to the co-authoring feature, comments, and tracking of changes, teams can collaborate efficiently, exchange feedback, and optimize content. Additionally, cloud storage in OneDrive ensures that documents are available anytime and from any device.<\/p>\n<p data-start=\"1077\" data-end=\"1568\" data-is-last-node=\"\">Special attention has been paid to accessibility \u2013 screen readers, voice control, and an accessibility checker make Word an inclusive solution for all users. Furthermore, the software offers built-in research and referencing functions, with which citations and bibliographies can be easily managed. Microsoft Word 2021 is compatible with Windows 10, Windows 11, and macOS and can be installed on a PC or Mac.<\/p>\n<p data-start=\"1077\" data-end=\"1568\" data-is-last-node=\"\"><strong>You can find more information about this product\u00a0<a href=\"https:\/\/swisssoftware24.ch\/en\/microsoft-word-2021-die-beste-loesung-fuer-professionelle-dokumente\/\">here<\/a>.<\/strong><\/p>\n<h3>Microsoft Word 2021 \u2013 system requirements<\/h3>\n<ul>\n<li><strong>Processor:\u00a0<\/strong>Windows 11 or Windows 10 with 1.6 GHz, 2-core processor\/latest macOS<\/li>\n<li><strong>Operating system:\u00a0<\/strong>Windows 11 or Windows 10 for PC; macOS for Mac<\/li>\n<li><strong>Working memory\u00a0<\/strong>4GB (64bit), 2GB (32bit) RAM for PC; 4GB RAM for Mac<\/li>\n<li><strong>Hard disk space:\u00a0<\/strong>4GB available disk space for PC, 10GB for Mac<\/li>\n<li><strong>Graphics card\u00a0<\/strong>DirectX 10 graphics card for using graphics hardware acceleration for PC<\/li>\n<li><strong>Additional System Requirements<\/strong>Internet access and Microsoft account<\/li>\n<\/ul>","protected":false},"excerpt":{"rendered":"<p>Microsoft Word 2021 ist eine der weltweit f\u00fchrenden Anwendungen zur Dokumentenerstellung und -bearbeitung, die sowohl f\u00fcr den privaten als auch f\u00fcr den beruflichen Gebrauch entwickelt wurde. Mit einer Vielzahl an Formatierungswerkzeugen, Vorlagen und Stilen k\u00f6nnen Benutzer schnell und einfach professionelle Dokumente erstellen. Die Software bietet zudem eine nahtlose Integration mit Microsoft 365, wodurch Daten aus [&hellip;]<\/p>","protected":false},"featured_media":14755,"template":"","meta":{"_seopress_robots_primary_cat":"none","_seopress_titles_title":"Microsoft Word 2021 | SwissSoftware24","_seopress_titles_desc":"Microsoft Word 2021 bietet leistungsstarke Textverarbeitung mit neuen Funktionen f\u00fcr Ihre Produktivit\u00e4t. Ideal f\u00fcr B\u00fcro und Studium.","_seopress_robots_index":""},"product_brand":[],"product_cat":[71,96],"product_tag":[],"class_list":{"0":"post-14754","1":"product","2":"type-product","3":"status-publish","4":"has-post-thumbnail","6":"product_cat-office","7":"product_cat-einzelne-office-programme","9":"first","10":"onbackorder","11":"taxable","12":"shipping-taxable","13":"purchasable","14":"product-type-simple"},"_links":{"self":[{"href":"https:\/\/swisssoftware24.ch\/en\/wp-json\/wp\/v2\/product\/14754","targetHints":{"allow":["GET"]}}],"collection":[{"href":"https:\/\/swisssoftware24.ch\/en\/wp-json\/wp\/v2\/product"}],"about":[{"href":"https:\/\/swisssoftware24.ch\/en\/wp-json\/wp\/v2\/types\/product"}],"wp:featuredmedia":[{"embeddable":true,"href":"https:\/\/swisssoftware24.ch\/en\/wp-json\/wp\/v2\/media\/14755"}],"wp:attachment":[{"href":"https:\/\/swisssoftware24.ch\/en\/wp-json\/wp\/v2\/media?parent=14754"}],"wp:term":[{"taxonomy":"product_brand","embeddable":true,"href":"https:\/\/swisssoftware24.ch\/en\/wp-json\/wp\/v2\/product_brand?post=14754"},{"taxonomy":"product_cat","embeddable":true,"href":"https:\/\/swisssoftware24.ch\/en\/wp-json\/wp\/v2\/product_cat?post=14754"},{"taxonomy":"product_tag","embeddable":true,"href":"https:\/\/swisssoftware24.ch\/en\/wp-json\/wp\/v2\/product_tag?post=14754"}],"curies":[{"name":"wp","href":"https:\/\/api.w.org\/{rel}","templated":true}]}}