{"id":14947,"date":"2023-03-05T21:39:41","date_gmt":"2023-03-05T20:39:41","guid":{"rendered":"https:\/\/swisssoftware24.ch\/?post_type=product&#038;p=14947"},"modified":"2025-11-29T23:56:54","modified_gmt":"2025-11-29T22:56:54","slug":"mcafee-internet-security","status":"publish","type":"product","link":"https:\/\/swisssoftware24.ch\/en\/products\/mcafee-internet-security\/","title":{"rendered":"McAfee Internet Security"},"content":{"rendered":"<p><img loading=\"lazy\" decoding=\"async\" class=\"alignnone wp-image-14937 size-full\" src=\"https:\/\/swisssoftware24.ch\/wp-content\/uploads\/2023\/03\/mcafee_together.jpg\" alt=\"\" width=\"1200\" height=\"100\" srcset=\"https:\/\/swisssoftware24.ch\/wp-content\/uploads\/2023\/03\/mcafee_together.jpg 1200w, https:\/\/swisssoftware24.ch\/wp-content\/uploads\/2023\/03\/mcafee_together-600x50.jpg 600w, https:\/\/swisssoftware24.ch\/wp-content\/uploads\/2023\/03\/mcafee_together-64x5.jpg 64w, https:\/\/swisssoftware24.ch\/wp-content\/uploads\/2023\/03\/mcafee_together-300x25.jpg 300w, https:\/\/swisssoftware24.ch\/wp-content\/uploads\/2023\/03\/mcafee_together-1024x85.jpg 1024w, https:\/\/swisssoftware24.ch\/wp-content\/uploads\/2023\/03\/mcafee_together-768x64.jpg 768w\" sizes=\"auto, (max-width: 1200px) 100vw, 1200px\" \/><\/p>\n<p class=\"\" data-start=\"199\" data-end=\"601\">McAfee Internet Security offers comprehensive protection for your devices and data \u2013 ideal for families and individual users. The software protects you from viruses, malware, phishing, and other online threats, and encrypts your IP address for anonymous internet browsing. At the same time, it helps identify and fix security vulnerabilities such as weak passwords or insecure networks.<\/p>\n<p class=\"\" data-start=\"603\" data-end=\"1004\">Additional features include parental controls that restrict access to inappropriate content, as well as device tracking in case of loss or theft. The program can be used on multiple platforms such as Windows, macOS, iOS, and Android under a single license. Its ease of use and flexible configuration make it an ideal security package for home use.<\/p>\n<p class=\"\" data-start=\"1006\" data-end=\"1283\">In addition, McAfee Internet Security supports PC optimization, automatic updates, an integrated password manager, and technical support in multiple languages. It offers not only security but also convenience in the daily use of digital services.<\/p>\n<p data-start=\"1006\" data-end=\"1283\"><strong>You can find more information about this product\u00a0<a href=\"https:\/\/swisssoftware24.ch\/en\/mcafee-internet-security-intelligenter-schutz-fuer-die-digitale-welt\/\">here<\/a>.<\/strong><\/p>\n<h3>McAfee Internet Security \u2013 system requirements<\/h3>\n<ul>\n<li>Windows, Mac, Android, and iOS Operating Systems<\/li>\n<li>1 GHz or faster processor, x86 or x64 processor<\/li>\n<li>RAM 1 GB RAM<\/li>\n<li>1 - 2 GB of hard disk space<\/li>\n<li>Graphics are not applicable<\/li>\n<\/ul>","protected":false},"excerpt":{"rendered":"<p><span style=\"font-weight: 400\">McAfee Internet Security is a comprehensive internet security solution designed for users with one, three, five, or even ten devices. The price of the license depends on the quantity. Potentially dangerous websites and messages that could compromise your privacy and security are no longer your concern.<\/span><\/p>","protected":false},"featured_media":25708,"template":"","meta":{"_seopress_robots_primary_cat":"none","_seopress_titles_title":"McAfee Internet Security | Schutz online | SwissSoftware24","_seopress_titles_desc":"McAfee Internet Security: Sch\u00fctzen Sie Ihre Ger\u00e4te vor Online-Bedrohungen. Zuverl\u00e4ssiger Schutz f\u00fcr sicheres Surfen.","_seopress_robots_index":""},"product_brand":[],"product_cat":[93,63,130,110],"product_tag":[],"class_list":{"0":"post-14947","1":"product","2":"type-product","3":"status-publish","4":"has-post-thumbnail","6":"product_cat-antivirus","7":"product_cat-antivirus-security","8":"product_cat-antivirushome","9":"product_cat-mcafee","11":"first","12":"instock","13":"sale","14":"taxable","15":"shipping-taxable","16":"purchasable","17":"product-type-variable"},"_links":{"self":[{"href":"https:\/\/swisssoftware24.ch\/en\/wp-json\/wp\/v2\/product\/14947","targetHints":{"allow":["GET"]}}],"collection":[{"href":"https:\/\/swisssoftware24.ch\/en\/wp-json\/wp\/v2\/product"}],"about":[{"href":"https:\/\/swisssoftware24.ch\/en\/wp-json\/wp\/v2\/types\/product"}],"wp:featuredmedia":[{"embeddable":true,"href":"https:\/\/swisssoftware24.ch\/en\/wp-json\/wp\/v2\/media\/25708"}],"wp:attachment":[{"href":"https:\/\/swisssoftware24.ch\/en\/wp-json\/wp\/v2\/media?parent=14947"}],"wp:term":[{"taxonomy":"product_brand","embeddable":true,"href":"https:\/\/swisssoftware24.ch\/en\/wp-json\/wp\/v2\/product_brand?post=14947"},{"taxonomy":"product_cat","embeddable":true,"href":"https:\/\/swisssoftware24.ch\/en\/wp-json\/wp\/v2\/product_cat?post=14947"},{"taxonomy":"product_tag","embeddable":true,"href":"https:\/\/swisssoftware24.ch\/en\/wp-json\/wp\/v2\/product_tag?post=14947"}],"curies":[{"name":"wp","href":"https:\/\/api.w.org\/{rel}","templated":true}]}}