{"id":14952,"date":"2023-03-05T21:47:06","date_gmt":"2023-03-05T20:47:06","guid":{"rendered":"https:\/\/swisssoftware24.ch\/?post_type=product&#038;p=14952"},"modified":"2026-02-03T10:30:03","modified_gmt":"2026-02-03T09:30:03","slug":"mcafee-live-safe","status":"publish","type":"product","link":"https:\/\/swisssoftware24.ch\/en\/products\/mcafee-live-safe\/","title":{"rendered":"McAfee Live Safe"},"content":{"rendered":"<p><img loading=\"lazy\" decoding=\"async\" class=\"alignnone wp-image-14954 size-full\" src=\"https:\/\/swisssoftware24.ch\/wp-content\/uploads\/2023\/03\/mcafee_livesafe.jpg\" alt=\"\" width=\"1200\" height=\"100\" srcset=\"https:\/\/swisssoftware24.ch\/wp-content\/uploads\/2023\/03\/mcafee_livesafe.jpg 1200w, https:\/\/swisssoftware24.ch\/wp-content\/uploads\/2023\/03\/mcafee_livesafe-600x50.jpg 600w, https:\/\/swisssoftware24.ch\/wp-content\/uploads\/2023\/03\/mcafee_livesafe-64x5.jpg 64w, https:\/\/swisssoftware24.ch\/wp-content\/uploads\/2023\/03\/mcafee_livesafe-300x25.jpg 300w, https:\/\/swisssoftware24.ch\/wp-content\/uploads\/2023\/03\/mcafee_livesafe-1024x85.jpg 1024w, https:\/\/swisssoftware24.ch\/wp-content\/uploads\/2023\/03\/mcafee_livesafe-768x64.jpg 768w\" sizes=\"auto, (max-width: 1200px) 100vw, 1200px\" \/><\/p>\n<p class=\"\" data-start=\"184\" data-end=\"669\">McAfee LiveSafe offers comprehensive protection for all your devices \u2013 whether PC, smartphone, or tablet \u2013 all under a single license for unlimited devices. The software protects against viruses, malware, phishing, and hacking attacks, while also encrypting your IP address to maintain your online privacy. Thanks to integrated parental controls, you also retain control over your children's online activities at all times.<\/p>\n<p class=\"\" data-start=\"671\" data-end=\"1077\">Particularly helpful is the device tracking feature, which enables location and remote locking in case of loss or theft. Features such as Web Advisor, Password Manager, Vulnerability Scanner, and PC optimization tools make McAfee LiveSafe an ideal all-in-one security solution. It can be used on Windows, macOS, Android, and iOS alike.<\/p>\n<p class=\"\" data-start=\"1079\" data-end=\"1325\">The user interface is intuitive, multilingual, and complemented by free technical support. Automatic updates ensure that your security software is always up to date \u2013 for maximum real-time protection.<\/p>\n<p data-start=\"1079\" data-end=\"1325\"><strong>You can find more information about this product\u00a0<a href=\"https:\/\/swisssoftware24.ch\/en\/mcafee-live-safe-maximale-sicherheit-fuer-ihre-digitale-welt\/\">here<\/a>.<\/strong><\/p>\n<h3>McAfee Live Safe \u2013 system requirements<\/h3>\n<ul>\n<li>Operating system: Microsoft Windows 11, 10, 8.1 with all patches (32-bit and 64-bit). No support for Windows Enterprise.; Build 4.17.1 or higher: MacOS 10.15 and higher; Smartphones and tablets with Google Android version 9 or newer; Apple iOS 15 or newer version; ChromeOS version 102.0.5005 or higher;<\/li>\n<li>Equipment: 2 GB RAM; 1.3 GB free disk space; Processor 1 GHz Windows architecture: x64, x86. Mac architecture: x64, x86, ARM64 (Rosetta II required);<\/li>\n<li>Supported browsers: Firefox; Google Chrome; Safari (Mac and iOS); Microsoft Edge (Chromium-based);<\/li>\n<li>Internet connection required - Fast connection recommended<\/li>\n<\/ul>","protected":false},"excerpt":{"rendered":"<p><span style=\"font-weight: 400\">McAfee LiveSafe is a comprehensive security software developed by McAfee, a leading provider of cybersecurity. It provides multi-device protection, including antivirus protection, firewall protection, protection against identity theft, and password management, among other features for your computer, smartphone, and tablet.<\/span><\/p>\n<p>Download link + product key (ESD) 1 for year<\/p>","protected":false},"featured_media":25709,"template":"","meta":{"_seopress_robots_primary_cat":"none","_seopress_titles_title":"McAfee Live Safe | Rundumschutz | SwissSoftware24","_seopress_titles_desc":"McAfee Live Safe bietet umfassenden Schutz f\u00fcr alle Ihre Ger\u00e4te. Sichern Sie Ihre Daten und Privatsph\u00e4re online.","_seopress_robots_index":""},"product_brand":[],"product_cat":[110,63,93],"product_tag":[],"class_list":{"0":"post-14952","1":"product","2":"type-product","3":"status-publish","4":"has-post-thumbnail","6":"product_cat-mcafee","7":"product_cat-antivirus-security","8":"product_cat-antivirus","10":"first","11":"onbackorder","12":"sale","13":"taxable","14":"shipping-taxable","15":"purchasable","16":"product-type-simple"},"_links":{"self":[{"href":"https:\/\/swisssoftware24.ch\/en\/wp-json\/wp\/v2\/product\/14952","targetHints":{"allow":["GET"]}}],"collection":[{"href":"https:\/\/swisssoftware24.ch\/en\/wp-json\/wp\/v2\/product"}],"about":[{"href":"https:\/\/swisssoftware24.ch\/en\/wp-json\/wp\/v2\/types\/product"}],"wp:featuredmedia":[{"embeddable":true,"href":"https:\/\/swisssoftware24.ch\/en\/wp-json\/wp\/v2\/media\/25709"}],"wp:attachment":[{"href":"https:\/\/swisssoftware24.ch\/en\/wp-json\/wp\/v2\/media?parent=14952"}],"wp:term":[{"taxonomy":"product_brand","embeddable":true,"href":"https:\/\/swisssoftware24.ch\/en\/wp-json\/wp\/v2\/product_brand?post=14952"},{"taxonomy":"product_cat","embeddable":true,"href":"https:\/\/swisssoftware24.ch\/en\/wp-json\/wp\/v2\/product_cat?post=14952"},{"taxonomy":"product_tag","embeddable":true,"href":"https:\/\/swisssoftware24.ch\/en\/wp-json\/wp\/v2\/product_tag?post=14952"}],"curies":[{"name":"wp","href":"https:\/\/api.w.org\/{rel}","templated":true}]}}