{"id":14956,"date":"2023-03-05T21:55:35","date_gmt":"2023-03-05T20:55:35","guid":{"rendered":"https:\/\/swisssoftware24.ch\/?post_type=product&#038;p=14956"},"modified":"2025-11-29T23:56:54","modified_gmt":"2025-11-29T22:56:54","slug":"acronis-true-image-2021","status":"publish","type":"product","link":"https:\/\/swisssoftware24.ch\/en\/products\/acronis-true-image-2021\/","title":{"rendered":"Acronis True Image 2021"},"content":{"rendered":"<h1>Acronis True Image 2021 &#8211; wichtigste Funktionen<\/h1>\n<ul>\n<li>Erstellen von Festplattenabbildern<\/li>\n<li>Zeitplan f\u00fcr Sicherungen und Datenwiederherstellung<\/li>\n<li>Cloud-Speicher und portable Backups<\/li>\n<li>Dateisynchronisierung zwischen Ger\u00e4ten<\/li>\n<li>Passwortschutz und Verschl\u00fcsselung<\/li>\n<li>Protection against ransomware<\/li>\n<\/ul>\n<h2>Acronis True Image 2021 &#8211; ausf\u00fchrliche Produktbeschreibung<\/h2>\n<p>Es bietet zahlreiche Funktionen, die dazu beitragen, Daten vor Verlust, Systemausf\u00e4llen oder Schadsoftwareangriffen zu sch\u00fctzen. Flexible Optionen f\u00fcr die Erstellung und Wiederherstellung von Backups garantieren dem Benutzer, dass seine Daten sicher und zug\u00e4nglich sind, falls es zu Problemen wie Ger\u00e4teverlust oder einem Hackerangriff kommt.<\/p>\n<p>Acronis True Image 2021 erm\u00f6glicht die Erstellung vollst\u00e4ndiger Backups ganzer Festplatten, einschlie\u00dflich Betriebssystem, Partitionen, Dateien und Programme. Es ist auch m\u00f6glich, bestimmte Dateien und Ordner f\u00fcr Backups auszuw\u00e4hlen. F\u00fcr den Benutzerkomfort k\u00f6nnen Backups regelm\u00e4\u00dfig und automatisch erstellt werden. Dies gew\u00e4hrleistet einen kontinuierlichen Schutz der Daten. Der Zeitplan kann t\u00e4glich, w\u00f6chentlich oder monatlich eingestellt werden.<\/p>\n<p>Backups werden in der Cloud gespeichert, was eine sichere Aufbewahrung der Daten auf externen Servern erm\u00f6glicht. Dar\u00fcber hinaus k\u00f6nnen Benutzer von \u00fcberall auf ihre Backups zugreifen und diese vollst\u00e4ndig oder teilweise auf verschiedenen Ger\u00e4ten wiederherstellen.<\/p>\n<p>Mit Acronis True Image 2021 k\u00f6nnen Benutzer auch portable Backups erstellen, zum Beispiel auf externen Festplatten oder USB-Speichern. Dadurch wird der Transfer von Backups zwischen verschiedenen Ger\u00e4ten schnell und kann ohne Internetzugang erfolgen. Wenn jedoch eine Internetverbindung verf\u00fcgbar ist, k\u00f6nnen die Dateien dank Cloud-L\u00f6sungen problemlos auf mehreren Ger\u00e4ten synchronisiert werden.<\/p>\n<p>Die Backups sind verschl\u00fcsselt und durch ein Passwort gesch\u00fctzt, was die Sicherheit der gespeicherten Informationen erheblich erh\u00f6ht. Dar\u00fcber hinaus bietet Acronis True Image 2021 eine Ransomware-Schutzfunktion, die vor Angriffen durch Schadsoftware sch\u00fctzt, die den Zugriff auf Daten blockiert und ein L\u00f6segeld fordert. Das Programm \u00fcberwacht die Aktivit\u00e4t von Anwendungen und benachrichtigt den Benutzer im Falle verd\u00e4chtiger Aktivit\u00e4ten.<\/p>\n<p><a class=\"btn-desc\" href=\"https:\/\/www.acronis.com\/de-de\/personal\/computer-backup\/\" target=\"_blank\" rel=\"noopener\">Read the description on the manufacturer's website<\/a><\/p>\n<h3>Acronis True Image 2021 &#8211; anforderungen<\/h3>\n<p><strong>Operating Systems\u00a0<\/strong>Windows 10 (alle Editionen einschlie\u00dflich Updates f\u00fcr November 2019), Windows 8.1 (alle Editionen), Windows 8 (alle Editionen), Windows 7 SP1 (alle Editionen), Windows Home Server 2011;<br \/>\nmacOS Catalina 10.15, macOS Mojave 10.14, macOS High Sierra 10.13, macOS Sierra 10.12, OS X El Capitan 10.11;<br \/>\niOS 10.3 oder h\u00f6her, Android 5.0 oder h\u00f6her<\/p>","protected":false},"excerpt":{"rendered":"<p><strong>Acronis True Image 2021<\/strong> ist eine fortschrittliche Software zur Datensicherung und -wiederherstellung. Sie erm\u00f6glicht Benutzern, ihre Betriebssysteme, Anwendungen, Einstellungen, Dateien und andere wichtige Daten zu sch\u00fctzen und zu sichern.<\/p>","protected":false},"featured_media":14957,"template":"","meta":{"_seopress_robots_primary_cat":"none","_seopress_titles_title":"Acronis True Image 2021 | Sicherungsl\u00f6sung | SwissSoftware24","_seopress_titles_desc":"Acronis True Image 2021: Umfassende Datensicherung und Wiederherstellung. Sch\u00fctzen Sie Ihre Dateien einfach und sicher.","_seopress_robots_index":""},"product_brand":[],"product_cat":[63,64],"product_tag":[],"class_list":{"0":"post-14956","1":"product","2":"type-product","3":"status-publish","4":"has-post-thumbnail","6":"product_cat-antivirus-security","7":"product_cat-backup","9":"first","10":"outofstock","11":"taxable","12":"shipping-taxable","13":"product-type-variable","14":"has-default-attributes"},"_links":{"self":[{"href":"https:\/\/swisssoftware24.ch\/en\/wp-json\/wp\/v2\/product\/14956","targetHints":{"allow":["GET"]}}],"collection":[{"href":"https:\/\/swisssoftware24.ch\/en\/wp-json\/wp\/v2\/product"}],"about":[{"href":"https:\/\/swisssoftware24.ch\/en\/wp-json\/wp\/v2\/types\/product"}],"wp:featuredmedia":[{"embeddable":true,"href":"https:\/\/swisssoftware24.ch\/en\/wp-json\/wp\/v2\/media\/14957"}],"wp:attachment":[{"href":"https:\/\/swisssoftware24.ch\/en\/wp-json\/wp\/v2\/media?parent=14956"}],"wp:term":[{"taxonomy":"product_brand","embeddable":true,"href":"https:\/\/swisssoftware24.ch\/en\/wp-json\/wp\/v2\/product_brand?post=14956"},{"taxonomy":"product_cat","embeddable":true,"href":"https:\/\/swisssoftware24.ch\/en\/wp-json\/wp\/v2\/product_cat?post=14956"},{"taxonomy":"product_tag","embeddable":true,"href":"https:\/\/swisssoftware24.ch\/en\/wp-json\/wp\/v2\/product_tag?post=14956"}],"curies":[{"name":"wp","href":"https:\/\/api.w.org\/{rel}","templated":true}]}}