{"id":15092,"date":"2023-03-08T01:29:14","date_gmt":"2023-03-08T00:29:14","guid":{"rendered":"https:\/\/swisssoftware24.ch\/?post_type=product&#038;p=15092"},"modified":"2025-11-30T00:17:24","modified_gmt":"2025-11-29T23:17:24","slug":"microsoft-office-home-student-2016","status":"publish","type":"product","link":"https:\/\/swisssoftware24.ch\/en\/products\/microsoft-office-home-student-2016\/","title":{"rendered":"Microsoft Office Home &amp; Student 2016"},"content":{"rendered":"<h1>Microsoft Office Home &amp; Student 2016<\/h1>\n<p><img loading=\"lazy\" decoding=\"async\" class=\"alignnone wp-image-15094 size-full\" src=\"https:\/\/swisssoftware24.ch\/wp-content\/uploads\/2023\/03\/office-home-and-student-2016.png\" alt=\"\" width=\"1800\" height=\"200\" srcset=\"https:\/\/swisssoftware24.ch\/wp-content\/uploads\/2023\/03\/office-home-and-student-2016.png 1800w, https:\/\/swisssoftware24.ch\/wp-content\/uploads\/2023\/03\/office-home-and-student-2016-600x67.png 600w, https:\/\/swisssoftware24.ch\/wp-content\/uploads\/2023\/03\/office-home-and-student-2016-64x7.png 64w, https:\/\/swisssoftware24.ch\/wp-content\/uploads\/2023\/03\/office-home-and-student-2016-300x33.png 300w, https:\/\/swisssoftware24.ch\/wp-content\/uploads\/2023\/03\/office-home-and-student-2016-1024x114.png 1024w, https:\/\/swisssoftware24.ch\/wp-content\/uploads\/2023\/03\/office-home-and-student-2016-768x85.png 768w, https:\/\/swisssoftware24.ch\/wp-content\/uploads\/2023\/03\/office-home-and-student-2016-1536x171.png 1536w\" sizes=\"auto, (max-width: 1800px) 100vw, 1800px\" \/><\/p>\n<p data-start=\"99\" data-end=\"454\">Microsoft Office Home &amp; Student 2016 is a user-friendly office suite designed specifically for students and home users. It includes the essential applications for creating documents, spreadsheets, presentations, and notes, allowing academic and personal tasks to be completed efficiently.<\/p>\n<p data-start=\"456\" data-end=\"828\" data-is-last-node=\"\" data-is-only-node=\"\">With programs like Word, Excel, PowerPoint, and OneNote, this edition enables you to write and edit texts, manage data, create professional presentations, and organize notes. Without additional business features, it is a cost-effective and reliable solution for personal and academic use.<\/p>\n<p data-start=\"456\" data-end=\"828\" data-is-last-node=\"\" data-is-only-node=\"\"><strong>You can find more information about this product\u00a0<a href=\"https:\/\/swisssoftware24.ch\/en\/microsoft-office-home-student-2016-die-bewaehrte-office-loesung-fuer-zuhause-und-studium\/\">here<\/a>.<\/strong><\/p>\n<h3>Microsoft Office Home &amp; Student 2016 \u2013 system requirements<\/h3>\n<ul>\n<li><strong>Operating system:<\/strong>\u00a0From Windows 7 and Windows Server 2008<\/li>\n<li><strong>Processor:<\/strong>\u00a01 GHz or faster, x86 or x64 processor with SSE2 instruction set<\/li>\n<li><strong>Working memory<\/strong>\u00a02 GB RAM<\/li>\n<li><strong>Hard disk space:<\/strong>\u00a03GB<\/li>\n<li><strong>Graphic<\/strong>\u00a0DirectX 10 or higher<\/li>\n<\/ul>","protected":false},"excerpt":{"rendered":"<p>Sale!<\/p>\n<p>Microsoft Office Home &amp; Student 2016 is a collection of the most popular office tools for everyday home use.<\/p>\n<p>After buying this product you'll get a download link + product key (ESD) for 1 PC.<\/p>","protected":false},"featured_media":15093,"template":"","meta":{"_seopress_robots_primary_cat":"none","_seopress_titles_title":"Microsoft Office Home & Student 2016 | SwissSoftware24","_seopress_titles_desc":"Microsoft Office Home & Student 2016: Die ideale L\u00f6sung f\u00fcr Studenten und Heimanwender. Enth\u00e4lt Word, Excel und PowerPoint.","_seopress_robots_index":""},"product_brand":[],"product_cat":[71,72],"product_tag":[],"class_list":{"0":"post-15092","1":"product","2":"type-product","3":"status-publish","4":"has-post-thumbnail","6":"product_cat-office","7":"product_cat-office-2016","9":"first","10":"onbackorder","11":"sale","12":"taxable","13":"shipping-taxable","14":"purchasable","15":"product-type-simple"},"_links":{"self":[{"href":"https:\/\/swisssoftware24.ch\/en\/wp-json\/wp\/v2\/product\/15092","targetHints":{"allow":["GET"]}}],"collection":[{"href":"https:\/\/swisssoftware24.ch\/en\/wp-json\/wp\/v2\/product"}],"about":[{"href":"https:\/\/swisssoftware24.ch\/en\/wp-json\/wp\/v2\/types\/product"}],"wp:featuredmedia":[{"embeddable":true,"href":"https:\/\/swisssoftware24.ch\/en\/wp-json\/wp\/v2\/media\/15093"}],"wp:attachment":[{"href":"https:\/\/swisssoftware24.ch\/en\/wp-json\/wp\/v2\/media?parent=15092"}],"wp:term":[{"taxonomy":"product_brand","embeddable":true,"href":"https:\/\/swisssoftware24.ch\/en\/wp-json\/wp\/v2\/product_brand?post=15092"},{"taxonomy":"product_cat","embeddable":true,"href":"https:\/\/swisssoftware24.ch\/en\/wp-json\/wp\/v2\/product_cat?post=15092"},{"taxonomy":"product_tag","embeddable":true,"href":"https:\/\/swisssoftware24.ch\/en\/wp-json\/wp\/v2\/product_tag?post=15092"}],"curies":[{"name":"wp","href":"https:\/\/api.w.org\/{rel}","templated":true}]}}