{"id":15095,"date":"2023-03-08T01:48:38","date_gmt":"2023-03-08T00:48:38","guid":{"rendered":"https:\/\/swisssoftware24.ch\/?post_type=product&#038;p=15095"},"modified":"2025-11-29T23:56:54","modified_gmt":"2025-11-29T22:56:54","slug":"microsoft-office-home-business-2019","status":"publish","type":"product","link":"https:\/\/swisssoftware24.ch\/en\/products\/microsoft-office-home-business-2019\/","title":{"rendered":"Microsoft Office Home &amp; Business 2019"},"content":{"rendered":"<p><img loading=\"lazy\" decoding=\"async\" class=\"alignnone wp-image-15097\" src=\"https:\/\/swisssoftware24.ch\/wp-content\/uploads\/2023\/03\/zu-hause-oder-im-buero-arbeiten.jpg\" alt=\"\" width=\"1200\" height=\"100\" srcset=\"https:\/\/swisssoftware24.ch\/wp-content\/uploads\/2023\/03\/zu-hause-oder-im-buero-arbeiten.jpg 1200w, https:\/\/swisssoftware24.ch\/wp-content\/uploads\/2023\/03\/zu-hause-oder-im-buero-arbeiten-600x50.jpg 600w, https:\/\/swisssoftware24.ch\/wp-content\/uploads\/2023\/03\/zu-hause-oder-im-buero-arbeiten-64x5.jpg 64w, https:\/\/swisssoftware24.ch\/wp-content\/uploads\/2023\/03\/zu-hause-oder-im-buero-arbeiten-300x25.jpg 300w, https:\/\/swisssoftware24.ch\/wp-content\/uploads\/2023\/03\/zu-hause-oder-im-buero-arbeiten-1024x85.jpg 1024w, https:\/\/swisssoftware24.ch\/wp-content\/uploads\/2023\/03\/zu-hause-oder-im-buero-arbeiten-768x64.jpg 768w\" sizes=\"auto, (max-width: 1200px) 100vw, 1200px\" \/><\/p>\n<div id=\"tab-1\" class=\"active tab-pane\">\n<div id=\"tab-1\" class=\"active tab-pane\">\n<p data-start=\"111\" data-end=\"449\">Microsoft Office Home &amp; Business 2019 is a powerful office suite designed specifically for businesses, freelancers, and professional users. With a lifetime license, it offers unlimited access to Word, Excel, PowerPoint, Outlook, and OneNote without monthly subscription fees.<\/p>\n<p data-start=\"451\" data-end=\"926\">Thanks to new features and an improved user interface, Office 2019 enables even more efficient and comfortable use. These include the dark theme for eye-friendly work, advanced Excel formulas and charts for better data analysis, and tools for text recognition, translation, and handwriting processing. Additionally, cloud integration facilitates collaboration by allowing documents to be edited and shared in real time.<\/p>\n<p data-start=\"928\" data-end=\"1307\" data-is-last-node=\"\" data-is-only-node=\"\">With innovative features such as scalable vector graphics, 3D objects in PowerPoint, and improved accessibility options, Office 2019 contributes to increased productivity and better collaboration. Whether for reports, presentations, or spreadsheet analyses, Microsoft Office Home &amp; Business 2019 offers a professional solution for every business sector.<\/p>\n<div id=\"tab-1\" class=\"active tab-pane\">\n<div id=\"tab-1\" class=\"active tab-pane\">\n<p><strong>You can find more information about this product\u00a0<a href=\"https:\/\/swisssoftware24.ch\/en\/microsoft-office-home-business-2019-die-optimale-loesung-fuer-unternehmen-und-selbststaendige\/\">here<\/a>.<\/strong><\/p>\n<\/div>\n<\/div>\n<p><a href=\"https:\/\/www.microsoft.com\/en-us\/Useterms\/Retail\/Office\/2019HomeandBusiness\/Useterms_Retail_Office_2019HomeandBusiness_German.htm\" target=\"_blank\" rel=\"noopener\"><img loading=\"lazy\" decoding=\"async\" class=\"alignnone size-full wp-image-15099\" src=\"https:\/\/swisssoftware24.ch\/wp-content\/uploads\/2023\/03\/license_term.jpg\" alt=\"\" width=\"227\" height=\"40\" srcset=\"https:\/\/swisssoftware24.ch\/wp-content\/uploads\/2023\/03\/license_term.jpg 227w, https:\/\/swisssoftware24.ch\/wp-content\/uploads\/2023\/03\/license_term-64x11.jpg 64w\" sizes=\"auto, (max-width: 227px) 100vw, 227px\" \/><\/a><\/p>\n<h3>Microsoft Office Home &amp; Business 2019 \u2013 system requirements<\/h3>\n<ul>\n<li><strong>Operating system:<\/strong> From Windows 10 \/ Mac \u2013 the last three versions of macOS<\/li>\n<li><strong>Processor:<\/strong>\u00a0 1.6GHz or faster, dual core<\/li>\n<li><strong>Working memory<\/strong>\u00a0 4GB RAM; 2 GB RAM (32-bit) \/ Mac from 4 GB RAM<\/li>\n<li><strong>Hard disk space:<\/strong>\u00a0 4GB<\/li>\n<li><strong>Graphic<\/strong>\u00a0DirectX 9 or higher with WDDM 2.0<\/li>\n<\/ul>\n<p>&nbsp;<\/p>\n<\/div>\n<\/div>","protected":false},"excerpt":{"rendered":"<p><span style=\"font-weight: 400\">Microsoft Office Home &amp; Business 2019 is a collection of the most popular Office tools for use in businesses. What can you gain when choosing this package? Above all, TIME saved through the optimization of tasks performed! And furthermore...<\/span><\/p>\n<p>Download link + product key (ESD) for 1 PC or Mac<\/p>\n<p><strong>Shipped within 5 minutes email!<\/strong><\/p>","protected":false},"featured_media":15096,"template":"","meta":{"_seopress_robots_primary_cat":"none","_seopress_titles_title":"Microsoft Office Home & Business 2019 | SwissSoftware24","_seopress_titles_desc":"Microsoft Office Home & Business 2019: Die perfekte L\u00f6sung f\u00fcr Heim- und B\u00fcroarbeit. Enth\u00e4lt Word, Excel, PowerPoint und Outlook.","_seopress_robots_index":""},"product_brand":[],"product_cat":[71,73,76],"product_tag":[],"class_list":{"0":"post-15095","1":"product","2":"type-product","3":"status-publish","4":"has-post-thumbnail","6":"product_cat-office","7":"product_cat-office-2019","8":"product_cat-office-fur-mac","10":"first","11":"onbackorder","12":"sale","13":"taxable","14":"shipping-taxable","15":"purchasable","16":"product-type-variable","17":"has-default-attributes"},"_links":{"self":[{"href":"https:\/\/swisssoftware24.ch\/en\/wp-json\/wp\/v2\/product\/15095","targetHints":{"allow":["GET"]}}],"collection":[{"href":"https:\/\/swisssoftware24.ch\/en\/wp-json\/wp\/v2\/product"}],"about":[{"href":"https:\/\/swisssoftware24.ch\/en\/wp-json\/wp\/v2\/types\/product"}],"wp:featuredmedia":[{"embeddable":true,"href":"https:\/\/swisssoftware24.ch\/en\/wp-json\/wp\/v2\/media\/15096"}],"wp:attachment":[{"href":"https:\/\/swisssoftware24.ch\/en\/wp-json\/wp\/v2\/media?parent=15095"}],"wp:term":[{"taxonomy":"product_brand","embeddable":true,"href":"https:\/\/swisssoftware24.ch\/en\/wp-json\/wp\/v2\/product_brand?post=15095"},{"taxonomy":"product_cat","embeddable":true,"href":"https:\/\/swisssoftware24.ch\/en\/wp-json\/wp\/v2\/product_cat?post=15095"},{"taxonomy":"product_tag","embeddable":true,"href":"https:\/\/swisssoftware24.ch\/en\/wp-json\/wp\/v2\/product_tag?post=15095"}],"curies":[{"name":"wp","href":"https:\/\/api.w.org\/{rel}","templated":true}]}}