{"id":15114,"date":"2023-03-08T02:51:03","date_gmt":"2023-03-08T01:51:03","guid":{"rendered":"https:\/\/swisssoftware24.ch\/?post_type=product&#038;p=15114"},"modified":"2026-02-26T12:30:18","modified_gmt":"2026-02-26T11:30:18","slug":"microsoft-office-professional-plus-2021","status":"publish","type":"product","link":"https:\/\/swisssoftware24.ch\/en\/products\/microsoft-office-professional-plus-2021\/","title":{"rendered":"Microsoft Office Professional Plus 2021"},"content":{"rendered":"<p><img loading=\"lazy\" decoding=\"async\" class=\"alignnone wp-image-15113 size-full\" src=\"https:\/\/swisssoftware24.ch\/wp-content\/uploads\/2023\/03\/office-21.jpeg\" alt=\"\" width=\"2000\" height=\"300\" srcset=\"https:\/\/swisssoftware24.ch\/wp-content\/uploads\/2023\/03\/office-21.jpeg 2000w, https:\/\/swisssoftware24.ch\/wp-content\/uploads\/2023\/03\/office-21-600x90.jpeg 600w, https:\/\/swisssoftware24.ch\/wp-content\/uploads\/2023\/03\/office-21-64x10.jpeg 64w, https:\/\/swisssoftware24.ch\/wp-content\/uploads\/2023\/03\/office-21-300x45.jpeg 300w, https:\/\/swisssoftware24.ch\/wp-content\/uploads\/2023\/03\/office-21-1024x154.jpeg 1024w, https:\/\/swisssoftware24.ch\/wp-content\/uploads\/2023\/03\/office-21-768x115.jpeg 768w, https:\/\/swisssoftware24.ch\/wp-content\/uploads\/2023\/03\/office-21-1536x230.jpeg 1536w\" sizes=\"auto, (max-width: 2000px) 100vw, 2000px\" \/><\/p>\n<div class=\"container pb-60\">\n<div class=\"row\">\n<div class=\"col-md-12\">\n<div class=\"tab-content\">\n<div id=\"description\" class=\"tab-pane active\" role=\"tabpanel\">\n<div class=\"wrapper-desc\">\n<p class=\"\" data-start=\"0\" data-end=\"438\">Microsoft Office Professional Plus 2021 is a powerful office suite for businesses and professional users. It offers a perpetual license and includes essential programs like Word, Excel, PowerPoint, Outlook, Publisher, Access, OneNote, and Skype. Thanks to a modernized user interface, dark mode, and optimized collaboration, working with documents, spreadsheets, and presentations becomes even more efficient.<\/p>\n<p class=\"\" data-start=\"440\" data-end=\"854\">The software includes numerous improvements, such as LaTeX support in Excel, new chart types, enhanced animations in PowerPoint, and integrated translation features in Word. Cloud integration allows users to edit documents in real-time and share them easily with colleagues. Optimized performance ensures faster and smoother work.<\/p>\n<p class=\"\" data-start=\"856\" data-end=\"1310\">Office Professional Plus 2021 is the ideal solution for businesses looking to increase productivity, optimize document management, and improve team communication. No subscription fees, advanced features, and compatibility with Windows 10 and 11 make it a stable and long-term investment. With modern tools and improved integration, it enables efficient work in any business environment.<\/p>\n<p data-start=\"856\" data-end=\"1310\"><strong>You can find more information about this product\u00a0<a href=\"https:\/\/swisssoftware24.ch\/en\/microsoft-office-professional-plus-2021-komplettes-office-paket-fuer-unternehmen\/\">here<\/a>.<\/strong><\/p>\n<\/div>\n<\/div>\n<\/div>\n<\/div>\n<\/div>\n<\/div>\n<div class=\"modals\"><a href=\"https:\/\/www.microsoft.com\/en-us\/Useterms\/Retail\/Office\/OfficeProfessionalPlus2021\/Useterms_Retail_Office_OfficeProfessionalPlus2021_GermancountriesotherthanGermany.htm\"><img loading=\"lazy\" decoding=\"async\" class=\"alignnone size-full wp-image-15099\" src=\"https:\/\/swisssoftware24.ch\/wp-content\/uploads\/2023\/03\/license_term.jpg\" alt=\"\" width=\"227\" height=\"40\" srcset=\"https:\/\/swisssoftware24.ch\/wp-content\/uploads\/2023\/03\/license_term.jpg 227w, https:\/\/swisssoftware24.ch\/wp-content\/uploads\/2023\/03\/license_term-64x11.jpg 64w\" sizes=\"auto, (max-width: 227px) 100vw, 227px\" \/><\/a><\/div>\n<h3>Microsoft Office Professional Plus 2021 \u2013 system requirements<\/h3>\n<div>\n<ul>\n<li><strong>Operating system:<\/strong>\u00a0 From Windows 10<\/li>\n<li><strong>Processor:<\/strong>\u00a0 1.6GHz or faster, dual core<\/li>\n<li><strong>Working memory<\/strong>\u00a0 4GB RAM; 2GB RAM (32-bit)<\/li>\n<li><strong>Hard disk space:<\/strong>\u00a0 4GB<\/li>\n<li><strong>Graphic<\/strong>\u00a0 DirectX 9 or higher with WDDM 2.0<\/li>\n<\/ul>\n<\/div>","protected":false},"excerpt":{"rendered":"<p><span style=\"font-weight: 400;\">Thanks to Microsoft Office Professional Plus 2021 you will undoubtedly save a lot of time, as the features available within the package allow for excellent time optimization and streamlining communication and file exchange within the enterprise.<\/span><\/p>\n<p><strong>After buying this product you'll get a download link + product key (ESD) for 1 PC.<\/strong><\/p>","protected":false},"featured_media":15115,"template":"","meta":{"_seopress_robots_primary_cat":"none","_seopress_titles_title":"Microsoft Office Professional Plus 2021 | SwissSoftware24","_seopress_titles_desc":"Microsoft Office Professional Plus 2021: Die umfassende B\u00fcrol\u00f6sung mit Word, Excel, PowerPoint und mehr. Ideal f\u00fcr Unternehmen.","_seopress_robots_index":""},"product_brand":[],"product_cat":[122,71,74],"product_tag":[],"class_list":{"0":"post-15114","1":"product","2":"type-product","3":"status-publish","4":"has-post-thumbnail","6":"product_cat-office-bestseller","7":"product_cat-office","8":"product_cat-office-2021","10":"first","11":"instock","12":"sale","13":"virtual","14":"taxable","15":"purchasable","16":"product-type-simple"},"_links":{"self":[{"href":"https:\/\/swisssoftware24.ch\/en\/wp-json\/wp\/v2\/product\/15114","targetHints":{"allow":["GET"]}}],"collection":[{"href":"https:\/\/swisssoftware24.ch\/en\/wp-json\/wp\/v2\/product"}],"about":[{"href":"https:\/\/swisssoftware24.ch\/en\/wp-json\/wp\/v2\/types\/product"}],"wp:featuredmedia":[{"embeddable":true,"href":"https:\/\/swisssoftware24.ch\/en\/wp-json\/wp\/v2\/media\/15115"}],"wp:attachment":[{"href":"https:\/\/swisssoftware24.ch\/en\/wp-json\/wp\/v2\/media?parent=15114"}],"wp:term":[{"taxonomy":"product_brand","embeddable":true,"href":"https:\/\/swisssoftware24.ch\/en\/wp-json\/wp\/v2\/product_brand?post=15114"},{"taxonomy":"product_cat","embeddable":true,"href":"https:\/\/swisssoftware24.ch\/en\/wp-json\/wp\/v2\/product_cat?post=15114"},{"taxonomy":"product_tag","embeddable":true,"href":"https:\/\/swisssoftware24.ch\/en\/wp-json\/wp\/v2\/product_tag?post=15114"}],"curies":[{"name":"wp","href":"https:\/\/api.w.org\/{rel}","templated":true}]}}