{"id":15150,"date":"2023-03-09T02:55:45","date_gmt":"2023-03-09T01:55:45","guid":{"rendered":"https:\/\/swisssoftware24.ch\/?post_type=product&#038;p=15150"},"modified":"2026-02-23T01:52:19","modified_gmt":"2026-02-23T00:52:19","slug":"microsoft-powerpoint-2021","status":"publish","type":"product","link":"https:\/\/swisssoftware24.ch\/en\/products\/microsoft-powerpoint-2021\/","title":{"rendered":"Microsoft PowerPoint 2021"},"content":{"rendered":"<p class=\"\" data-start=\"212\" data-end=\"604\">Microsoft PowerPoint 2021 is a powerful presentation tool that allows content to be displayed visually appealing and professionally. Users can create and design slides, adding animations or transitions to specifically direct the audience's attention. Fonts, colors, backgrounds, and other design elements can be flexibly customized.<\/p>\n<p class=\"\" data-start=\"606\" data-end=\"1000\">The program allows the integration of multimedia content such as videos, music, and interactive elements, as well as the creation of presentation notes that are only visible to the speaker. The full-screen mode supports a clear and undisturbed display during the presentation. In addition, finished presentations can be shared online or published on websites.<\/p>\n<p class=\"\" data-start=\"1002\" data-end=\"1304\">With PowerPoint 2021, a variety of presentation types can be realized \u2013 from business and marketing content to training sessions and educational lectures. Thanks to scalable SVG graphics, even complex visualizations can be displayed sharply and without loss of quality.<\/p>\n<p data-start=\"1002\" data-end=\"1304\"><strong>You can find more information about this product\u00a0<a href=\"https:\/\/swisssoftware24.ch\/en\/microsoft-powerpoint-2021-moderne-praesentationen-einfach-erstellt\/\">here<\/a>.<\/strong><\/p>\n<h3>Microsoft PowerPoint 2021 \u2013 system requirements<\/h3>\n<ul>\n<li><strong>Processor:\u00a0<\/strong>Windows 11 or Windows 10 with 1.6 GHz, 2-core processor\/latest macOS<\/li>\n<li><strong>Operating system:\u00a0<\/strong>Windows 11 or Windows 10 for PC; macOS for Mac<\/li>\n<li><strong>Working memory\u00a0<\/strong>4GB (64bit), 2GB (32bit) RAM for PC; 4GB RAM for Mac<\/li>\n<li><strong>Hard disk space:\u00a0<\/strong>4GB available disk space for PC, 10GB for Mac<\/li>\n<li><strong>Graphics card\u00a0<\/strong>DirectX 10 graphics card for using graphics hardware acceleration for PC<\/li>\n<li><strong>Additional System Requirements<\/strong>Internet access and Microsoft account<\/li>\n<\/ul>","protected":false},"excerpt":{"rendered":"<p>Microsoft PowerPoint is the most popular program for creating multimedia presentations, available as part of the Microsoft Office suite or as a standalone product. It enables the creation and linking of slides, on which various elements such as photos, images, charts, animations, videos, music, and sounds can be used. Its key features include:<\/p>","protected":false},"featured_media":15151,"template":"","meta":{"_seopress_robots_primary_cat":"none","_seopress_titles_title":"Microsoft PowerPoint 2021 | SwissSoftware24","_seopress_titles_desc":"Microsoft PowerPoint 2021: Gestalten Sie professionelle Pr\u00e4sentationen m\u00fchelos. Perfekt f\u00fcr jeden Anlass. Kaufen Sie bei SwissSoftware24.","_seopress_robots_index":""},"product_brand":[],"product_cat":[71,74,96],"product_tag":[],"class_list":{"0":"post-15150","1":"product","2":"type-product","3":"status-publish","4":"has-post-thumbnail","6":"product_cat-office","7":"product_cat-office-2021","8":"product_cat-einzelne-office-programme","10":"first","11":"onbackorder","12":"taxable","13":"shipping-taxable","14":"purchasable","15":"product-type-simple"},"_links":{"self":[{"href":"https:\/\/swisssoftware24.ch\/en\/wp-json\/wp\/v2\/product\/15150","targetHints":{"allow":["GET"]}}],"collection":[{"href":"https:\/\/swisssoftware24.ch\/en\/wp-json\/wp\/v2\/product"}],"about":[{"href":"https:\/\/swisssoftware24.ch\/en\/wp-json\/wp\/v2\/types\/product"}],"wp:featuredmedia":[{"embeddable":true,"href":"https:\/\/swisssoftware24.ch\/en\/wp-json\/wp\/v2\/media\/15151"}],"wp:attachment":[{"href":"https:\/\/swisssoftware24.ch\/en\/wp-json\/wp\/v2\/media?parent=15150"}],"wp:term":[{"taxonomy":"product_brand","embeddable":true,"href":"https:\/\/swisssoftware24.ch\/en\/wp-json\/wp\/v2\/product_brand?post=15150"},{"taxonomy":"product_cat","embeddable":true,"href":"https:\/\/swisssoftware24.ch\/en\/wp-json\/wp\/v2\/product_cat?post=15150"},{"taxonomy":"product_tag","embeddable":true,"href":"https:\/\/swisssoftware24.ch\/en\/wp-json\/wp\/v2\/product_tag?post=15150"}],"curies":[{"name":"wp","href":"https:\/\/api.w.org\/{rel}","templated":true}]}}