{"id":15152,"date":"2023-03-09T02:58:21","date_gmt":"2023-03-09T01:58:21","guid":{"rendered":"https:\/\/swisssoftware24.ch\/?post_type=product&#038;p=15152"},"modified":"2026-01-16T18:24:44","modified_gmt":"2026-01-16T17:24:44","slug":"microsoft-access-2021","status":"publish","type":"product","link":"https:\/\/swisssoftware24.ch\/en\/products\/microsoft-access-2021\/","title":{"rendered":"Microsoft Access 2021"},"content":{"rendered":"<p class=\"\" data-start=\"189\" data-end=\"598\">Microsoft Access 2021 is a versatile database management system suitable for both individuals and businesses. It offers features for creating, managing, and analyzing databases \u2013 from simple contact lists to complex business applications. Thanks to an intuitive user interface, data can be quickly structured, queried, and visualized.<\/p>\n<p class=\"\" data-start=\"600\" data-end=\"998\">Users can create their own tables, forms, reports, and queries without needing in-depth programming knowledge. For advanced users, macros and VBA scripts are available to automate processes and implement custom functions. Integration with Excel, Word, and other Microsoft programs completes the range of features.<\/p>\n<p class=\"\" data-start=\"1000\" data-end=\"1268\">Microsoft Access also supports the import and export of data from numerous sources such as Excel, XML, PDF, or emails. With individually definable user rights, access to data is specifically controlled \u2013 ideal for secure use within a team.<\/p>\n<p data-start=\"1000\" data-end=\"1268\"><strong>You can find more information about this product\u00a0<a href=\"https:\/\/swisssoftware24.ch\/en\/microsoft-access-2021-die-vielseitige-loesung-fuer-datenbanken-und-automatisierung\/\">here<\/a>.<\/strong><\/p>\n<h3>Microsoft Access 2021 \u2013 system requirements<\/h3>\n<ul>\n<li><strong>Processor:\u00a0<\/strong>Windows 11 or Windows 10 with 1.6 GHz, 2-core processor\/latest macOS<\/li>\n<li><strong>Operating system:\u00a0<\/strong>Windows 11 or Windows 10 for PC; macOS for Mac<\/li>\n<li><strong>Working memory\u00a0<\/strong>4GB (64bit), 2GB (32bit) RAM for PC; 4GB RAM for Mac<\/li>\n<li><strong>Hard disk space:\u00a0<\/strong>4GB available disk space for PC, 10GB for Mac<\/li>\n<li><strong>Graphics card\u00a0<\/strong>DirectX 10 graphics card for using graphics hardware acceleration for PC<\/li>\n<li><strong>Additional System Requirements<\/strong>Internet access and Microsoft account<\/li>\n<\/ul>","protected":false},"excerpt":{"rendered":"<p>Microsoft Access is an application used for managing relational databases. It enables the creation, editing, and browsing of databases, while also providing tools for designing user interfaces, reports, and forms.<\/p>\n<p>The key for associating the product with the account on the manufacturer's website.<\/p>","protected":false},"featured_media":15153,"template":"","meta":{"_seopress_robots_primary_cat":"none","_seopress_titles_title":"Microsoft Access 2021: Datenbankverwaltung | SwissSoftware24","_seopress_titles_desc":"Organisieren Sie Ihre Daten effizient mit Microsoft Access 2021. Perfekte Datenbankl\u00f6sung f\u00fcr Unternehmen. Erh\u00e4ltlich bei SwissSoftware24.","_seopress_robots_index":""},"product_brand":[],"product_cat":[71,74,96],"product_tag":[],"class_list":{"0":"post-15152","1":"product","2":"type-product","3":"status-publish","4":"has-post-thumbnail","6":"product_cat-office","7":"product_cat-office-2021","8":"product_cat-einzelne-office-programme","10":"first","11":"onbackorder","12":"taxable","13":"shipping-taxable","14":"purchasable","15":"product-type-simple"},"_links":{"self":[{"href":"https:\/\/swisssoftware24.ch\/en\/wp-json\/wp\/v2\/product\/15152","targetHints":{"allow":["GET"]}}],"collection":[{"href":"https:\/\/swisssoftware24.ch\/en\/wp-json\/wp\/v2\/product"}],"about":[{"href":"https:\/\/swisssoftware24.ch\/en\/wp-json\/wp\/v2\/types\/product"}],"wp:featuredmedia":[{"embeddable":true,"href":"https:\/\/swisssoftware24.ch\/en\/wp-json\/wp\/v2\/media\/15153"}],"wp:attachment":[{"href":"https:\/\/swisssoftware24.ch\/en\/wp-json\/wp\/v2\/media?parent=15152"}],"wp:term":[{"taxonomy":"product_brand","embeddable":true,"href":"https:\/\/swisssoftware24.ch\/en\/wp-json\/wp\/v2\/product_brand?post=15152"},{"taxonomy":"product_cat","embeddable":true,"href":"https:\/\/swisssoftware24.ch\/en\/wp-json\/wp\/v2\/product_cat?post=15152"},{"taxonomy":"product_tag","embeddable":true,"href":"https:\/\/swisssoftware24.ch\/en\/wp-json\/wp\/v2\/product_tag?post=15152"}],"curies":[{"name":"wp","href":"https:\/\/api.w.org\/{rel}","templated":true}]}}