{"id":15155,"date":"2023-03-09T03:04:44","date_gmt":"2023-03-09T02:04:44","guid":{"rendered":"https:\/\/swisssoftware24.ch\/?post_type=product&#038;p=15155"},"modified":"2026-03-05T18:46:25","modified_gmt":"2026-03-05T17:46:25","slug":"microsoft-outlook-2021","status":"publish","type":"product","link":"https:\/\/swisssoftware24.ch\/en\/products\/microsoft-outlook-2021\/","title":{"rendered":"Microsoft Outlook 2021"},"content":{"rendered":"<p class=\"\" data-start=\"197\" data-end=\"565\">Microsoft Outlook 2021 is a powerful communication and organization software that goes far beyond traditional email sending. In addition to managing multiple email accounts, Outlook offers integrated calendar, task, contact, and note-taking features. This allows you to keep track of appointments, projects, and important information at all times.<\/p>\n<p class=\"\" data-start=\"567\" data-end=\"935\">The user interface is intuitively designed and allows you to efficiently share emails, files, and meetings with individuals or groups. Synchronization with smartphones and tablets ensures you stay informed on the go. Integration with other Office applications such as Word, Excel, or OneNote ensures seamless workflows.<\/p>\n<p class=\"\" data-start=\"937\" data-end=\"1203\">Outlook 2021 also enables the creation of rules, filters, and folder structures to keep inboxes organized. Contacts can be grouped, tasks prioritized, and reminders set \u2013 ideal for work, studies, or everyday private life.<\/p>\n<p data-start=\"937\" data-end=\"1203\"><strong>You can find more information about this product\u00a0<a href=\"https:\/\/swisssoftware24.ch\/en\/microsoft-outlook-2021-mehr-als-nur-e-mails\/\">here<\/a>.<\/strong><\/p>\n<h3>Microsoft Outlook 2021 \u2013 system requirements<\/h3>\n<ul>\n<li><strong>Processor:\u00a0<\/strong>Windows 11 or Windows 10 with 1.6 GHz, 2-core processor\/latest macOS<\/li>\n<li><strong>Operating system:\u00a0<\/strong>Windows 11 or Windows 10 for PC; macOS for Mac<\/li>\n<li><strong>Working memory\u00a0<\/strong>4GB (64bit), 2GB (32bit) RAM for PC; 4GB RAM for Mac<\/li>\n<li><strong>Hard disk space:\u00a0<\/strong>4GB available disk space for PC, 10GB for Mac<\/li>\n<li><strong>Graphics card\u00a0<\/strong>DirectX 10 graphics card for using graphics hardware acceleration for PC<\/li>\n<li><strong>Additional System Requirements<\/strong>Internet access and Microsoft account<\/li>\n<\/ul>","protected":false},"excerpt":{"rendered":"<p>Microsoft Outlook 2021 ist eine leistungsstarke Kommunikations- und Organisationssoftware, die weit \u00fcber den klassischen E-Mail-Versand hinausgeht. Neben dem Verwalten mehrerer E-Mail-Konten bietet Outlook integrierte Kalender-, Aufgaben-, Kontakt- und Notizfunktionen. So behalten Sie jederzeit den \u00dcberblick \u00fcber Termine, Projekte und wichtige Informationen. Die Benutzeroberfl\u00e4che ist intuitiv gestaltet und erlaubt es, E-Mails, Dateien und Besprechungen effizient mit [&hellip;]<\/p>","protected":false},"featured_media":15156,"template":"","meta":{"_seopress_robots_primary_cat":"none","_seopress_titles_title":"Microsoft Outlook 2021: E-Mails & Kalender | SwissSoftware24","_seopress_titles_desc":"Verwalten Sie E-Mails und Kalender effizient mit Microsoft Outlook 2021. Perfekt f\u00fcr gesch\u00e4ftliche Kommunikation. Jetzt bei SwissSoftware24 erh\u00e4ltlich.","_seopress_robots_index":""},"product_brand":[],"product_cat":[71,74,96],"product_tag":[],"class_list":{"0":"post-15155","1":"product","2":"type-product","3":"status-publish","4":"has-post-thumbnail","6":"product_cat-office","7":"product_cat-office-2021","8":"product_cat-einzelne-office-programme","10":"first","11":"onbackorder","12":"virtual","13":"taxable","14":"purchasable","15":"product-type-simple"},"_links":{"self":[{"href":"https:\/\/swisssoftware24.ch\/en\/wp-json\/wp\/v2\/product\/15155","targetHints":{"allow":["GET"]}}],"collection":[{"href":"https:\/\/swisssoftware24.ch\/en\/wp-json\/wp\/v2\/product"}],"about":[{"href":"https:\/\/swisssoftware24.ch\/en\/wp-json\/wp\/v2\/types\/product"}],"wp:featuredmedia":[{"embeddable":true,"href":"https:\/\/swisssoftware24.ch\/en\/wp-json\/wp\/v2\/media\/15156"}],"wp:attachment":[{"href":"https:\/\/swisssoftware24.ch\/en\/wp-json\/wp\/v2\/media?parent=15155"}],"wp:term":[{"taxonomy":"product_brand","embeddable":true,"href":"https:\/\/swisssoftware24.ch\/en\/wp-json\/wp\/v2\/product_brand?post=15155"},{"taxonomy":"product_cat","embeddable":true,"href":"https:\/\/swisssoftware24.ch\/en\/wp-json\/wp\/v2\/product_cat?post=15155"},{"taxonomy":"product_tag","embeddable":true,"href":"https:\/\/swisssoftware24.ch\/en\/wp-json\/wp\/v2\/product_tag?post=15155"}],"curies":[{"name":"wp","href":"https:\/\/api.w.org\/{rel}","templated":true}]}}