{"id":15197,"date":"2023-03-11T01:22:57","date_gmt":"2023-03-11T00:22:57","guid":{"rendered":"https:\/\/swisssoftware24.ch\/?post_type=product&#038;p=15197"},"modified":"2025-11-29T23:56:54","modified_gmt":"2025-11-29T22:56:54","slug":"microsoft-365-office-personal","status":"publish","type":"product","link":"https:\/\/swisssoftware24.ch\/en\/products\/microsoft-365-office-personal\/","title":{"rendered":"Microsoft Office 365 Personal"},"content":{"rendered":"<p><img loading=\"lazy\" decoding=\"async\" class=\"alignnone wp-image-15199 size-large\" src=\"https:\/\/swisssoftware24.ch\/wp-content\/uploads\/2023\/03\/auf-mehreren-geraeten-1024x85.jpeg\" alt=\"\" width=\"640\" height=\"53\" srcset=\"https:\/\/swisssoftware24.ch\/wp-content\/uploads\/2023\/03\/auf-mehreren-geraeten-1024x85.jpeg 1024w, https:\/\/swisssoftware24.ch\/wp-content\/uploads\/2023\/03\/auf-mehreren-geraeten-600x50.jpeg 600w, https:\/\/swisssoftware24.ch\/wp-content\/uploads\/2023\/03\/auf-mehreren-geraeten-64x5.jpeg 64w, https:\/\/swisssoftware24.ch\/wp-content\/uploads\/2023\/03\/auf-mehreren-geraeten-300x25.jpeg 300w, https:\/\/swisssoftware24.ch\/wp-content\/uploads\/2023\/03\/auf-mehreren-geraeten-768x64.jpeg 768w, https:\/\/swisssoftware24.ch\/wp-content\/uploads\/2023\/03\/auf-mehreren-geraeten.jpeg 1200w\" sizes=\"auto, (max-width: 640px) 100vw, 640px\" \/><\/p>\n<h1>Microsoft Office 365 Personal &#8211; ausf\u00fchrliche Produktbeschreibung<\/h1>\n<p>Microsoft Office 365 Personal ist perfekt f\u00fcr eine Person, die zu Hause oder in der Schule ihr Bestes geben kann.<br \/>\nInstallieren Sie Office auf Ihrem PC oder Mac und verwenden Sie Office-Apps auf Android-Smartphones, iPhones und Windows Phone-Ger\u00e4ten.<br \/>\nArbeiten Sie mit aktuellen Versionen von Word, Excel, PowerPoint, Outlook, Publisher und Access f\u00fcr Office 2019.<br \/>\n1 TB zus\u00e4tzlicher OneDrive-Online-Speicher ist enthalten.<br \/>\nW\u00e4hlen Sie Office 365 Personal und verwenden Sie die neuesten Versionen der Office-Anwendungen, die Sie kennen und sch\u00e4tzen, um Ihre Produktivit\u00e4t auf einfache Weise zu steigern &#8211; unabh\u00e4ngig davon, mit welchem \u200b\u200bGer\u00e4t Sie arbeiten.<\/p>\n<p>Alle Funktionen<\/p>\n<p>Vertraute Anwendungen, immer auf dem neuesten Stand: Laden Sie die neuesten Premium-Versionen von Word, Excel, PowerPoint, Outlook, Publisher und Access herunter.<br \/>\n1 TB wird Cloud-Speicher: Holen Sie sich 1 TB (1024 GB) OneDrive Cloud-Speicher pro Person mit Ransomware-Dateien und Dateiwiederherstellung, um Dokumente, Fotos und mehr von jedem auf sicherem zu speilichern, zu te und te f\u00fchlen.<br \/>\nOptimierte mobile Apps: Mit der f\u00fcr Mobiltelefone und Tablets optimierte Formatierung und Funktion zur Zusammenarbeit lassen sich Dokumente anzeigen, f\u00fchren und erstellen.<br \/>\nFunktioniert auf pers\u00f6nliche Rechte: auf PC, Mac, Windows-Tablet, Windows-Smartphone, iOS, Android<br \/>\nMythos Skype in Verbindung bleiben: Halten Sie Kontakt mit Ihren Freunden und der Familie rund um den Globus mit 60 Skype-Gespr\u00e4chsminuten pro Monat f\u00fcr Sitze ins Festnetz und in Mobilfunknetze.<br \/>\nMicrosoft-Support: Als Office 365-Abonnent k\u00f6nnen Sie jederzeit sofort kostenlose Hilfe von von Microsoft geschulten Experten per Telefon oder Chat erhalten.<\/p>\n<h2>Microsoft Office 365 Personal enth\u00e4lt die folgenden Programme:<\/h2>\n<ul>\n<li>Word 2019 (Texteditor)<\/li>\n<li>Excel 2019 (Tabellenkalkulation)<\/li>\n<li>PowerPoint 2019 (Pr\u00e4sentation)<\/li>\n<li>Outlook 2019 (E-Mail)<\/li>\n<li>Verlag 2019 (Ver\u00f6ffentlichungen) nur f\u00fcr PC<\/li>\n<li>Zugriff 2019 (Datenbank) nur f\u00fcr PC<\/li>\n<\/ul>\n<p><a href=\"https:\/\/www.microsoft.com\/en-us\/UseTerms\/Retail\/Microsoft365\/Microsoft365Apps\/UseTerms_Retail_Microsoft365_Microsoft365Apps_German.htm\"><img loading=\"lazy\" decoding=\"async\" class=\"alignnone size-full wp-image-15099\" src=\"https:\/\/swisssoftware24.ch\/wp-content\/uploads\/2023\/03\/license_term.jpg\" alt=\"\" width=\"227\" height=\"40\" srcset=\"https:\/\/swisssoftware24.ch\/wp-content\/uploads\/2023\/03\/license_term.jpg 227w, https:\/\/swisssoftware24.ch\/wp-content\/uploads\/2023\/03\/license_term-64x11.jpg 64w\" sizes=\"auto, (max-width: 227px) 100vw, 227px\" \/><\/a><\/p>\n<h3>Microsoft Office 365 Personal &#8211; anforderungen<\/h3>\n<ul>\n<li><strong>Operating system:<\/strong>\u00a0Windows 7 \/ Mac OS X 10.7 (Lion)<\/li>\n<li><strong>Mobiles<\/strong>\u00a0Android \/ Apple iOS \/ Windows Phone<\/li>\n<li><strong>RAM<\/strong>\u00a04 GB RAM; 2 GB RAM (32 Bit)<\/li>\n<li><strong>hard disk<\/strong>\u00a04GB<\/li>\n<li><strong>Graphic<\/strong>\u00a0DirectX 9-Grafik oder h\u00f6her mit WDDM 2.0<\/li>\n<\/ul>","protected":false},"excerpt":{"rendered":"<p>Downloadlink + Produktschl\u00fcssel (ESD) f\u00fcr 1 Jahr f\u00fcr 1 Benutzer.<\/p>\n<p>Die Dauer eines Microsoft 365-Abos kann bis zu 3 Jahre verl\u00e4ngert werden.<\/p>","protected":false},"featured_media":15198,"template":"","meta":{"_seopress_robots_primary_cat":"none","_seopress_titles_title":"Microsoft Office 365 Personal | SwissSoftware24","_seopress_titles_desc":"Microsoft Office 365 Personal: Ihre Lieblings-Office-Online-Apps immer und \u00fcberall verf\u00fcgbar. Ideal f\u00fcr den pers\u00f6nlichen Einsatz. Jetzt bei SwissSoftware24.","_seopress_robots_index":""},"product_brand":[],"product_cat":[75,71],"product_tag":[],"class_list":{"0":"post-15197","1":"product","2":"type-product","3":"status-publish","4":"has-post-thumbnail","6":"product_cat-microsoft-365","7":"product_cat-office","9":"first","10":"outofstock","11":"sale","12":"virtual","13":"taxable","14":"purchasable","15":"product-type-simple"},"_links":{"self":[{"href":"https:\/\/swisssoftware24.ch\/en\/wp-json\/wp\/v2\/product\/15197","targetHints":{"allow":["GET"]}}],"collection":[{"href":"https:\/\/swisssoftware24.ch\/en\/wp-json\/wp\/v2\/product"}],"about":[{"href":"https:\/\/swisssoftware24.ch\/en\/wp-json\/wp\/v2\/types\/product"}],"wp:featuredmedia":[{"embeddable":true,"href":"https:\/\/swisssoftware24.ch\/en\/wp-json\/wp\/v2\/media\/15198"}],"wp:attachment":[{"href":"https:\/\/swisssoftware24.ch\/en\/wp-json\/wp\/v2\/media?parent=15197"}],"wp:term":[{"taxonomy":"product_brand","embeddable":true,"href":"https:\/\/swisssoftware24.ch\/en\/wp-json\/wp\/v2\/product_brand?post=15197"},{"taxonomy":"product_cat","embeddable":true,"href":"https:\/\/swisssoftware24.ch\/en\/wp-json\/wp\/v2\/product_cat?post=15197"},{"taxonomy":"product_tag","embeddable":true,"href":"https:\/\/swisssoftware24.ch\/en\/wp-json\/wp\/v2\/product_tag?post=15197"}],"curies":[{"name":"wp","href":"https:\/\/api.w.org\/{rel}","templated":true}]}}