{"id":15200,"date":"2023-03-11T01:32:49","date_gmt":"2023-03-11T00:32:49","guid":{"rendered":"https:\/\/swisssoftware24.ch\/?post_type=product&#038;p=15200"},"modified":"2025-11-29T23:56:54","modified_gmt":"2025-11-29T22:56:54","slug":"microsoft-office-365-business-premium","status":"publish","type":"product","link":"https:\/\/swisssoftware24.ch\/en\/products\/microsoft-office-365-business-premium\/","title":{"rendered":"Microsoft Office 365 Business Premium"},"content":{"rendered":"<p><img loading=\"lazy\" decoding=\"async\" class=\"alignnone wp-image-15202 size-full\" src=\"https:\/\/swisssoftware24.ch\/wp-content\/uploads\/2023\/03\/auf_the_nutzer.jpg\" alt=\"\" width=\"1200\" height=\"100\" srcset=\"https:\/\/swisssoftware24.ch\/wp-content\/uploads\/2023\/03\/auf_the_nutzer.jpg 1200w, https:\/\/swisssoftware24.ch\/wp-content\/uploads\/2023\/03\/auf_the_nutzer-600x50.jpg 600w, https:\/\/swisssoftware24.ch\/wp-content\/uploads\/2023\/03\/auf_the_nutzer-64x5.jpg 64w, https:\/\/swisssoftware24.ch\/wp-content\/uploads\/2023\/03\/auf_the_nutzer-300x25.jpg 300w, https:\/\/swisssoftware24.ch\/wp-content\/uploads\/2023\/03\/auf_the_nutzer-1024x85.jpg 1024w, https:\/\/swisssoftware24.ch\/wp-content\/uploads\/2023\/03\/auf_the_nutzer-768x64.jpg 768w\" sizes=\"auto, (max-width: 1200px) 100vw, 1200px\" \/><\/p>\n<h1>Microsoft Office 365 Business Premium &#8211; wichtigste Funktionen<\/h1>\n<p>Erh\u00f6hen Sie Ihren Einfluss und Ihre Reichweite mit Office in der Cloud, den unverzichtbaren Tools f\u00fcr das moderne Unternehmen.<\/p>\n<ul>\n<li style=\"list-style-type: none\">\n<ul>\n<li>Email hosting with 50 GB mailbox and email addresses with your own domain<\/li>\n<li>Microsoft Teams, the central place for teamwork<\/li>\n<li>Desktopversionen der Office-Anwendungen: Outlook, Word, Excel, PowerPoint, OneNote (plus Access und Publisher nur f\u00fcr PC)<\/li>\n<li>Dateispeicherung und -freigabe mit 1 TB OneDrive-Speicher<\/li>\n<li>Eine Lizenz umfasst die vollst\u00e4ndig installierten, stets aktuellen Office-Anwendungen auf bis zu 15 Endger\u00e4ten (5 Smartphones, 5 Tablets sowie 5 PCs oder Macs) pro Nutzer.<\/li>\n<li>Telefon- und Websupport \u2013 sieben Tage die Woche rund um die Uhr<\/li>\n<\/ul>\n<\/li>\n<\/ul>\n<p><img loading=\"lazy\" decoding=\"async\" class=\"alignnone wp-image-15203 size-full\" src=\"https:\/\/swisssoftware24.ch\/wp-content\/uploads\/2023\/03\/intuitiv-wie-nie-zuvor-1.jpeg\" alt=\"\" width=\"1200\" height=\"100\" srcset=\"https:\/\/swisssoftware24.ch\/wp-content\/uploads\/2023\/03\/intuitiv-wie-nie-zuvor-1.jpeg 1200w, https:\/\/swisssoftware24.ch\/wp-content\/uploads\/2023\/03\/intuitiv-wie-nie-zuvor-1-600x50.jpeg 600w, https:\/\/swisssoftware24.ch\/wp-content\/uploads\/2023\/03\/intuitiv-wie-nie-zuvor-1-64x5.jpeg 64w, https:\/\/swisssoftware24.ch\/wp-content\/uploads\/2023\/03\/intuitiv-wie-nie-zuvor-1-300x25.jpeg 300w, https:\/\/swisssoftware24.ch\/wp-content\/uploads\/2023\/03\/intuitiv-wie-nie-zuvor-1-1024x85.jpeg 1024w, https:\/\/swisssoftware24.ch\/wp-content\/uploads\/2023\/03\/intuitiv-wie-nie-zuvor-1-768x64.jpeg 768w\" sizes=\"auto, (max-width: 1200px) 100vw, 1200px\" \/><\/p>\n<h2><strong>Microsoft Office 365 Business Premium beinhaltet folgende Programme:<\/strong><\/h2>\n<ul>\n<li>Word 2019 (Textverarbeitung)<\/li>\n<li>Excel 2019 (Tabellenkalkulation)<\/li>\n<li>PowerPoint 2019 (Pr\u00e4sentation)<\/li>\n<li>OneNote 2019 (Notizen)<\/li>\n<li>Outlook 2019 (E-Mail)<\/li>\n<li>Publisher 2019 (Publikationen)<\/li>\n<li>Access 2019 (Datenbank)<\/li>\n<li>Exchange<\/li>\n<li>MicrosoftOneDrive<\/li>\n<li>MicrosoftSharePoint<\/li>\n<li>MicrosoftTeams<\/li>\n<\/ul>\n<p><a class=\"btn-desc\" href=\"https:\/\/www.microsoft.com\/de-ch\/microsoft-365\/business\/microsoft-365-business-premium?activetab=pivot%3Aoverviewtab&amp;market=ch\" target=\"_blank\" rel=\"noopener\">Read the description on the manufacturer's website<\/a><\/p>\n<p><a href=\"https:\/\/www.microsoft.com\/en-us\/UseTerms\/Retail\/Microsoft365\/Microsoft365Apps\/UseTerms_Retail_Microsoft365_Microsoft365Apps_German.htm\"><img loading=\"lazy\" decoding=\"async\" class=\"alignnone size-full wp-image-15099\" src=\"https:\/\/swisssoftware24.ch\/wp-content\/uploads\/2023\/03\/license_term.jpg\" alt=\"\" width=\"227\" height=\"40\" srcset=\"https:\/\/swisssoftware24.ch\/wp-content\/uploads\/2023\/03\/license_term.jpg 227w, https:\/\/swisssoftware24.ch\/wp-content\/uploads\/2023\/03\/license_term-64x11.jpg 64w\" sizes=\"auto, (max-width: 227px) 100vw, 227px\" \/><\/a><\/p>\n<h3>Microsoft Office 365 Business Premium &#8211; anforderungen<\/h3>\n<ul>\n<li><strong>Operating system:<\/strong>\u00a0Ab Windows 7 \/ Mac OS X 10.7 (Lion)<\/li>\n<li><strong>Mobile<\/strong>\u00a0Android \/ Apple iOS \/ Windows Phone<\/li>\n<li><strong>Working memory<\/strong>\u00a0 4GB RAM; 2GB RAM (32-bit)<\/li>\n<li><strong>Hard disk space:<\/strong>\u00a0 4GB<\/li>\n<li><strong>Graphic<\/strong>\u00a0 DirectX 9 or higher with WDDM 2.0<\/li>\n<\/ul>","protected":false},"excerpt":{"rendered":"<p>Downloadlink + Produktschl\u00fcssel (ESD) f\u00fcr 1 Jahr f\u00fcr 1 Benutzer.<\/p>\n<p>Die Dauer eines Microsoft 365-Abos kann bis zu 3 Jahre verl\u00e4ngert werden.<\/p>","protected":false},"featured_media":15201,"template":"","meta":{"_seopress_robots_primary_cat":"none","_seopress_titles_title":"Microsoft Office 365 Business Premium | SwissSoftware24","_seopress_titles_desc":"Microsoft Office 365 Business Premium bietet umfassende Tools f\u00fcr Ihr Unternehmen. Office-Apps, E-Mail und Zusammenarbeit. Jetzt bei SwissSoftware24.","_seopress_robots_index":""},"product_brand":[],"product_cat":[75,71],"product_tag":[],"class_list":{"0":"post-15200","1":"product","2":"type-product","3":"status-publish","4":"has-post-thumbnail","6":"product_cat-microsoft-365","7":"product_cat-office","9":"first","10":"outofstock","11":"sale","12":"virtual","13":"taxable","14":"purchasable","15":"product-type-simple"},"_links":{"self":[{"href":"https:\/\/swisssoftware24.ch\/en\/wp-json\/wp\/v2\/product\/15200","targetHints":{"allow":["GET"]}}],"collection":[{"href":"https:\/\/swisssoftware24.ch\/en\/wp-json\/wp\/v2\/product"}],"about":[{"href":"https:\/\/swisssoftware24.ch\/en\/wp-json\/wp\/v2\/types\/product"}],"wp:featuredmedia":[{"embeddable":true,"href":"https:\/\/swisssoftware24.ch\/en\/wp-json\/wp\/v2\/media\/15201"}],"wp:attachment":[{"href":"https:\/\/swisssoftware24.ch\/en\/wp-json\/wp\/v2\/media?parent=15200"}],"wp:term":[{"taxonomy":"product_brand","embeddable":true,"href":"https:\/\/swisssoftware24.ch\/en\/wp-json\/wp\/v2\/product_brand?post=15200"},{"taxonomy":"product_cat","embeddable":true,"href":"https:\/\/swisssoftware24.ch\/en\/wp-json\/wp\/v2\/product_cat?post=15200"},{"taxonomy":"product_tag","embeddable":true,"href":"https:\/\/swisssoftware24.ch\/en\/wp-json\/wp\/v2\/product_tag?post=15200"}],"curies":[{"name":"wp","href":"https:\/\/api.w.org\/{rel}","templated":true}]}}