{"id":15233,"date":"2023-03-11T03:48:47","date_gmt":"2023-03-11T02:48:47","guid":{"rendered":"https:\/\/swisssoftware24.ch\/?post_type=product&#038;p=15233"},"modified":"2025-11-30T00:17:25","modified_gmt":"2025-11-29T23:17:25","slug":"project-standard-2019","status":"publish","type":"product","link":"https:\/\/swisssoftware24.ch\/en\/products\/project-standard-2019\/","title":{"rendered":"Project Standard 2019"},"content":{"rendered":"<p data-start=\"210\" data-end=\"544\">Microsoft Project Standard 2019 is the ideal solution for anyone looking to execute projects in a structured and timely manner. The software offers numerous pre-built templates, allowing you to create and adapt project plans in no time \u2013 whether for IT projects, construction ventures, or internal processes.<\/p>\n<p data-start=\"546\" data-end=\"873\">Automated planning functions and the intuitive user interface ensure a quick start. With automatic schedule calculation and clear dependencies, you always maintain control over your timelines and resources. The familiar Office-like interface minimizes training effort.<\/p>\n<p data-start=\"875\" data-end=\"1154\">Particularly noteworthy are the \"what-if\" scenarios, which help you simulate various planning scenarios. This allows you to identify bottlenecks early, develop alternatives, and achieve your project goals even more securely \u2013 all without time-consuming recalculations.<\/p>\n<p data-start=\"875\" data-end=\"1154\"><strong>You can find more information about this product\u00a0<a href=\"https:\/\/swisssoftware24.ch\/en\/microsoft-project-standard-2019-ihre-projekte-unter-kontrolle\/\">here<\/a>.<\/strong><\/p>\n<h3>Project Standard 2019 \u2013 system requirements<\/h3>\n<ul>\n<li><strong>Processor:<\/strong>\u00a01.6 gigahertz (GHz) or faster, 2-core<\/li>\n<li><strong>Operating system:<\/strong>\u00a0Windows 10, Windows Server 2019<\/li>\n<li><strong>Working memory<\/strong>\u00a04GB RAM; 2GB RAM (32-bit)<\/li>\n<li><strong>Hard disk space:<\/strong>\u00a04.0 GB available storage space<\/li>\n<li><strong>Display<\/strong>\u00a0Screen resolution of 1280 x 768<\/li>\n<li><strong>Graphic<\/strong>\u00a0DirectX 10 graphics card to accelerate graphics hardware<\/li>\n<li><strong>Additional System Requirements<\/strong>\u00a0Internet access<br \/>\nMicrosoft account<br \/>\nFor the full list of system requirements, see office.com\/systemrequirements.<\/li>\n<\/ul>","protected":false},"excerpt":{"rendered":"<p>After buying this product you'll get a download link + product key (ESD) for 1 PC.<\/p>\n<p><strong>Shipping within 24 hours via email!<\/strong><\/p>","protected":false},"featured_media":15234,"template":"","meta":{"_seopress_robots_primary_cat":"none","_seopress_titles_title":"Project Standard 2019 | Projektplanung | SwissSoftware24","_seopress_titles_desc":"Project Standard 2019 bietet grundlegende Funktionen f\u00fcr die Projektplanung. Perfekt f\u00fcr kleinere Projekte. Jetzt bei SwissSoftware24 erh\u00e4ltlich.","_seopress_robots_index":""},"product_brand":[],"product_cat":[71,96],"product_tag":[],"class_list":{"0":"post-15233","1":"product","2":"type-product","3":"status-publish","4":"has-post-thumbnail","6":"product_cat-office","7":"product_cat-einzelne-office-programme","9":"first","10":"onbackorder","11":"virtual","12":"taxable","13":"purchasable","14":"product-type-simple"},"_links":{"self":[{"href":"https:\/\/swisssoftware24.ch\/en\/wp-json\/wp\/v2\/product\/15233","targetHints":{"allow":["GET"]}}],"collection":[{"href":"https:\/\/swisssoftware24.ch\/en\/wp-json\/wp\/v2\/product"}],"about":[{"href":"https:\/\/swisssoftware24.ch\/en\/wp-json\/wp\/v2\/types\/product"}],"wp:featuredmedia":[{"embeddable":true,"href":"https:\/\/swisssoftware24.ch\/en\/wp-json\/wp\/v2\/media\/15234"}],"wp:attachment":[{"href":"https:\/\/swisssoftware24.ch\/en\/wp-json\/wp\/v2\/media?parent=15233"}],"wp:term":[{"taxonomy":"product_brand","embeddable":true,"href":"https:\/\/swisssoftware24.ch\/en\/wp-json\/wp\/v2\/product_brand?post=15233"},{"taxonomy":"product_cat","embeddable":true,"href":"https:\/\/swisssoftware24.ch\/en\/wp-json\/wp\/v2\/product_cat?post=15233"},{"taxonomy":"product_tag","embeddable":true,"href":"https:\/\/swisssoftware24.ch\/en\/wp-json\/wp\/v2\/product_tag?post=15233"}],"curies":[{"name":"wp","href":"https:\/\/api.w.org\/{rel}","templated":true}]}}