{"id":15264,"date":"2023-03-12T02:21:58","date_gmt":"2023-03-12T01:21:58","guid":{"rendered":"https:\/\/swisssoftware24.ch\/?post_type=product&#038;p=15264"},"modified":"2025-11-29T23:56:54","modified_gmt":"2025-11-29T22:56:54","slug":"norton-secure-vpn","status":"publish","type":"product","link":"https:\/\/swisssoftware24.ch\/en\/products\/norton-secure-vpn\/","title":{"rendered":"Norton SecureVPN"},"content":{"rendered":"<p data-start=\"179\" data-end=\"481\">Norton Secure VPN protects your online privacy by masking your IP address and encrypting your online activities. This tool prevents third parties from viewing your data or tracking your location \u2013 a valuable protection, especially in public Wi-Fi networks.<\/p>\n<p data-start=\"483\" data-end=\"766\">Furthermore, it offers secure access to blocked websites and content \u2013 for instance, due to geo-restrictions or limited networks. The application supports the highest encryption standards, ensuring maximum security when Browse, streaming, or working.<\/p>\n<p data-start=\"768\" data-end=\"1034\">With cross-platform support for Windows, macOS, Android, and iOS, Norton Secure VPN can be used on nearly any device. Thanks to its user-friendly interface, it's easy to operate for both beginners and advanced users.<\/p>\n<p data-start=\"768\" data-end=\"1034\"><strong>You can find more information about this product\u00a0<a href=\"https:\/\/swisssoftware24.ch\/en\/norton-secure-vpn-privatsphaere-trifft-auf-freiheit-im-netz\/\">here<\/a>.<\/strong><\/p>\n<h3>Norton Secure VPN \u2013 system requirements<\/h3>\n<ul>\n<li><strong>Operating system: <\/strong>Windows, Mac, Android, iOS<\/li>\n<\/ul>","protected":false},"excerpt":{"rendered":"<p><span style=\"font-weight: 400\">Norton Secure VPN is a complementary software tool to antivirus programs that aims to protect your privacy and enhance your online security.<\/span><\/p>\n<p>Download link + product key (ESD) for 1 year for 1 device.<\/p>","protected":false},"featured_media":15265,"template":"","meta":{"_seopress_robots_primary_cat":"none","_seopress_titles_title":"Norton Secure VPN | Datenschutz&Sicherheit | SwissSoftware24","_seopress_titles_desc":"Norton Secure VPN: Sch\u00fctzen Sie Ihre Privatsph\u00e4re online mit sicherer und verschl\u00fcsselter Verbindung. Perfekt f\u00fcr \u00f6ffentliches WLAN. Jetzt bei SwissSoftware24.","_seopress_robots_index":""},"product_brand":[],"product_cat":[109,63,93,84],"product_tag":[],"class_list":{"0":"post-15264","1":"product","2":"type-product","3":"status-publish","4":"has-post-thumbnail","6":"product_cat-norton","7":"product_cat-antivirus-security","8":"product_cat-antivirus","9":"product_cat-vpn","11":"first","12":"onbackorder","13":"taxable","14":"shipping-taxable","15":"purchasable","16":"product-type-variable"},"_links":{"self":[{"href":"https:\/\/swisssoftware24.ch\/en\/wp-json\/wp\/v2\/product\/15264","targetHints":{"allow":["GET"]}}],"collection":[{"href":"https:\/\/swisssoftware24.ch\/en\/wp-json\/wp\/v2\/product"}],"about":[{"href":"https:\/\/swisssoftware24.ch\/en\/wp-json\/wp\/v2\/types\/product"}],"wp:featuredmedia":[{"embeddable":true,"href":"https:\/\/swisssoftware24.ch\/en\/wp-json\/wp\/v2\/media\/15265"}],"wp:attachment":[{"href":"https:\/\/swisssoftware24.ch\/en\/wp-json\/wp\/v2\/media?parent=15264"}],"wp:term":[{"taxonomy":"product_brand","embeddable":true,"href":"https:\/\/swisssoftware24.ch\/en\/wp-json\/wp\/v2\/product_brand?post=15264"},{"taxonomy":"product_cat","embeddable":true,"href":"https:\/\/swisssoftware24.ch\/en\/wp-json\/wp\/v2\/product_cat?post=15264"},{"taxonomy":"product_tag","embeddable":true,"href":"https:\/\/swisssoftware24.ch\/en\/wp-json\/wp\/v2\/product_tag?post=15264"}],"curies":[{"name":"wp","href":"https:\/\/api.w.org\/{rel}","templated":true}]}}