{"id":15268,"date":"2023-03-12T02:32:54","date_gmt":"2023-03-12T01:32:54","guid":{"rendered":"https:\/\/swisssoftware24.ch\/?post_type=product&#038;p=15268"},"modified":"2026-02-24T11:49:59","modified_gmt":"2026-02-24T10:49:59","slug":"norton-antivirus-plus","status":"publish","type":"product","link":"https:\/\/swisssoftware24.ch\/en\/products\/norton-antivirus-plus\/","title":{"rendered":"Norton Antivirus Plus"},"content":{"rendered":"<p data-start=\"190\" data-end=\"468\">Norton Antivirus Plus is an effective and user-friendly security solution offering comprehensive protection against viruses, malware, and other online threats. It reliably detects and removes harmful software like Trojans, worms, ransomware, and spyware in real-time.<\/p>\n<p data-start=\"470\" data-end=\"770\">Furthermore, the program protects against phishing attempts by blocking fraudulent websites that try to steal confidential information such as passwords or payment data. An integrated firewall prevents unauthorized access to your device and secures your internet connection.<\/p>\n<p data-start=\"772\" data-end=\"1024\">Norton Antivirus Plus is resource-efficient and doesn't impact your system's performance. It's available on Windows, macOS, Android, and iOS, providing all users access to technical support \u2013 for a completely secure and stable experience.<\/p>\n<p data-start=\"772\" data-end=\"1024\"><strong>You can find more information about this product\u00a0<a href=\"https:\/\/swisssoftware24.ch\/en\/norton-antivirus-plus-einfach-sicher-surfen\/\">here<\/a>.<\/strong><\/p>\n<h3>Norton Antivirus Plus \u2013 system requirements<\/h3>\n<ul>\n<li><strong>Operating system: <\/strong>Windows, Mac, Android, iOS<\/li>\n<\/ul>","protected":false},"excerpt":{"rendered":"<p>Norton AntiVirus Plus is ideal for one PC or Mac, providing real-time protection against malware, spyware, ransomware, phishing attacks, and other online threats.<\/p>\n<p>Download link + product key (ESD) for 1 year for 1 device.<\/p>","protected":false},"featured_media":25834,"template":"","meta":{"_seopress_robots_primary_cat":"none","_seopress_titles_title":"Norton Antivirus Plus | Schutz & Sicherheit | SwissSoftware24","_seopress_titles_desc":"Norton Antivirus Plus: Umfassender Schutz vor Viren, Malware und Phishing. Sch\u00fctzen Sie Ihre Daten und Ger\u00e4te. Jetzt bei SwissSoftware24 erh\u00e4ltlich.","_seopress_robots_index":""},"product_brand":[],"product_cat":[109,63,93],"product_tag":[],"class_list":{"0":"post-15268","1":"product","2":"type-product","3":"status-publish","4":"has-post-thumbnail","6":"product_cat-norton","7":"product_cat-antivirus-security","8":"product_cat-antivirus","10":"first","11":"onbackorder","12":"virtual","13":"taxable","14":"purchasable","15":"product-type-simple"},"_links":{"self":[{"href":"https:\/\/swisssoftware24.ch\/en\/wp-json\/wp\/v2\/product\/15268","targetHints":{"allow":["GET"]}}],"collection":[{"href":"https:\/\/swisssoftware24.ch\/en\/wp-json\/wp\/v2\/product"}],"about":[{"href":"https:\/\/swisssoftware24.ch\/en\/wp-json\/wp\/v2\/types\/product"}],"wp:featuredmedia":[{"embeddable":true,"href":"https:\/\/swisssoftware24.ch\/en\/wp-json\/wp\/v2\/media\/25834"}],"wp:attachment":[{"href":"https:\/\/swisssoftware24.ch\/en\/wp-json\/wp\/v2\/media?parent=15268"}],"wp:term":[{"taxonomy":"product_brand","embeddable":true,"href":"https:\/\/swisssoftware24.ch\/en\/wp-json\/wp\/v2\/product_brand?post=15268"},{"taxonomy":"product_cat","embeddable":true,"href":"https:\/\/swisssoftware24.ch\/en\/wp-json\/wp\/v2\/product_cat?post=15268"},{"taxonomy":"product_tag","embeddable":true,"href":"https:\/\/swisssoftware24.ch\/en\/wp-json\/wp\/v2\/product_tag?post=15268"}],"curies":[{"name":"wp","href":"https:\/\/api.w.org\/{rel}","templated":true}]}}