{"id":15272,"date":"2023-03-12T02:43:04","date_gmt":"2023-03-12T01:43:04","guid":{"rendered":"https:\/\/swisssoftware24.ch\/?post_type=product&#038;p=15272"},"modified":"2026-01-27T16:05:42","modified_gmt":"2026-01-27T15:05:42","slug":"g-data-total-security-copy","status":"publish","type":"product","link":"https:\/\/swisssoftware24.ch\/en\/products\/g-data-total-security-copy\/","title":{"rendered":"G Data Internet Security"},"content":{"rendered":"<p data-start=\"364\" data-end=\"718\">G Data Internet Security is a comprehensive security solution that ensures protection while Browse, online banking, and shopping on the internet. The software safeguards your personal data from phishing, malware, and cyberattacks, and blocks suspicious websites in real time. Thanks to intelligent analyses, your privacy remains protected at all times.<\/p>\n<p data-start=\"720\" data-end=\"1006\">Parents benefit from the integrated parental control, which allows them to selectively filter internet content and limit children's online time. Additionally, email protection ensures that harmful attachments and phishing messages are automatically detected and blocked.<\/p>\n<p data-start=\"1008\" data-end=\"1305\">With a powerful antivirus engine, firewall, and continuous updates, G Data Internet Security provides modern all-around protection \u2013 without compromising system performance. The software is available for Windows and macOS and offers a high degree of user-friendliness.<\/p>\n<p><strong>You can find more information about this product\u00a0<a href=\"https:\/\/swisssoftware24.ch\/en\/g-data-internet-security-sicherheit-die-mitdenkt\/\">here<\/a>.<\/strong><\/p>\n<h3>G Data Internet Security \u2013 system requirements<\/h3>\n<ul>\n<li><strong>Operating Systems\u00a0<\/strong>Windows 10 \/ 8.1 \/ 7 (SP1); macOS 10.12 und newer, 2 GB RAM; Android 4.1 and higher; iOS 11 und higher<\/li>\n<li><strong>Working memory\u00a0<\/strong>2 GB RAM<\/li>\n<\/ul>","protected":false},"excerpt":{"rendered":"<p>G Data Internet Security is an antivirus program that utilizes a dual antivirus engine consisting of Bitdefender technology and its proprietary engine. This unique combination provides exceptional effectiveness in detecting and removing malicious software, minimizing the risk of infection<\/p>","protected":false},"featured_media":25753,"template":"","meta":{"_seopress_robots_primary_cat":"none","_seopress_titles_title":"G Data Internet Security | SwissSoftware24","_seopress_titles_desc":"Sch\u00fctzen Sie Ihre Online-Aktivit\u00e4ten mit G Data Internet Security. Umfassender Schutz vor Viren, Malware und Phishing. Jetzt erh\u00e4ltlich bei SwissSoftware24.","_seopress_robots_index":""},"product_brand":[],"product_cat":[111,63,93],"product_tag":[],"class_list":{"0":"post-15272","1":"product","2":"type-product","3":"status-publish","4":"has-post-thumbnail","6":"product_cat-g-data","7":"product_cat-antivirus-security","8":"product_cat-antivirus","10":"first","11":"onbackorder","12":"taxable","13":"shipping-taxable","14":"purchasable","15":"product-type-variable"},"_links":{"self":[{"href":"https:\/\/swisssoftware24.ch\/en\/wp-json\/wp\/v2\/product\/15272","targetHints":{"allow":["GET"]}}],"collection":[{"href":"https:\/\/swisssoftware24.ch\/en\/wp-json\/wp\/v2\/product"}],"about":[{"href":"https:\/\/swisssoftware24.ch\/en\/wp-json\/wp\/v2\/types\/product"}],"wp:featuredmedia":[{"embeddable":true,"href":"https:\/\/swisssoftware24.ch\/en\/wp-json\/wp\/v2\/media\/25753"}],"wp:attachment":[{"href":"https:\/\/swisssoftware24.ch\/en\/wp-json\/wp\/v2\/media?parent=15272"}],"wp:term":[{"taxonomy":"product_brand","embeddable":true,"href":"https:\/\/swisssoftware24.ch\/en\/wp-json\/wp\/v2\/product_brand?post=15272"},{"taxonomy":"product_cat","embeddable":true,"href":"https:\/\/swisssoftware24.ch\/en\/wp-json\/wp\/v2\/product_cat?post=15272"},{"taxonomy":"product_tag","embeddable":true,"href":"https:\/\/swisssoftware24.ch\/en\/wp-json\/wp\/v2\/product_tag?post=15272"}],"curies":[{"name":"wp","href":"https:\/\/api.w.org\/{rel}","templated":true}]}}