{"id":16973,"date":"2023-05-12T09:36:18","date_gmt":"2023-05-12T07:36:18","guid":{"rendered":"https:\/\/swisssoftware24.ch\/?post_type=product&#038;p=16973"},"modified":"2025-11-29T23:56:54","modified_gmt":"2025-11-29T22:56:54","slug":"adobe-photoshop-elements-2023","status":"publish","type":"product","link":"https:\/\/swisssoftware24.ch\/en\/products\/adobe-photoshop-elements-2023\/","title":{"rendered":"Adobe Photoshop Elements 2023"},"content":{"rendered":"<p data-start=\"79\" data-end=\"456\">Adobe Photoshop Elements 2023 offers an intuitive and powerful solution for editing photos and graphics. With new effects like the Matrix and Bokeh effects, you can create creative visual accents. The improved text editing mode allows you to adjust text directly in the preview, which significantly speeds up the design process.<\/p>\n<p data-start=\"458\" data-end=\"839\">Thanks to the optimized project organization tools, photos can be sorted, tagged, and saved faster. Cloud integration makes it easy to access projects from various devices and enables easy file sharing. Additionally, the program supports common file formats such as JPEG, PNG, RAW, and AVI, making it versatile.<\/p>\n<p data-start=\"841\" data-end=\"1270\" data-is-last-node=\"\" data-is-only-node=\"\">With the ability to work in layers, Adobe Photoshop Elements 2023 offers advanced image editing options for precise adjustments. The free basic version allows for simple photo editing, while the extended subscription version offers additional features for more demanding projects. Ideal for creative users who are looking for a user-friendly alternative to Adobe Photoshop.<\/p>\n<p data-start=\"841\" data-end=\"1270\" data-is-last-node=\"\" data-is-only-node=\"\"><strong>You can find more information about this product\u00a0<a href=\"https:\/\/swisssoftware24.ch\/en\/adobe-photoshop-elements-2023-kreative-bildbearbeitung-fuer-einsteiger-und-profis\/\">here<\/a>.<\/strong><\/p>\n<h3>Adobe Photoshop Elements 2023 \u2013 system requirements<\/h3>\n<p>Windows<\/p>\n<ul>\n<li style=\"list-style-type: none\">\n<ul>\n<li>1,6-GHz-Prozessor oder schneller mit SSE2-Unterst\u00fctzung<\/li>\n<li>Microsoft Windows 7 Service Pack 1, Windows 8 oder Windows 10 (32-Bit-Versionen werden auf 32-Bit-Systemen installiert, 64-Bit-Versionen werden auf 64-Bit-Systemen installiert)<\/li>\n<li>2 GB RAM<\/li>\n<li>5 GB verf\u00fcgbarer Festplattenspeicher (zus\u00e4tzlicher freier Speicherplatz w\u00e4hrend der Installation erforderlich)<\/li>\n<li>Anzeige mit einer Aufl\u00f6sung von 1024 x 768 (bei 100 % Skalierungsfaktor)<\/li>\n<li>Ein Anzeigetreiber, der mit Microsoft DirectX 9 oder 10 kompatibel ist<\/li>\n<li>DVD-ROM-Laufwerk (zur Installation von DVD)<\/li>\n<li>QuickTime 7-Software<\/li>\n<li>Internetverbindung f\u00fcr Produktaktivierung und Downloads<\/li>\n<\/ul>\n<\/li>\n<\/ul>\n<p>Mac OS<\/p>\n<ul>\n<li style=\"list-style-type: none\">\n<ul>\n<li>Multi-Core-64-Bit-Intel-Prozessor<\/li>\n<li>Mac OS X 10.9 oder 10.10<\/li>\n<li>2 GB RAM<\/li>\n<li>5 GB verf\u00fcgbarer Festplattenspeicher (zus\u00e4tzlicher freier Speicherplatz w\u00e4hrend der Installation erforderlich)<\/li>\n<li>Anzeige mit einer Aufl\u00f6sung von 1024 x 768 (bei 100 % Skalierungsfaktor)<\/li>\n<li>DVD-ROM-Laufwerk (zur Installation von DVD)<\/li>\n<li>QuickTime 7-Software<\/li>\n<\/ul>\n<\/li>\n<\/ul>","protected":false},"excerpt":{"rendered":"<p>ESD Vollversion<\/p>\n<p><b>Languages<\/b>: English, French, German, Italian, Czech, Dutch, Japanese, Polish, Swedish, and Spanish.<\/p>\n<p><span style=\"font-weight: 400\">Adobe Photoshop Elements is undeniably a bestseller among graphic editing and manipulation programs, offering easy creation and modification of images. It provides a plethora of tools for retouching, color correction, removal of unwanted elements, special effects, and more. This enables users to achieve a professional look in their projects without the need for advanced technical knowledge.<\/span><\/p>\n<p><strong>SHIPPING IN 5 MINUTES VIA EMAIL<\/strong><\/p>","protected":false},"featured_media":25687,"template":"","meta":{"_seopress_robots_primary_cat":"none","_seopress_titles_title":"Adobe Photoshop Elements 2023 | SwissSoftware24","_seopress_titles_desc":"Bearbeiten Sie Fotos m\u00fchelos mit Adobe Photoshop Elements 2023. Kreative Tools und einfache Bedienung f\u00fcr Einsteiger. Jetzt bei SwissSoftware24 erh\u00e4ltlich.","_seopress_robots_index":""},"product_brand":[],"product_cat":[82,83,91,97],"product_tag":[],"class_list":{"0":"post-16973","1":"product","2":"type-product","3":"status-publish","4":"has-post-thumbnail","6":"product_cat-video-grafik","7":"product_cat-video-grafik-andere","8":"product_cat-adobe","9":"product_cat-grafik-design","11":"first","12":"outofstock","13":"taxable","14":"shipping-taxable","15":"purchasable","16":"product-type-simple"},"_links":{"self":[{"href":"https:\/\/swisssoftware24.ch\/en\/wp-json\/wp\/v2\/product\/16973","targetHints":{"allow":["GET"]}}],"collection":[{"href":"https:\/\/swisssoftware24.ch\/en\/wp-json\/wp\/v2\/product"}],"about":[{"href":"https:\/\/swisssoftware24.ch\/en\/wp-json\/wp\/v2\/types\/product"}],"wp:featuredmedia":[{"embeddable":true,"href":"https:\/\/swisssoftware24.ch\/en\/wp-json\/wp\/v2\/media\/25687"}],"wp:attachment":[{"href":"https:\/\/swisssoftware24.ch\/en\/wp-json\/wp\/v2\/media?parent=16973"}],"wp:term":[{"taxonomy":"product_brand","embeddable":true,"href":"https:\/\/swisssoftware24.ch\/en\/wp-json\/wp\/v2\/product_brand?post=16973"},{"taxonomy":"product_cat","embeddable":true,"href":"https:\/\/swisssoftware24.ch\/en\/wp-json\/wp\/v2\/product_cat?post=16973"},{"taxonomy":"product_tag","embeddable":true,"href":"https:\/\/swisssoftware24.ch\/en\/wp-json\/wp\/v2\/product_tag?post=16973"}],"curies":[{"name":"wp","href":"https:\/\/api.w.org\/{rel}","templated":true}]}}