{"id":17860,"date":"2023-07-04T07:15:11","date_gmt":"2023-07-04T05:15:11","guid":{"rendered":"https:\/\/swisssoftware24.ch\/?post_type=product&#038;p=17860"},"modified":"2025-11-29T23:56:54","modified_gmt":"2025-11-29T22:56:54","slug":"abelssoft-antibrowserspy","status":"publish","type":"product","link":"https:\/\/swisssoftware24.ch\/en\/products\/abelssoft-antibrowserspy\/","title":{"rendered":"Abelssoft AntiBrowserSpy"},"content":{"rendered":"<h1>Abelssoft AntiBrowserSpy \u2013 key features<\/h1>\n<ol>\n<li class=\"translation-block\">Das L\u00f6schen von Cookies sowie ein automatisches L\u00f6schen des Browserverlaufs beim Schlie\u00dfen des Browsers, um <strong>gegen Tracking zu sichern<\/strong>.<\/li>\n<li class=\"translation-block\"><strong>Schutz der Online-Privatsph\u00e4re<\/strong> durch Blockieren von Browser-Tracking.<\/li>\n<li class=\"translation-block\">Entfernen von Tracking-Daten und Unterbinden der Datensammlung durch Werbenetzwerke, um <strong>gegen Tracking zu sichern<\/strong>.<\/li>\n<li>Restoration of a backup copy of browser settings.<\/li>\n<\/ol>\n<h2>Abelssoft AntiBrowserSpy \u2013 detailed description<\/h2>\n<p class=\"translation-block\"><strong>Abelssoft AntiBrowserSpy<\/strong> gewinnt die Anerkennung vieler Nutzer durch seine effektiven Ma\u00dfnahmen, die vor den verschiedensten Online-Bedrohungen sch\u00fctzen. Es erleichtert das Entfernen von Cookies und Browserverl\u00e4ufen aus einer Vielzahl von Webbrowsern, automatisch nach deren Schlie\u00dfung.<\/p>\n<p>The tool makes it extremely difficult for third parties to decipher your online identity by continuously adjusting your digital footprints. Additionally, it blocks ads that may collect user information, thus simplifying <strong>Online privacy protection<\/strong> and avoiding tracking by websites and advertisements.<\/p>\n<p class=\"translation-block\">Unterst\u00fctzung f\u00fcr die meisten g\u00e4ngigen Webbrowser wie Google Chrome, Mozilla Firefox, Microsoft Edge und Safari ist gegeben, mit speziell auf jeden Browser abgestimmten Funktionen. Dies erm\u00f6glicht Ihnen, ein und dasselbe Tool zum <strong>Schutz Ihrer Privatsph\u00e4re<\/strong> \u00fcber verschiedene Browser hinweg zu verwenden.<\/p>\n<p class=\"translation-block\">Automatische Updates gew\u00e4hrleisten, dass Sie stets auf dem neuesten Stand der Software sind. <strong>Abelssoft AntiBrowserSpy<\/strong> schaltet Funktionen ab, die das \u00dcbermitteln von Informationen an Herstellerserver verursachen k\u00f6nnten, und sch\u00fctzt somit vor dem Verkauf pers\u00f6nlicher Daten an gro\u00dfe Konzerne.<\/p>\n<h3>Abelssoft AntiBrowserSpy \u2013 compatible operating systems<\/h3>\n<p>Windows\u00a011, Windows\u00a010, Windows\u00a08.1, Windows\u00a08, Windows\u00a07<\/p>","protected":false},"excerpt":{"rendered":"<p class=\"translation-block\">Sch\u00fctzen Sie Ihre Online-Privatsph\u00e4re mit <strong>Abelssoft AntiBrowserSpy<\/strong>, einem umfassenden Anti-Spyware-Tool, das speziell entwickelt wurde, um Spyware zu erkennen, zu entfernen und vor zuk\u00fcnftigen Bedrohungen zu sch\u00fctzen. Durch das effektive Blockieren von Online-Tracking sorgt es daf\u00fcr, dass Ihre Online-Aktivit\u00e4ten sicher sind, indem es verhindert, dass Sie verfolgt werden.<\/p>\n<p class=\"translation-block\">Mit dem Erwerb dieses Produkts sichern Sie sich eine lebenslange Lizenz in Form eines elektronischen Schl\u00fcssels, der es einem Benutzer erlaubt, dieses leistungsstarke Tool zum <strong>Schutz der Online-Privatsph\u00e4re<\/strong> zu nutzen. Die Software, die f\u00fcr Windows-Betriebssysteme entwickelt wurde, spricht durch ihre Mehrsprachigkeit eine breite Nutzerbasis an.<\/p>\n<p><strong>SHIPPING IN 5 MINUTES VIA EMAIL<\/strong><\/p>","protected":false},"featured_media":25545,"template":"","meta":{"_seopress_robots_primary_cat":"none","_seopress_titles_title":"Abelssoft AntiBrowserSpy | Datenschutz online | SwissSoftware24","_seopress_titles_desc":"Abelssoft AntiBrowserSpy: Sch\u00fctzen Sie sich vor Online-Tracking und Spionage. Sicher und einfach zu bedienen. Jetzt bei SwissSoftware24 erh\u00e4ltlich.","_seopress_robots_index":""},"product_brand":[],"product_cat":[93,63],"product_tag":[],"class_list":{"0":"post-17860","1":"product","2":"type-product","3":"status-publish","4":"has-post-thumbnail","6":"product_cat-antivirus","7":"product_cat-antivirus-security","9":"first","10":"outofstock","11":"virtual","12":"taxable","13":"purchasable","14":"product-type-simple"},"_links":{"self":[{"href":"https:\/\/swisssoftware24.ch\/en\/wp-json\/wp\/v2\/product\/17860","targetHints":{"allow":["GET"]}}],"collection":[{"href":"https:\/\/swisssoftware24.ch\/en\/wp-json\/wp\/v2\/product"}],"about":[{"href":"https:\/\/swisssoftware24.ch\/en\/wp-json\/wp\/v2\/types\/product"}],"wp:featuredmedia":[{"embeddable":true,"href":"https:\/\/swisssoftware24.ch\/en\/wp-json\/wp\/v2\/media\/25545"}],"wp:attachment":[{"href":"https:\/\/swisssoftware24.ch\/en\/wp-json\/wp\/v2\/media?parent=17860"}],"wp:term":[{"taxonomy":"product_brand","embeddable":true,"href":"https:\/\/swisssoftware24.ch\/en\/wp-json\/wp\/v2\/product_brand?post=17860"},{"taxonomy":"product_cat","embeddable":true,"href":"https:\/\/swisssoftware24.ch\/en\/wp-json\/wp\/v2\/product_cat?post=17860"},{"taxonomy":"product_tag","embeddable":true,"href":"https:\/\/swisssoftware24.ch\/en\/wp-json\/wp\/v2\/product_tag?post=17860"}],"curies":[{"name":"wp","href":"https:\/\/api.w.org\/{rel}","templated":true}]}}