{"id":17862,"date":"2023-07-04T07:20:27","date_gmt":"2023-07-04T05:20:27","guid":{"rendered":"https:\/\/swisssoftware24.ch\/?post_type=product&#038;p=17862"},"modified":"2025-11-29T23:56:54","modified_gmt":"2025-11-29T22:56:54","slug":"abelssoft-antiransomware","status":"publish","type":"product","link":"https:\/\/swisssoftware24.ch\/en\/products\/abelssoft-antiransomware\/","title":{"rendered":"Abelssoft AntiRansomware"},"content":{"rendered":"<h1>Abelssoft AntiRansomware \u2013 key features<\/h1>\n<ol>\n<li class=\"translation-block\"><strong>Pr\u00e4ventive Sicherheitsma\u00dfnahmen<\/strong> gegen Dateiverschl\u00fcsselung durch Echtzeitschutz.<\/li>\n<li>Blocking of suspicious processes and applications for proactive defense.<\/li>\n<li class=\"translation-block\">Automatische Sicherung von Dateien zur <strong>Wiederherstellung nach einem Ransomware-Angriff<\/strong>.<\/li>\n<li>Advanced analysis and customizable scans for comprehensive security.<\/li>\n<\/ol>\n<h2>Abelssoft AntiRansomware \u2013 detailed description<\/h2>\n<p><strong>Abelssoft AntiRansomware<\/strong> uses advanced technologies to defend your system against a wide range of ransomware types, which may try to compromise your system through sophisticated encryption methods or via phishing and spamming. This program ensures that your digital security remains at the highest level without causing conflicts with existing antivirus solutions.<\/p>\n<p>In the event of a threat, the tool immediately blocks suspicious processes and provides real-time protection by monitoring the system and swiftly intervening if malicious activities are suspected. It even allows for safe system recovery in a protected state.<\/p>\n<p>With a user-friendly interface and the ability to customize protection areas, <strong>Abelssoft AntiRansomware<\/strong> offers a tailored solution that effectively protects your valuable documents, photos, and videos.<\/p>\n<h3>Abelssoft AntiRansomware \u2013 compatible operating systems<\/h3>\n<p>Windows\u00a011, Windows\u00a010, Windows\u00a08.1, Windows\u00a08, Windows\u00a07<\/p>","protected":false},"excerpt":{"rendered":"<div class=\"flex-shrink-0 flex flex-col relative items-end\">\n<div>\n<div class=\"pt-0.5\">\n<div class=\"gizmo-shadow-stroke flex h-6 w-6 items-center justify-center overflow-hidden rounded-full\">\n<div class=\"h-6 w-6\"><\/div>\n<\/div>\n<\/div>\n<\/div>\n<\/div>\n<div class=\"relative flex w-full flex-col agent-turn\">\n<div class=\"font-semibold select-none translation-block\"><strong>Abelssoft AntiRansomware<\/strong> bietet einen robusten <strong>Schutz vor Ransomware<\/strong>, sch\u00fctzt Ihre Dateien vor Verschl\u00fcsselung und blockiert b\u00f6sartige Angriffe, die den Zugriff auf Ihre Daten sperren und L\u00f6segeld fordern.<\/div>\n<div class=\"flex-col gap-1 md:gap-3\">\n<div class=\"flex flex-grow flex-col max-w-full\">\n<div class=\"min-h-[20px] text-message flex flex-col items-start gap-3 whitespace-pre-wrap break-words [.text-message+&amp;]:mt-5 overflow-x-auto\" data-message-author-role=\"assistant\" data-message-id=\"5f8f96e5-1d3b-4563-a32b-bc433ede0290\">\n<div class=\"markdown prose w-full break-words dark:prose-invert dark\">\n<p>By purchasing this product, you secure a lifetime license in the form of an electronic key, allowing the use of this powerful protection tool on a Windows operating system. The software is multilingual to ensure a broad user reach.<\/p>\n<\/div>\n<\/div>\n<\/div>\n<\/div>\n<\/div>\n<p><strong>SHIPPING IN 5 MINUTES VIA EMAIL<\/strong><\/p>","protected":false},"featured_media":25546,"template":"","meta":{"_seopress_robots_primary_cat":"none","_seopress_titles_title":"Abelssoft AntiRansomware | Schutz | SwissSoftware24","_seopress_titles_desc":"Abelssoft AntiRansomware sch\u00fctzt Ihren PC vor Erpressungssoftware. Erkennen und verhindern Sie Angriffe. Jetzt erh\u00e4ltlich bei SwissSoftware24.","_seopress_robots_index":""},"product_brand":[],"product_cat":[63,93],"product_tag":[],"class_list":{"0":"post-17862","1":"product","2":"type-product","3":"status-publish","4":"has-post-thumbnail","6":"product_cat-antivirus-security","7":"product_cat-antivirus","9":"first","10":"outofstock","11":"virtual","12":"taxable","13":"purchasable","14":"product-type-simple"},"_links":{"self":[{"href":"https:\/\/swisssoftware24.ch\/en\/wp-json\/wp\/v2\/product\/17862","targetHints":{"allow":["GET"]}}],"collection":[{"href":"https:\/\/swisssoftware24.ch\/en\/wp-json\/wp\/v2\/product"}],"about":[{"href":"https:\/\/swisssoftware24.ch\/en\/wp-json\/wp\/v2\/types\/product"}],"wp:featuredmedia":[{"embeddable":true,"href":"https:\/\/swisssoftware24.ch\/en\/wp-json\/wp\/v2\/media\/25546"}],"wp:attachment":[{"href":"https:\/\/swisssoftware24.ch\/en\/wp-json\/wp\/v2\/media?parent=17862"}],"wp:term":[{"taxonomy":"product_brand","embeddable":true,"href":"https:\/\/swisssoftware24.ch\/en\/wp-json\/wp\/v2\/product_brand?post=17862"},{"taxonomy":"product_cat","embeddable":true,"href":"https:\/\/swisssoftware24.ch\/en\/wp-json\/wp\/v2\/product_cat?post=17862"},{"taxonomy":"product_tag","embeddable":true,"href":"https:\/\/swisssoftware24.ch\/en\/wp-json\/wp\/v2\/product_tag?post=17862"}],"curies":[{"name":"wp","href":"https:\/\/api.w.org\/{rel}","templated":true}]}}