{"id":17871,"date":"2023-07-04T07:33:31","date_gmt":"2023-07-04T05:33:31","guid":{"rendered":"https:\/\/swisssoftware24.ch\/?post_type=product&#038;p=17871"},"modified":"2025-11-29T23:56:54","modified_gmt":"2025-11-29T22:56:54","slug":"abelssoft-easy-pdf","status":"publish","type":"product","link":"https:\/\/swisssoftware24.ch\/en\/products\/abelssoft-easy-pdf\/","title":{"rendered":"Abelssoft Easy PDF"},"content":{"rendered":"<p class=\"\" data-start=\"109\" data-end=\"460\">Abelssoft Easy PDF is a user-friendly software for comprehensive PDF file management. It allows you to convert PDFs to formats like Word, Excel, HTML, TXT, and JPG, and vice versa \u2013 ideal for flexible data exchange. With just a few clicks, content can be conveniently converted without losing formatting.<\/p>\n<p class=\"\" data-start=\"462\" data-end=\"825\">Thanks to integrated password protection, PDF documents can be effectively protected from unauthorized access. Additionally, the program offers a variety of editing functions: texts, images, fonts, and colors can be adjusted and personalized directly in the PDF. Merging or splitting files is also quick and intuitive.<\/p>\n<p class=\"\" data-start=\"827\" data-end=\"1206\">Abelssoft Easy PDF supports nine languages, which facilitates international use. The software is perfect for professional users who regularly work with PDFs and impresses with cloud connectivity and the ability to insert digital signatures. This way, you always maintain full control over your documents \u2013 simply, securely, and efficiently.<\/p>\n<p data-start=\"827\" data-end=\"1206\"><strong>You can find more information about this product\u00a0<a href=\"https:\/\/swisssoftware24.ch\/en\/abelssoft-easy-pdf-ihr-vielseitiges-pdf-werkzeug-fuer-alltag-und-beruf\/\">here<\/a>.<\/strong><\/p>\n<h3>Abelssoft Easy PDF \u2013 compatible operating systems<\/h3>\n<p>Windows 11, Windows 10, Windows 8.1, Windows 8, Windows 7<\/p>","protected":false},"excerpt":{"rendered":"<p><strong>Abelssoft Easy PDF<\/strong> is your comprehensive solution for all PDF-related needs, from conversion to merging, splitting, and protecting your documents. With a license activated through an electronic key, this software provides extensive features for effectively editing and securing your PDF documents on Windows operating systems for one year.<\/p>\n<p><strong>\u00a0<\/strong><\/p>","protected":false},"featured_media":25550,"template":"","meta":{"_seopress_robots_primary_cat":"none","_seopress_titles_title":"Abelssoft Easy PDF | PDFs bearbeiten | SwissSoftware24","_seopress_titles_desc":"Abelssoft Easy PDF: Erstellen, bearbeiten und konvertieren Sie PDFs m\u00fchelos. Ideal f\u00fcr Ihre Dokumentenverwaltung. Jetzt bei SwissSoftware24 erh\u00e4ltlich.","_seopress_robots_index":""},"product_brand":[],"product_cat":[65,95],"product_tag":[],"class_list":{"0":"post-17871","1":"product","2":"type-product","3":"status-publish","4":"has-post-thumbnail","6":"product_cat-fur-unternehmen","7":"product_cat-buro-software","9":"first","10":"outofstock","11":"virtual","12":"taxable","13":"purchasable","14":"product-type-simple"},"_links":{"self":[{"href":"https:\/\/swisssoftware24.ch\/en\/wp-json\/wp\/v2\/product\/17871","targetHints":{"allow":["GET"]}}],"collection":[{"href":"https:\/\/swisssoftware24.ch\/en\/wp-json\/wp\/v2\/product"}],"about":[{"href":"https:\/\/swisssoftware24.ch\/en\/wp-json\/wp\/v2\/types\/product"}],"wp:featuredmedia":[{"embeddable":true,"href":"https:\/\/swisssoftware24.ch\/en\/wp-json\/wp\/v2\/media\/25550"}],"wp:attachment":[{"href":"https:\/\/swisssoftware24.ch\/en\/wp-json\/wp\/v2\/media?parent=17871"}],"wp:term":[{"taxonomy":"product_brand","embeddable":true,"href":"https:\/\/swisssoftware24.ch\/en\/wp-json\/wp\/v2\/product_brand?post=17871"},{"taxonomy":"product_cat","embeddable":true,"href":"https:\/\/swisssoftware24.ch\/en\/wp-json\/wp\/v2\/product_cat?post=17871"},{"taxonomy":"product_tag","embeddable":true,"href":"https:\/\/swisssoftware24.ch\/en\/wp-json\/wp\/v2\/product_tag?post=17871"}],"curies":[{"name":"wp","href":"https:\/\/api.w.org\/{rel}","templated":true}]}}