{"id":17895,"date":"2023-07-04T08:46:27","date_gmt":"2023-07-04T06:46:27","guid":{"rendered":"https:\/\/swisssoftware24.ch\/?post_type=product&#038;p=17895"},"modified":"2025-11-29T23:56:54","modified_gmt":"2025-11-29T22:56:54","slug":"abelssoft-washandgo","status":"publish","type":"product","link":"https:\/\/swisssoftware24.ch\/en\/products\/abelssoft-washandgo\/","title":{"rendered":"Abelssoft WashAndGo"},"content":{"rendered":"<h1>Abelssoft WashAndGo \u2013 key features<\/h1>\n<ol>\n<li class=\"translation-block\"><strong>Effektive Entfernung unn\u00f6tiger Dateien<\/strong> und Daten<\/li>\n<li>Privacy protection through browser data cleaning<\/li>\n<li>Fast and secure system cleaning<\/li>\n<li>Search for and removal of duplicate files<\/li>\n<\/ol>\n<h2>Abelssoft WashAndGo \u2013 detailed product description<\/h2>\n<p class=\"translation-block\"><strong>Abelssoft WashAndGo<\/strong> zeichnet sich durch seine F\u00e4higkeit aus, <strong>\u00fcberfl\u00fcssige Daten schnell und sicher<\/strong> zu entfernen, und etabliert sich somit als f\u00fchrendes Programm in der PC-Optimierung. Es bietet diverse Funktionen, die eine gr\u00fcndliche und effektive Reinigung Ihres Computers erm\u00f6glichen.<\/p>\n<p class=\"translation-block\">Das Programm unterst\u00fctzt nicht nur die Systemreinigung, sondern tr\u00e4gt auch zur <strong>Privatsph\u00e4re im Internet<\/strong> bei, indem es Browserverl\u00e4ufe, Cookies und tempor\u00e4re Dateien l\u00f6scht. Mit verschiedenen Reinigungsintensit\u00e4tsstufen passt es sich Ihren Bed\u00fcrfnissen an und optimiert Ihren PC automatisch nach einem personalisierten Zeitplan.<\/p>\n<p class=\"translation-block\"><strong>Abelssoft WashAndGo<\/strong> findet bis zu achtmal mehr unn\u00f6tige Daten als vergleichbare Reinigungsprogramme und tr\u00e4gt so zu einer signifikanten <strong>Freigabe von Speicherplatz<\/strong> und einer Beschleunigung der Systemleistung bei. Zus\u00e4tzlich unterst\u00fctzt es die Reinigung der Systemregistrierung und sichert vertrauliche Dateien vor unbefugtem Zugriff durch sicheres L\u00f6schen.<\/p>\n<p>Before performing major cleaning operations, WashAndGo automatically creates a backup to prevent data loss, making it an essential tool for every PC user. By regularly removing redundant files, your system remains in peak condition and maintains high performance.<\/p>\n<h3>Abelssoft WashAndGo \u2013 compatible operating systems<\/h3>\n<p>Windows\u00a011, Windows\u00a010, Windows\u00a08.1, Windows\u00a08, Windows\u00a07<\/p>","protected":false},"excerpt":{"rendered":"<p class=\"translation-block\"><strong>Abelssoft WashAndGo<\/strong> ist das ultimative Werkzeug zur <strong>Computerreinigung<\/strong>, das darauf abzielt, die Leistung Ihres PCs zu optimieren. Es befreit Ihre Festplatte von unn\u00f6tigen Daten, entfernt Duplikate und sch\u00fctzt Ihre Privatsph\u00e4re durch das S\u00e4ubern von Browserdaten.<\/p>\n<p class=\"translation-block\">Mit dem Kauf dieses Produkts sichern Sie sich eine <strong>lebenslange Lizenz<\/strong> als elektronischen Schl\u00fcssel, der die Nutzung dieses effektiven Optimierungswerkzeugs auf Windows-Systemen erm\u00f6glicht. Die Software bietet Unterst\u00fctzung in f\u00fcnf Sprachen.<\/p>\n<p><strong>DELIVERY WITHIN 1 BUSINESS DAY VIA EMAIL<\/strong><\/p>","protected":false},"featured_media":25564,"template":"","meta":{"_seopress_robots_primary_cat":"none","_seopress_titles_title":"Abelssoft WashAndGo | PC-Cleaner | SwissSoftware24","_seopress_titles_desc":"Reinigen Sie Ihren PC von unn\u00f6tigen Dateien mit Abelssoft WashAndGo. Erh\u00f6hen Sie die Leistung und sparen Sie Speicherplatz. Jetzt bei SwissSoftware24.","_seopress_robots_index":""},"product_brand":[],"product_cat":[99,83],"product_tag":[],"class_list":{"0":"post-17895","1":"product","2":"type-product","3":"status-publish","4":"has-post-thumbnail","6":"product_cat-pc-tuning","7":"product_cat-video-grafik-andere","9":"first","10":"outofstock","11":"virtual","12":"taxable","13":"purchasable","14":"product-type-simple"},"_links":{"self":[{"href":"https:\/\/swisssoftware24.ch\/en\/wp-json\/wp\/v2\/product\/17895","targetHints":{"allow":["GET"]}}],"collection":[{"href":"https:\/\/swisssoftware24.ch\/en\/wp-json\/wp\/v2\/product"}],"about":[{"href":"https:\/\/swisssoftware24.ch\/en\/wp-json\/wp\/v2\/types\/product"}],"wp:featuredmedia":[{"embeddable":true,"href":"https:\/\/swisssoftware24.ch\/en\/wp-json\/wp\/v2\/media\/25564"}],"wp:attachment":[{"href":"https:\/\/swisssoftware24.ch\/en\/wp-json\/wp\/v2\/media?parent=17895"}],"wp:term":[{"taxonomy":"product_brand","embeddable":true,"href":"https:\/\/swisssoftware24.ch\/en\/wp-json\/wp\/v2\/product_brand?post=17895"},{"taxonomy":"product_cat","embeddable":true,"href":"https:\/\/swisssoftware24.ch\/en\/wp-json\/wp\/v2\/product_cat?post=17895"},{"taxonomy":"product_tag","embeddable":true,"href":"https:\/\/swisssoftware24.ch\/en\/wp-json\/wp\/v2\/product_tag?post=17895"}],"curies":[{"name":"wp","href":"https:\/\/api.w.org\/{rel}","templated":true}]}}