{"id":19262,"date":"2023-09-04T18:29:55","date_gmt":"2023-09-04T16:29:55","guid":{"rendered":"https:\/\/swisssoftware24.ch\/?post_type=product&#038;p=19262"},"modified":"2025-11-29T23:56:54","modified_gmt":"2025-11-29T22:56:54","slug":"microsoft-office-home-business-2021-2","status":"publish","type":"product","link":"https:\/\/swisssoftware24.ch\/en\/products\/microsoft-office-home-business-2021-2\/","title":{"rendered":"Microsoft Office Home &amp; Business 2021"},"content":{"rendered":"<p><img loading=\"lazy\" decoding=\"async\" class=\"alignnone wp-image-13751 size-full\" src=\"https:\/\/swisssoftware24.ch\/wp-content\/uploads\/2023\/02\/office-21_1.jpeg\" alt=\"\" width=\"2000\" height=\"300\" srcset=\"https:\/\/swisssoftware24.ch\/wp-content\/uploads\/2023\/02\/office-21_1.jpeg 2000w, https:\/\/swisssoftware24.ch\/wp-content\/uploads\/2023\/02\/office-21_1-600x90.jpeg 600w, https:\/\/swisssoftware24.ch\/wp-content\/uploads\/2023\/02\/office-21_1-64x10.jpeg 64w, https:\/\/swisssoftware24.ch\/wp-content\/uploads\/2023\/02\/office-21_1-300x45.jpeg 300w, https:\/\/swisssoftware24.ch\/wp-content\/uploads\/2023\/02\/office-21_1-1024x154.jpeg 1024w, https:\/\/swisssoftware24.ch\/wp-content\/uploads\/2023\/02\/office-21_1-768x115.jpeg 768w, https:\/\/swisssoftware24.ch\/wp-content\/uploads\/2023\/02\/office-21_1-1536x230.jpeg 1536w\" sizes=\"auto, (max-width: 2000px) 100vw, 2000px\" \/><\/p>\n<p data-start=\"283\" data-end=\"705\">Microsoft Office Home &amp; Business 2021 is aimed at professional users and small businesses looking for a powerful yet easy solution for everyday work. With proven programs like Word, Excel, PowerPoint, Outlook, and OneNote*, this suite offers all the tools needed for efficient performance. Thanks to the perpetual license, there are no additional costs or subscription obligations.<\/p>\n<p data-start=\"707\" data-end=\"1038\">The 2021 version brings many new features: a redesigned interface with Dark Mode, new Excel functions such as LET and XMATCH, and creative content additions to PowerPoint. Integration with OneNote helps capture ideas and notes quickly, while Outlook remains the central platform for business communication.<\/p>\n<p data-start=\"1040\" data-end=\"1299\">Improved accessibility, real-time collaboration, and built-in tools for text recognition and handwriting input make this Office version a modern, inclusive, and powerful solution for today's digital workspace.<\/p>\n<p data-start=\"1101\" data-end=\"1310\"><strong>You can find more information about this product\u00a0<a href=\"https:\/\/swisssoftware24.ch\/en\/microsoft-office-home-business-2021-zeitgemaess-leistungsstark-zuverlaessig\/\">here<\/a>.<\/strong><\/p>\n<p><a href=\"\/\/www.microsoft.com\/en-us\/Useterms\/Retail\/Office\/OfficeHomeandBusiness2021\/Useterms_Retail_Office_OfficeHomeandBusiness2021_GermancountriesotherthanGermany.html\"><img loading=\"lazy\" decoding=\"async\" class=\"alignnone size-full wp-image-13691\" src=\"https:\/\/swisssoftware24.ch\/wp-content\/uploads\/2023\/02\/license_term-1.jpg\" alt=\"\" width=\"227\" height=\"40\" srcset=\"https:\/\/swisssoftware24.ch\/wp-content\/uploads\/2023\/02\/license_term-1.jpg 227w, https:\/\/swisssoftware24.ch\/wp-content\/uploads\/2023\/02\/license_term-1-64x11.jpg 64w\" sizes=\"auto, (max-width: 227px) 100vw, 227px\" \/><\/a><\/p>\n<h3>Microsoft Office Home &amp; Business 2021 \u2013 system requirements<\/h3>\n<ul>\n<li><strong>Operating system:<\/strong>From Windows 10 and 11 \/ from macOS Big Sur onwards<\/li>\n<li><strong>Processor:<\/strong>\u00a0Windows 11 or Windows 10 with a 1.6 GHz, 2-core processor \/ current macOS<\/li>\n<li><strong>RAM<\/strong>\u00a04GB (64bit), 2GB (32bit) RAM for PC; 4GB RAM for Mac<\/li>\n<li><strong>Hard disk space:<\/strong>4GB available disk space for PC, 10GB for Mac<\/li>\n<li><strong>Display<\/strong>Resolution: 1024 \u00d7 768 for PC, 1280 \u00d7 800 for Mac<\/li>\n<\/ul>","protected":false},"excerpt":{"rendered":"<p><span style=\"font-weight: 400;\">Microsoft Office Home &amp; Business 2021 is a set of the most popular office tools used daily in companies. What do you gain by choosing this package? The greatest value, TIME, because the execution of daily tasks is now much better optimized and work comfort is increased. And also...<\/span><\/p>\n<p><strong>Shipping: In 5 minutes by email<\/strong><\/p>","protected":false},"featured_media":13750,"template":"","meta":{"_seopress_robots_primary_cat":"none","_seopress_titles_title":"Microsoft Office Home & Business 2021 | SwissSoftware24","_seopress_titles_desc":"Microsoft Office Home & Business 2021: Ideal f\u00fcr kleine Unternehmen und Selbstst\u00e4ndige. Enth\u00e4lt Word, Excel und Outlook. Jetzt bei SwissSoftware24 erh\u00e4ltlich.","_seopress_robots_index":""},"product_brand":[],"product_cat":[71,74,122,76],"product_tag":[],"class_list":{"0":"post-19262","1":"product","2":"type-product","3":"status-publish","4":"has-post-thumbnail","6":"product_cat-office","7":"product_cat-office-2021","8":"product_cat-office-bestseller","9":"product_cat-office-fur-mac","11":"first","12":"onbackorder","13":"sale","14":"taxable","15":"shipping-taxable","16":"purchasable","17":"product-type-variable"},"_links":{"self":[{"href":"https:\/\/swisssoftware24.ch\/en\/wp-json\/wp\/v2\/product\/19262","targetHints":{"allow":["GET"]}}],"collection":[{"href":"https:\/\/swisssoftware24.ch\/en\/wp-json\/wp\/v2\/product"}],"about":[{"href":"https:\/\/swisssoftware24.ch\/en\/wp-json\/wp\/v2\/types\/product"}],"wp:featuredmedia":[{"embeddable":true,"href":"https:\/\/swisssoftware24.ch\/en\/wp-json\/wp\/v2\/media\/13750"}],"wp:attachment":[{"href":"https:\/\/swisssoftware24.ch\/en\/wp-json\/wp\/v2\/media?parent=19262"}],"wp:term":[{"taxonomy":"product_brand","embeddable":true,"href":"https:\/\/swisssoftware24.ch\/en\/wp-json\/wp\/v2\/product_brand?post=19262"},{"taxonomy":"product_cat","embeddable":true,"href":"https:\/\/swisssoftware24.ch\/en\/wp-json\/wp\/v2\/product_cat?post=19262"},{"taxonomy":"product_tag","embeddable":true,"href":"https:\/\/swisssoftware24.ch\/en\/wp-json\/wp\/v2\/product_tag?post=19262"}],"curies":[{"name":"wp","href":"https:\/\/api.w.org\/{rel}","templated":true}]}}