{"id":20271,"date":"2023-10-10T09:46:27","date_gmt":"2023-10-10T07:46:27","guid":{"rendered":"https:\/\/swisssoftware24.ch\/?post_type=product&#038;p=20271"},"modified":"2025-11-29T23:56:54","modified_gmt":"2025-11-29T22:56:54","slug":"acronis-cyber-protect-home-office-essentials","status":"publish","type":"product","link":"https:\/\/swisssoftware24.ch\/en\/products\/acronis-cyber-protect-home-office-essentials\/","title":{"rendered":"Acronis Cyber Protect Home Office Essentials"},"content":{"rendered":"<h1>Acronis Cyber Protect Home Office Essentials \u2013 key features<\/h1>\n<ol>\n<li><strong>Protection against ransomware<\/strong><\/li>\n<li>Reliable <strong>backup creation<\/strong><\/li>\n<li><strong>Control over private data<\/strong><\/li>\n<li><strong>Free software updates<\/strong> to the latest version<\/li>\n<\/ol>\n<h2>Acronis Cyber Protect Home Office Essentials \u2013 detailed description<\/h2>\n<p><strong>Acronis Cyber Protect Home Office Essentials<\/strong> is a highly developed software solution that combines security and data backup into one tool. Advanced scanning technologies offer robust protection against viruses, trojans, and especially ransomware by securing your files from unauthorized encryption.<\/p>\n<p>The software's regular and automatic backup function dramatically minimizes the risk of data loss. It allows you to use your computer without worrying about potential system failures or cyberattacks that could compromise your data.<\/p>\n<p>Another essential feature of Acronis Cyber Protect Home Office Essentials is the offer of free updates. This keeps you constantly protected against the latest cyber threats without the need to manually search for new versions.<\/p>\n<h3>Acronis Cyber Protect Home Office Essentials \u2013 system requirements<\/h3>\n<ul>\n<li>Hardware platform: Windows, macOS, Android, iOS<\/li>\n<li>Operating system: Windows 7 SP1, 8\/8.1\/10\/11, macOS 10.11 (El Capitan) or later, Android 5.0 or later, iOS 10.3 or later<\/li>\n<\/ul>","protected":false},"excerpt":{"rendered":"<p class=\"translation-block\">Acronis Cyber Protect Home Office Essentials ist ein unverzichtbares Programm f\u00fcr Ihre digitale Sicherheit. Es bietet nicht nur einen umfassenden <strong>Antivirenschutz<\/strong>, sondern sichert auch Ihre wertvollsten Daten \u2013 Fotos, Videos, Dokumente \u2013 durch zuverl\u00e4ssige Backups. Mit diesem Programm an Ihrer Seite w\u00e4re der Verlust wichtiger Familienbilder durch versehentliches L\u00f6schen oder einen Festplattenausfall vermeidbar gewesen.<\/p>\n<p>By purchasing this product, you receive a one-year license as an electronic key for 1, 3, or 5 devices. This multilingual program is compatible with Windows and macOS, as well as Android and iOS systems.<\/p>\n<p><strong>SHIPPING IN 5 MINUTES VIA EMAIL<\/strong><\/p>","protected":false},"featured_media":25671,"template":"","meta":{"_seopress_robots_primary_cat":"none","_seopress_titles_title":"Acronis Cyber Protect Home Office Essentials | SwissSoftware24","_seopress_titles_desc":"Acronis Cyber Protect Home Office Essentials: Grundlegende Datensicherung und Schutz vor Cyberbedrohungen. Jetzt bei SwissSoftware24 erh\u00e4ltlich.","_seopress_robots_index":""},"product_brand":[],"product_cat":[129,93,63],"product_tag":[],"class_list":{"0":"post-20271","1":"product","2":"type-product","3":"status-publish","4":"has-post-thumbnail","6":"product_cat-acronis","7":"product_cat-antivirus","8":"product_cat-antivirus-security","10":"first","11":"outofstock","12":"taxable","13":"shipping-taxable","14":"product-type-variable"},"_links":{"self":[{"href":"https:\/\/swisssoftware24.ch\/en\/wp-json\/wp\/v2\/product\/20271","targetHints":{"allow":["GET"]}}],"collection":[{"href":"https:\/\/swisssoftware24.ch\/en\/wp-json\/wp\/v2\/product"}],"about":[{"href":"https:\/\/swisssoftware24.ch\/en\/wp-json\/wp\/v2\/types\/product"}],"wp:featuredmedia":[{"embeddable":true,"href":"https:\/\/swisssoftware24.ch\/en\/wp-json\/wp\/v2\/media\/25671"}],"wp:attachment":[{"href":"https:\/\/swisssoftware24.ch\/en\/wp-json\/wp\/v2\/media?parent=20271"}],"wp:term":[{"taxonomy":"product_brand","embeddable":true,"href":"https:\/\/swisssoftware24.ch\/en\/wp-json\/wp\/v2\/product_brand?post=20271"},{"taxonomy":"product_cat","embeddable":true,"href":"https:\/\/swisssoftware24.ch\/en\/wp-json\/wp\/v2\/product_cat?post=20271"},{"taxonomy":"product_tag","embeddable":true,"href":"https:\/\/swisssoftware24.ch\/en\/wp-json\/wp\/v2\/product_tag?post=20271"}],"curies":[{"name":"wp","href":"https:\/\/api.w.org\/{rel}","templated":true}]}}