{"id":21550,"date":"2023-11-17T12:16:09","date_gmt":"2023-11-17T11:16:09","guid":{"rendered":"https:\/\/swisssoftware24.ch\/?post_type=product&#038;p=21550"},"modified":"2025-11-29T23:56:54","modified_gmt":"2025-11-29T22:56:54","slug":"microsoft-365-single-ricardo","status":"publish","type":"product","link":"https:\/\/swisssoftware24.ch\/en\/products\/microsoft-365-single-ricardo\/","title":{"rendered":"Microsoft 365 Single (ricardo)"},"content":{"rendered":"<p>You will receive this product conveniently to your email address. The email delivery includes the product key, a download link, and a VAT-compliant invoice. We exclusively sell genuine products and provide a 2-year warranty. We are also happy to assist you with the installation. If you have any questions regarding quantity discounts for orders of 5 or more units, please contact us through this <a href=\"https:\/\/swisssoftware24.ch\/en\/kontakt\/\">form.<\/a><\/p>\n<p><img loading=\"lazy\" decoding=\"async\" class=\"aligncenter wp-image-13484 size-full\" src=\"https:\/\/swisssoftware24.ch\/wp-content\/uploads\/2023\/02\/auf_the_nutzer.jpg\" alt=\"\" width=\"1200\" height=\"100\" srcset=\"https:\/\/swisssoftware24.ch\/wp-content\/uploads\/2023\/02\/auf_the_nutzer.jpg 1200w, https:\/\/swisssoftware24.ch\/wp-content\/uploads\/2023\/02\/auf_the_nutzer-600x50.jpg 600w, https:\/\/swisssoftware24.ch\/wp-content\/uploads\/2023\/02\/auf_the_nutzer-64x5.jpg 64w, https:\/\/swisssoftware24.ch\/wp-content\/uploads\/2023\/02\/auf_the_nutzer-300x25.jpg 300w, https:\/\/swisssoftware24.ch\/wp-content\/uploads\/2023\/02\/auf_the_nutzer-1024x85.jpg 1024w, https:\/\/swisssoftware24.ch\/wp-content\/uploads\/2023\/02\/auf_the_nutzer-768x64.jpg 768w\" sizes=\"auto, (max-width: 1200px) 100vw, 1200px\" \/><\/p>\n<p data-sourcepos=\"3:1-3:373\">Microsoft 365 Single is the perfect solution for those seeking a powerful and flexible Office suite for personal use. With this package, you get access to the latest versions of Word, Excel, PowerPoint, and Outlook, which you can use on all your devices. Work productively, whether you're on the go, in a cafe, or at home.<\/p>\n<p data-sourcepos=\"5:1-5:230\">Enjoy the freedom to edit your documents, spreadsheets, and presentations anywhere. Thanks to cloud synchronization with OneDrive, you have access to your files anytime, anywhere, regardless of the device you're using.<\/p>\n<p data-sourcepos=\"7:1-7:289\">Microsoft 365 Single offers more than just basic Office applications. With intelligent features like autocomplete, real-time translation, and real-time collaboration, you can increase your productivity and tackle complex tasks effortlessly.<\/p>\n<p data-sourcepos=\"9:1-9:176\">Invest in your productivity with Microsoft 365 Single. It's the ideal choice for students, freelancers, and anyone who values flexibility and efficiency.<\/p>\n<p><strong>You can find more information about this product\u00a0<a href=\"https:\/\/swisssoftware24.ch\/en\/microsoft-365-single-ihr-partner-in-der-digitalen-welt\/\">here<\/a>.<\/strong><\/p>\n<h3>Microsoft 365 Single \u2013 system requirements<\/h3>\n<ul>\n<li>Operating system \u2013 Windows 10 and 11; Mac \u2013 the last three versions of macOS<\/li>\n<li>PC RAM - 4GB RAM, 2GB RAM (32-bit); Mac - 4GB RAM<\/li>\n<li>Computer with processor - 1.6 GHz or faster (dual-core); Mac - Intel processor<\/li>\n<li>PC Hard Drive - 4GB; Mac - 10GB<\/li>\n<\/ul>","protected":false},"excerpt":{"rendered":"<p><span style=\"font-weight: 400\">Microsoft 365 Personal ist f\u00fcr Sch\u00fcler, Studenten und alle anderen Einzelbenutzer. Was gewinnen Sie, wenn Sie sich f\u00fcr dieses Paket entscheiden? Zuallererst Freiheit und Arbeitskomfort dank der mobilen Office-Anwendung. <\/span>Gut zu wissen! Dieses Produkt l\u00e4sst sich stapeln. Das bedeutet 1 Produktschl\u00fcssel = plus 365 Tage Lauftzeit. Sie k\u00f6nnen max. 5 Schl\u00fcssel verwenden um die Laufzeit f\u00fcr 5 Jahre zu verl\u00e4ngern.<\/p>\n<p><strong>Licence: 1 user for 1 year<\/strong><\/p>\n<p><strong>Language Version: All languages<\/strong><\/p>\n<p>SHIPPING IN 5 MINUTES VIA EMAIL<\/p>","protected":false},"featured_media":13490,"template":"","meta":{"_seopress_robots_primary_cat":"none","_seopress_titles_title":"Microsoft 365 Single | SwissSoftware24","_seopress_titles_desc":"Microsoft 365 Single: Nutzen Sie Office-Apps wie Word, Excel und mehr auf einem Ger\u00e4t. Perfekt f\u00fcr den pers\u00f6nlichen Gebrauch. Jetzt bei SwissSoftware24.","_seopress_robots_index":""},"product_brand":[],"product_cat":[15],"product_tag":[],"class_list":{"0":"post-21550","1":"product","2":"type-product","3":"status-publish","4":"has-post-thumbnail","6":"product_cat-uncategorised","8":"first","9":"outofstock","10":"featured","11":"taxable","12":"shipping-taxable","13":"purchasable","14":"product-type-simple"},"_links":{"self":[{"href":"https:\/\/swisssoftware24.ch\/en\/wp-json\/wp\/v2\/product\/21550","targetHints":{"allow":["GET"]}}],"collection":[{"href":"https:\/\/swisssoftware24.ch\/en\/wp-json\/wp\/v2\/product"}],"about":[{"href":"https:\/\/swisssoftware24.ch\/en\/wp-json\/wp\/v2\/types\/product"}],"wp:featuredmedia":[{"embeddable":true,"href":"https:\/\/swisssoftware24.ch\/en\/wp-json\/wp\/v2\/media\/13490"}],"wp:attachment":[{"href":"https:\/\/swisssoftware24.ch\/en\/wp-json\/wp\/v2\/media?parent=21550"}],"wp:term":[{"taxonomy":"product_brand","embeddable":true,"href":"https:\/\/swisssoftware24.ch\/en\/wp-json\/wp\/v2\/product_brand?post=21550"},{"taxonomy":"product_cat","embeddable":true,"href":"https:\/\/swisssoftware24.ch\/en\/wp-json\/wp\/v2\/product_cat?post=21550"},{"taxonomy":"product_tag","embeddable":true,"href":"https:\/\/swisssoftware24.ch\/en\/wp-json\/wp\/v2\/product_tag?post=21550"}],"curies":[{"name":"wp","href":"https:\/\/api.w.org\/{rel}","templated":true}]}}