{"id":21631,"date":"2023-11-22T12:25:07","date_gmt":"2023-11-22T11:25:07","guid":{"rendered":"https:\/\/swisssoftware24.ch\/?post_type=product&#038;p=21631"},"modified":"2025-11-29T23:56:54","modified_gmt":"2025-11-29T22:56:54","slug":"panda-dome-complete","status":"publish","type":"product","link":"https:\/\/swisssoftware24.ch\/en\/products\/panda-dome-complete\/","title":{"rendered":"Panda Dome Complete"},"content":{"rendered":"<p data-start=\"0\" data-end=\"290\">Panda Dome Complete protects your digital life with multi-layer real-time protection against malware, ransomware and phishing\u2014for Windows, macOS, Android and iOS in one subscription. Lightweight, fast scans, and discreet in the background.<\/p>\n<p data-start=\"292\" data-end=\"555\">With advanced firewall, Network Inspector and VPN (up to 150 MB\/day, one virtual location), you secure your Wi-Fi and anonymise traffic. Parental control, webcam protection, USB scanning and anti-theft complete the shield.<\/p>\n<p data-start=\"557\" data-end=\"820\">The Complete edition adds privacy &amp; convenience extras: file encryption, virtual keyboard, password manager, plus a cleanup tool that boosts performance and battery life. Your devices stay snappy\u2014and your data stays private.<\/p>\n<p><strong>You can find more information about this product\u00a0<a href=\"https:\/\/swisssoftware24.ch\/en\/panda-dome-complete-vollschutz-der-alltagstauglich-bleibt\/\">here<\/a>.<\/strong><\/p>\n<h3>Panda Dome Complete &#8211; anforderungen<\/h3>\n<p>Windows<\/p>\n<p>Operating System:<br \/>\nWindows 11 (32\/64-Bit)<br \/>\nWindows 10 (32\/64-Bit)<br \/>\nWindows 8\/8.1 (32\/64-Bit)<br \/>\nWindows 7 (32\/64-Bit)<br \/>\nWindows Vista (32\/64-Bit)<br \/>\nWindows XP 32-Bit (SP3 or higher)<br \/>\nProzessor: Pentium 300 MHz oder h\u00f6her<br \/>\nARBEITSSPEICHER: 256 MB<br \/>\nHard Disk: 240 MB free space<br \/>\nNote: Panda VPN requires Windows 7 or higher, and .NET Framework 4.6 or higher.<\/p>\n<p>Android<\/p>\n<p>Operating System: Android 4 or higher<br \/>\niPhone\/iPad<\/p>\n<p>Operating System: iOS 7 or higher<\/p>","protected":false},"excerpt":{"rendered":"<p>Panda Dome Complete ist Ihre Garantie f\u00fcr umfassende, allumfassende Sicherheit f\u00fcr alle Ihre Ger\u00e4te, Daten, Privatsph\u00e4re, Online-Identit\u00e4t und Ihre Kinder.<\/p>\n<p><strong>DELIVERY WITHIN 1 DAY VIA EMAIL<\/strong><\/p>\n<div id=\"gtx-trans\" style=\"position: absolute; left: -46px; top: -10px;\">\n<div class=\"gtx-trans-icon\"><\/div>\n<\/div>","protected":false},"featured_media":25715,"template":"","meta":{"_seopress_robots_primary_cat":"none","_seopress_titles_title":"Panda Dome Complete | SwissSoftware24","_seopress_titles_desc":"Panda Dome Complete: Vollst\u00e4ndiger Schutz f\u00fcr Ihre Ger\u00e4te. Inklusive Antivirus, VPN, Passwort-Manager und mehr. Jetzt bei SwissSoftware24 erh\u00e4ltlich.","_seopress_robots_index":""},"product_brand":[],"product_cat":[93,63,130,115],"product_tag":[],"class_list":{"0":"post-21631","1":"product","2":"type-product","3":"status-publish","4":"has-post-thumbnail","6":"product_cat-antivirus","7":"product_cat-antivirus-security","8":"product_cat-antivirushome","9":"product_cat-panda","11":"first","12":"instock","13":"sale","14":"taxable","15":"shipping-taxable","16":"purchasable","17":"product-type-variable"},"_links":{"self":[{"href":"https:\/\/swisssoftware24.ch\/en\/wp-json\/wp\/v2\/product\/21631","targetHints":{"allow":["GET"]}}],"collection":[{"href":"https:\/\/swisssoftware24.ch\/en\/wp-json\/wp\/v2\/product"}],"about":[{"href":"https:\/\/swisssoftware24.ch\/en\/wp-json\/wp\/v2\/types\/product"}],"wp:featuredmedia":[{"embeddable":true,"href":"https:\/\/swisssoftware24.ch\/en\/wp-json\/wp\/v2\/media\/25715"}],"wp:attachment":[{"href":"https:\/\/swisssoftware24.ch\/en\/wp-json\/wp\/v2\/media?parent=21631"}],"wp:term":[{"taxonomy":"product_brand","embeddable":true,"href":"https:\/\/swisssoftware24.ch\/en\/wp-json\/wp\/v2\/product_brand?post=21631"},{"taxonomy":"product_cat","embeddable":true,"href":"https:\/\/swisssoftware24.ch\/en\/wp-json\/wp\/v2\/product_cat?post=21631"},{"taxonomy":"product_tag","embeddable":true,"href":"https:\/\/swisssoftware24.ch\/en\/wp-json\/wp\/v2\/product_tag?post=21631"}],"curies":[{"name":"wp","href":"https:\/\/api.w.org\/{rel}","templated":true}]}}