{"id":24561,"date":"2024-03-17T20:57:00","date_gmt":"2024-03-17T19:57:00","guid":{"rendered":"https:\/\/swisssoftware24.ch\/?post_type=product&#038;p=24561"},"modified":"2026-01-27T22:24:13","modified_gmt":"2026-01-27T21:24:13","slug":"abbyy-finereader-pdf-15-corporate-abo","status":"publish","type":"product","link":"https:\/\/swisssoftware24.ch\/en\/products\/abbyy-finereader-pdf-15-corporate-abo\/","title":{"rendered":"ABBYY FineReader PDF 15 Corporate ABO"},"content":{"rendered":"<p data-start=\"291\" data-end=\"585\">ABBYY FineReader PDF 15 Corporate ABO is the ideal solution for companies working daily with PDFs and scanned files. The software combines powerful OCR technology with practical tools for document editing, form creation, and team collaboration.<\/p>\n<p data-start=\"587\" data-end=\"880\">Features like \u201cFind and Replace,\u201d document comparison, and fillable form creation are particularly helpful. Its ease of use combined with robust security makes this software an all-rounder for everyday office use.<\/p>\n<p data-start=\"882\" data-end=\"1041\">ABBYY FineReader PDF 15 Corporate ABO helps businesses save valuable time and increase accuracy in document processing \u2013 both locally and on the network.<\/p>\n<p><strong>You can find more information about this product\u00a0<a href=\"https:\/\/swisssoftware24.ch\/en\/abbyy-finereader-pdf-15-corporate-abo-intelligente-pdf-verwaltung-fuer-profis\/\">here<\/a>.<\/strong><\/p>\n<h3 class=\"p1\">ABBYY FineReader PDF 15 Corporate ABO \u2013 system requirements<\/h3>\n<ul>\n<li class=\"p1\"><b>Supported operating system: <\/b>Microsoft Windows 7 \/ 8 \/ 8.1 \/ 10 \/ 11, Microsoft Windows Server 2008 R2, Microsoft Windows Server 2012, Microsoft Windows Server 2012 R2, Microsoft Windows Server 2016<\/li>\n<li class=\"li1\"><strong>Processor:<\/strong> PC with 1 GHz (or faster) x86 or x64 processor with SSE2 instruction set<\/li>\n<li class=\"li1\">1GB <strong>RAM<\/strong> (4 GB is recommended); in multi-processor systems, an additional 512 MB of RAM is required for each additional processor.<\/li>\n<li class=\"li1\"><strong>Hard drive space:<\/strong> 1.2 GB of hard drive space for typical program installation and 1.2 GB of free space for optimal program operation<\/li>\n<li class=\"li1\"><strong>Graphics card:<\/strong> with 1024\u00d7768 resolution or higher<\/li>\n<li class=\"li1\">An internet connection is required to activate your serial number.<\/li>\n<li class=\"li1\">Keyboard, mouse, or other pointing device<\/li>\n<\/ul>","protected":false},"excerpt":{"rendered":"<p class=\"translation-block\">ABBYY FineReader PDF 15 Corporate ist eine fortschrittliche L\u00f6sung f\u00fcr das <strong>Bearbeiten von PDF-Dateien<\/strong>, die Konvertierung, Organisation und <strong>Dokumentendigitalisierung<\/strong>. Diese Software bietet pr\u00e4zise Text- und Bilderkennung, die Erstellung von bearbeitbaren PDF-Dateien und die Automatisierung von Dokumentenarbeitsabl\u00e4ufen.<\/p>\n<p class=\"translation-block\">Mit dem Erwerb dieses Produkts erhalten Sie einen elektronischen Schl\u00fcssel f\u00fcr das Programm, der das <strong>Bearbeiten von PDF-Dateien<\/strong> f\u00fcr einen Benutzer auf zwei Ger\u00e4ten \u00fcber ein Jahr hinweg erm\u00f6glicht. Es handelt sich um eine mehrsprachige Version, die f\u00fcr Computer mit Windows-Betriebssystemen geeignet ist.<\/p>","protected":false},"featured_media":24753,"template":"","meta":{"_seopress_robots_primary_cat":"none","_seopress_titles_title":"ABBYY FineReader PDF 15 Corporate ABO | SwissSoftware24","_seopress_titles_desc":"ABBYY FineReader PDF 15 Corporate ABO: Umfassende PDF- und Dokumentenmanagement-Tools f\u00fcr Unternehmen im Abonnement. Hohe Effizienz. Jetzt bei SwissSoftware24.","_seopress_robots_index":""},"product_brand":[],"product_cat":[83,95],"product_tag":[],"class_list":{"0":"post-24561","1":"product","2":"type-product","3":"status-publish","4":"has-post-thumbnail","6":"product_cat-video-grafik-andere","7":"product_cat-buro-software","9":"first","10":"instock","11":"taxable","12":"shipping-taxable","13":"purchasable","14":"product-type-simple"},"_links":{"self":[{"href":"https:\/\/swisssoftware24.ch\/en\/wp-json\/wp\/v2\/product\/24561","targetHints":{"allow":["GET"]}}],"collection":[{"href":"https:\/\/swisssoftware24.ch\/en\/wp-json\/wp\/v2\/product"}],"about":[{"href":"https:\/\/swisssoftware24.ch\/en\/wp-json\/wp\/v2\/types\/product"}],"wp:featuredmedia":[{"embeddable":true,"href":"https:\/\/swisssoftware24.ch\/en\/wp-json\/wp\/v2\/media\/24753"}],"wp:attachment":[{"href":"https:\/\/swisssoftware24.ch\/en\/wp-json\/wp\/v2\/media?parent=24561"}],"wp:term":[{"taxonomy":"product_brand","embeddable":true,"href":"https:\/\/swisssoftware24.ch\/en\/wp-json\/wp\/v2\/product_brand?post=24561"},{"taxonomy":"product_cat","embeddable":true,"href":"https:\/\/swisssoftware24.ch\/en\/wp-json\/wp\/v2\/product_cat?post=24561"},{"taxonomy":"product_tag","embeddable":true,"href":"https:\/\/swisssoftware24.ch\/en\/wp-json\/wp\/v2\/product_tag?post=24561"}],"curies":[{"name":"wp","href":"https:\/\/api.w.org\/{rel}","templated":true}]}}