{"id":24578,"date":"2024-03-17T21:26:30","date_gmt":"2024-03-17T20:26:30","guid":{"rendered":"https:\/\/swisssoftware24.ch\/?post_type=product&#038;p=24578"},"modified":"2026-01-27T22:15:40","modified_gmt":"2026-01-27T21:15:40","slug":"abbyy-finereader-pdf-16-standard","status":"publish","type":"product","link":"https:\/\/swisssoftware24.ch\/en\/products\/abbyy-finereader-pdf-16-standard\/","title":{"rendered":"ABBYY FineReader PDF 16 Standard"},"content":{"rendered":"<p data-start=\"40\" data-end=\"274\">ABBYY FineReader PDF 16 Standard combines edit PDF, OCR and electronic signatures in one easy-to-use solution. Text, tables and layouts can be edited directly in the PDF - no need to switch programs.<\/p>\n<p data-start=\"276\" data-end=\"484\">With the mobile scan function, you digitise documents via smartphone and convert them to editable text through OCR. Copying tables from PDF works cleanly, including structure and column widths.<\/p>\n<p data-start=\"486\" data-end=\"719\">Whether contracts, reports or scanned receipts: convert PDFs to Word, Excel or other formats, sign digitally and speed up approvals\u2014securely, traceably and team-wide compatible.<\/p>\n<p data-start=\"486\" data-end=\"719\"><strong>You can find more information about this product\u00a0<a href=\"https:\/\/swisssoftware24.ch\/en\/abbyy-finereader-pdf-16-standard-smarte-pdf-bearbeitung-mit-ocr-e-signaturen\/\">here<\/a>.<\/strong><\/p>\n<h3>ABBYY FineReader PDF 16 Standard \u2013 system requirements<\/h3>\n<ul>\n<li class=\"p1\"><b>Supported operating system: <\/b>Microsoft Windows 7 \/ 8 \/ 8.1 \/ 10 \/ 11, Microsoft Windows Server 2008 R2, Microsoft Microsoft Windows Server 2012 R2, Microsoft Windows Server 2016, Microsoft Windows Server 2019<\/li>\n<li class=\"li1\"><strong>Processor:<\/strong> PC with 1 GHz (or faster) x86 or x64 processor with SSE2 instruction set<\/li>\n<li class=\"li1\">1GB <strong>RAM<\/strong> (4 GB is recommended); in multi-processor systems, an additional 512 MB of RAM is required for each additional processor.<\/li>\n<li class=\"li1\"><strong>Hard drive space:<\/strong> 1.2 GB of hard drive space for typical program installation and 1.2 GB of free space for optimal program operation<\/li>\n<li class=\"li1\"><strong>Graphics card:<\/strong> with 1024\u00d7768 resolution or higher<\/li>\n<li class=\"li1\">An internet connection is required to activate your serial number.<\/li>\n<li class=\"li1\">Keyboard, mouse, or other pointing device<\/li>\n<\/ul>","protected":false},"excerpt":{"rendered":"<p class=\"translation-block\">Optimieren Sie Ihre PDF-Dokumentenbearbeitung mit ABBYY FineReader PDF 16 Standard, einer leistungsstarken Software, die durch den Einsatz von KI schnelle und effiziente Arbeitsabl\u00e4ufe erm\u00f6glicht. Automatisch konvertiert diese Software gescannte Dokumente und Bilder in <strong>editierbare Textdateien<\/strong>, was eine nahtlose Bearbeitung und Durchsuchung des Inhalts erlaubt.<\/p>\n<p>By selecting this product, you will receive an electronic key that allows you to use this advanced PDF editing software on one device for one user over a specified period. Developed for computers with Windows operating systems, ABBYY FineReader PDF 16 Standard is available in multiple languages, including German, English, French, Italian, and Spanish.<\/p>","protected":false},"featured_media":24750,"template":"","meta":{"_seopress_robots_primary_cat":"none","_seopress_titles_title":"ABBYY FineReader PDF 16 Standard | SwissSoftware24","_seopress_titles_desc":"ABBYY FineReader PDF 16 Standard: Konvertieren und bearbeiten Sie PDFs und Scans mit hoher Genauigkeit. Ideal f\u00fcr das B\u00fcro. Jetzt bei SwissSoftware24 erh\u00e4ltlich","_seopress_robots_index":""},"product_brand":[],"product_cat":[83,95],"product_tag":[],"class_list":{"0":"post-24578","1":"product","2":"type-product","3":"status-publish","4":"has-post-thumbnail","6":"product_cat-video-grafik-andere","7":"product_cat-buro-software","9":"first","10":"instock","11":"taxable","12":"shipping-taxable","13":"purchasable","14":"product-type-variable"},"_links":{"self":[{"href":"https:\/\/swisssoftware24.ch\/en\/wp-json\/wp\/v2\/product\/24578","targetHints":{"allow":["GET"]}}],"collection":[{"href":"https:\/\/swisssoftware24.ch\/en\/wp-json\/wp\/v2\/product"}],"about":[{"href":"https:\/\/swisssoftware24.ch\/en\/wp-json\/wp\/v2\/types\/product"}],"wp:featuredmedia":[{"embeddable":true,"href":"https:\/\/swisssoftware24.ch\/en\/wp-json\/wp\/v2\/media\/24750"}],"wp:attachment":[{"href":"https:\/\/swisssoftware24.ch\/en\/wp-json\/wp\/v2\/media?parent=24578"}],"wp:term":[{"taxonomy":"product_brand","embeddable":true,"href":"https:\/\/swisssoftware24.ch\/en\/wp-json\/wp\/v2\/product_brand?post=24578"},{"taxonomy":"product_cat","embeddable":true,"href":"https:\/\/swisssoftware24.ch\/en\/wp-json\/wp\/v2\/product_cat?post=24578"},{"taxonomy":"product_tag","embeddable":true,"href":"https:\/\/swisssoftware24.ch\/en\/wp-json\/wp\/v2\/product_tag?post=24578"}],"curies":[{"name":"wp","href":"https:\/\/api.w.org\/{rel}","templated":true}]}}