{"id":24695,"date":"2024-03-20T06:16:40","date_gmt":"2024-03-20T05:16:40","guid":{"rendered":"https:\/\/swisssoftware24.ch\/?post_type=product&#038;p=24695"},"modified":"2025-11-29T23:56:54","modified_gmt":"2025-11-29T22:56:54","slug":"aomei-myrecover-professional","status":"publish","type":"product","link":"https:\/\/swisssoftware24.ch\/en\/products\/aomei-myrecover-professional\/","title":{"rendered":"AOMEI MyRecover Professional"},"content":{"rendered":"<p data-start=\"79\" data-end=\"427\">AOMEI MyRecover Professional is a powerful data recovery software that rescues lost or deleted files quickly and reliably. Whether accidentally deleted documents, formatted hard drives, or lost partitions \u2013 the program enables easy recovery of over 200 file formats.<\/p>\n<p data-start=\"429\" data-end=\"745\">Thanks to its intelligent scanning technology, MyRecover finds even hard-to-locate files and restores them without any loss of quality. The software supports hard drives, SSDs, USB sticks, SD cards, and other storage media, allowing lost data to be recovered from virtually any device.<\/p>\n<p data-start=\"747\" data-end=\"1078\" data-is-last-node=\"\" data-is-only-node=\"\">With an intuitive user interface and fast recovery options, MyRecover is suitable for both beginners and professionals. Whether after system crashes, virus attacks, or accidental formatting \u2013 AOMEI MyRecover Professional ensures that your important files are not lost.<\/p>\n<p data-start=\"747\" data-end=\"1078\" data-is-last-node=\"\" data-is-only-node=\"\"><strong>You can find more information about this product\u00a0<a href=\"https:\/\/swisssoftware24.ch\/en\/aomei-myrecover-professional-die-ultimative-loesung-zur-datenrettung\/\">here<\/a>.<\/strong><\/p>\n<h3>AOMEI MyRecover Professional \u2013 system requirements<\/h3>\n<ul>\n<li><strong>Operating System:<\/strong>\u00a0Windows 10\/8.1\/8\/7\/Vista\/XP (32-bit &amp; 64-bit)<\/li>\n<li><strong>CPU:<\/strong>\u00a0500 MHz or higher<\/li>\n<li><strong>RAM:<\/strong>\u00a0256 MB or more (1 GB recommended)<\/li>\n<li><strong>Hard drive space:<\/strong>\u00a0200 MB of free space<\/li>\n<li><strong>Graphics card:<\/strong>\u00a0Super VGA (800 x 600) or higher<\/li>\n<li><strong>Other:<\/strong>\u00a0Mouse and keyboard<\/li>\n<\/ul>","protected":false},"excerpt":{"rendered":"<div class=\"flex-shrink-0 flex flex-col relative items-end\">\n<div>\n<div class=\"pt-0.5\">\n<div class=\"gizmo-shadow-stroke flex h-6 w-6 items-center justify-center overflow-hidden rounded-full\">\n<div class=\"h-6 w-6 translation-block\"><strong>AOMEI MyRecover Professional <\/strong>serves as a vault protecting your digital wealth in an era where data is as valuable as currency. It acts as a safety net against the unexpected, ensuring that a misplaced click or system crash doesn\u2019t result in irrecoverable loss. As a leading <strong>data recovery solution<\/strong>, MyRecover Professional offers unparalleled file recovery capabilities.<\/div>\n<\/div>\n<\/div>\n<\/div>\n<\/div>\n<div class=\"relative flex w-full flex-col agent-turn\">\n<div class=\"flex-col gap-1 md:gap-3\">\n<div class=\"flex flex-grow flex-col max-w-full\">\n<div class=\"min-h-[20px] text-message flex flex-col items-start gap-3 whitespace-pre-wrap break-words [.text-message+&amp;]:mt-5 overflow-x-auto\" data-message-author-role=\"assistant\" data-message-id=\"88335a45-1cf1-46a3-b121-2d7f5fab6c6c\">\n<div class=\"markdown prose w-full break-words dark:prose-invert dark\">\n<p>With this product, you receive either a one-year or lifetime license in the form of an electronic key, allowing the use of this comprehensive <strong>data recovery solution <\/strong> for a single user. This version is specifically designed for computers running Windows operating systems and offers robust system recovery options.<\/p>\n<\/div>\n<\/div>\n<\/div>\n<\/div>\n<\/div>","protected":false},"featured_media":29691,"template":"","meta":{"_seopress_robots_primary_cat":"none","_seopress_titles_title":"AOMEI MyRecover Professional | SwissSoftware24","_seopress_titles_desc":"AOMEI MyRecover Professional: Effiziente Datenrettung f\u00fcr verlorene oder gel\u00f6schte Dateien. Einfach zu bedienen. Jetzt bei SwissSoftware24 erh\u00e4ltlich.","_seopress_robots_index":""},"product_brand":[],"product_cat":[131,63,64],"product_tag":[],"class_list":{"0":"post-24695","1":"product","2":"type-product","3":"status-publish","4":"has-post-thumbnail","6":"product_cat-andere","7":"product_cat-antivirus-security","8":"product_cat-backup","10":"first","11":"instock","12":"taxable","13":"shipping-taxable","14":"purchasable","15":"product-type-variable"},"_links":{"self":[{"href":"https:\/\/swisssoftware24.ch\/en\/wp-json\/wp\/v2\/product\/24695","targetHints":{"allow":["GET"]}}],"collection":[{"href":"https:\/\/swisssoftware24.ch\/en\/wp-json\/wp\/v2\/product"}],"about":[{"href":"https:\/\/swisssoftware24.ch\/en\/wp-json\/wp\/v2\/types\/product"}],"wp:featuredmedia":[{"embeddable":true,"href":"https:\/\/swisssoftware24.ch\/en\/wp-json\/wp\/v2\/media\/29691"}],"wp:attachment":[{"href":"https:\/\/swisssoftware24.ch\/en\/wp-json\/wp\/v2\/media?parent=24695"}],"wp:term":[{"taxonomy":"product_brand","embeddable":true,"href":"https:\/\/swisssoftware24.ch\/en\/wp-json\/wp\/v2\/product_brand?post=24695"},{"taxonomy":"product_cat","embeddable":true,"href":"https:\/\/swisssoftware24.ch\/en\/wp-json\/wp\/v2\/product_cat?post=24695"},{"taxonomy":"product_tag","embeddable":true,"href":"https:\/\/swisssoftware24.ch\/en\/wp-json\/wp\/v2\/product_tag?post=24695"}],"curies":[{"name":"wp","href":"https:\/\/api.w.org\/{rel}","templated":true}]}}