{"id":24754,"date":"2024-03-22T06:51:16","date_gmt":"2024-03-22T05:51:16","guid":{"rendered":"https:\/\/swisssoftware24.ch\/?post_type=product&#038;p=24754"},"modified":"2025-11-30T00:17:25","modified_gmt":"2025-11-29T23:17:25","slug":"ashampoo-3d-cad-architecture-11","status":"publish","type":"product","link":"https:\/\/swisssoftware24.ch\/en\/products\/ashampoo-3d-cad-architecture-11\/","title":{"rendered":"Ashampoo 3D CAD Architecture 11"},"content":{"rendered":"<p data-start=\"217\" data-end=\"728\">Ashampoo 3D CAD Architecture 11 stands out with its extensive capabilities compared to other design tools. The software enables the creation of detailed and realistic architectural models, from the first sketch to the final rendering. Users benefit from an expanded set of tools that allow precise and lifelike presentation of projects.<\/p>\n<p data-start=\"730\" data-end=\"1203\">Thanks to an enhanced intuitive user interface and detailed step-by-step instructions, even the most complex design tasks are simplified. Ashampoo 3D CAD Architecture 11 exceeds expectations for both experienced architects and newcomers to the design world.\n\nThe program\u2019s expanded features support accurate room planning, both indoors and outdoors, with exact dimensions. A more extensive library of decorative and furnishing elements brings every room to life and gives it a unique character.<\/p>\n<p data-start=\"1205\" data-end=\"1555\">Ashampoo 3D CAD Architecture 11 also offers improved tools for landscape design and lighting planning to ensure that every aspect of your project is carefully thought through and optimized. Whether you\u2019re planning a renovation, building a structure from scratch, or looking for inspiration for new projects, this software provides all the tools you need to turn your visions into reality.<\/p>\n<p><strong>You can find more information about this product\u00a0<a href=\"https:\/\/swisssoftware24.ch\/en\/ashampoo-3d-cad-architecture-11-realistische-hausplanung-trifft-moderne-technologie\/\">here<\/a>.<\/strong><\/p>\n<h3>Ashampoo 3D CAD Architecture 11 \u2013 system requirements<\/h3>\n<ul>\n<li><strong>Operating System:<\/strong>\u00a0Windows 10, Windows 11 (ARM-based systems not supported).<\/li>\n<li><strong>Hardware Requirements<\/strong>\u00a0Any device that supports the above operating systems.<\/li>\n<li><strong>Other:<\/strong>\u00a0An internet connection is required to activate the program.\nThe program license is periodically verified.\nAdministrative rights are required to run the software.<\/li>\n<\/ul>","protected":false},"excerpt":{"rendered":"<p class=\"translation-block\"><strong>Ashampoo 3D CAD Architecture 11<\/strong> ist das neueste Upgrade eines bereits innovativen Tools f\u00fcr das Design von H\u00e4usern und die Erstellung von <strong>3D-Konstruktionen<\/strong>. Mit seiner noch pr\u00e4ziseren Funktionsweise und gesteigerten Benutzerfreundlichkeit findet dieses Programm sowohl bei Profis als auch bei Amateuren Anwendung, die ihre architektonischen Tr\u00e4ume verwirklichen m\u00f6chten.<\/p>\n<p class=\"translation-block\">Mit diesem Produkt erwerben Sie eine lebenslange Lizenz in Form eines elektronischen Schl\u00fcssels, die die Verwendung des <strong>3D-Modellierungstools<\/strong> auf einem Ger\u00e4t erm\u00f6glicht. Es ist speziell f\u00fcr Computer mit Windows-Betriebssystemen konzipiert. Die Software unterst\u00fctzt mehrere Sprachen.<\/p>","protected":false},"featured_media":25448,"template":"","meta":{"_seopress_robots_primary_cat":"none","_seopress_titles_title":"Ashampoo 3D CAD Architecture 11 | SwissSoftware24","_seopress_titles_desc":"Ashampoo 3D CAD Architecture 11: Planen und gestalten Sie Geb\u00e4ude in 3D. Ideal f\u00fcr Architekten und Designer. Einfache Bedienung. Jetzt bei SwissSoftware24.","_seopress_robots_index":""},"product_brand":[],"product_cat":[65,82,83,97],"product_tag":[],"class_list":{"0":"post-24754","1":"product","2":"type-product","3":"status-publish","4":"has-post-thumbnail","6":"product_cat-fur-unternehmen","7":"product_cat-video-grafik","8":"product_cat-video-grafik-andere","9":"product_cat-grafik-design","11":"first","12":"onbackorder","13":"virtual","14":"taxable","15":"purchasable","16":"product-type-simple"},"_links":{"self":[{"href":"https:\/\/swisssoftware24.ch\/en\/wp-json\/wp\/v2\/product\/24754","targetHints":{"allow":["GET"]}}],"collection":[{"href":"https:\/\/swisssoftware24.ch\/en\/wp-json\/wp\/v2\/product"}],"about":[{"href":"https:\/\/swisssoftware24.ch\/en\/wp-json\/wp\/v2\/types\/product"}],"wp:featuredmedia":[{"embeddable":true,"href":"https:\/\/swisssoftware24.ch\/en\/wp-json\/wp\/v2\/media\/25448"}],"wp:attachment":[{"href":"https:\/\/swisssoftware24.ch\/en\/wp-json\/wp\/v2\/media?parent=24754"}],"wp:term":[{"taxonomy":"product_brand","embeddable":true,"href":"https:\/\/swisssoftware24.ch\/en\/wp-json\/wp\/v2\/product_brand?post=24754"},{"taxonomy":"product_cat","embeddable":true,"href":"https:\/\/swisssoftware24.ch\/en\/wp-json\/wp\/v2\/product_cat?post=24754"},{"taxonomy":"product_tag","embeddable":true,"href":"https:\/\/swisssoftware24.ch\/en\/wp-json\/wp\/v2\/product_tag?post=24754"}],"curies":[{"name":"wp","href":"https:\/\/api.w.org\/{rel}","templated":true}]}}