{"id":24778,"date":"2024-03-22T07:14:11","date_gmt":"2024-03-22T06:14:11","guid":{"rendered":"https:\/\/swisssoftware24.ch\/?post_type=product&#038;p=24778"},"modified":"2026-03-28T08:07:20","modified_gmt":"2026-03-28T07:07:20","slug":"ashampoo-driver-update","status":"publish","type":"product","link":"https:\/\/swisssoftware24.ch\/en\/products\/ashampoo-driver-update\/","title":{"rendered":"Ashampoo Driver Update"},"content":{"rendered":"<p data-start=\"100\" data-end=\"419\">Ashampoo Driver Updater ensures your PC is always equipped with the latest drivers to improve performance, stability, and compatibility. By automatically scanning and updating, the software helps prevent hardware issues and optimize system speed.<\/p>\n<p data-start=\"421\" data-end=\"661\">With support for a wide range of devices, Ashampoo Driver Updater ensures that all essential drivers are regularly updated. This reduces malfunctions, system crashes, and compatibility problems.<\/p>\n<p data-start=\"663\" data-end=\"943\" data-is-last-node=\"\" data-is-only-node=\"\">Thanks to the intuitive user interface, the program is suitable for both beginners and experienced users. Anyone who wants to keep their PC faster, more stable, and error-free will find an efficient and reliable solution in Ashampoo Driver Updater.<\/p>\n<p data-start=\"663\" data-end=\"943\" data-is-last-node=\"\" data-is-only-node=\"\"><strong>You can find more information about this product\u00a0<a href=\"https:\/\/swisssoftware24.ch\/en\/ashampoo-driver-updater-automatische-treiberaktualisierung-fuer-einen-leistungsstarken-pc\/\">here<\/a>.<\/strong><\/p>\n<h3>Ashampoo Driver Updater \u2013 system requirements<\/h3>\n<ul>\n<li><strong class=\"font-semibold tracking-tight\">Operating System: <\/strong>Windows 7, 8, 10, 11.<\/li>\n<li><strong class=\"font-semibold tracking-tight\">Requirements: <\/strong>Any device that supports the above operating systems.<\/li>\n<li><strong class=\"font-semibold tracking-tight\">Other: <\/strong>An internet connection is required to activate the program. The program license is periodically verified. Administrative rights on the system are needed to use the program.<\/li>\n<\/ul>","protected":false},"excerpt":{"rendered":"<p class=\"translation-block\"><strong>Ashampoo Driver Updater<\/strong> ist ein essenzielles Tool, konzipiert, um die Treiber Ihres Computers stets <strong>aktuell<\/strong> zu halten, was f\u00fcr optimale Leistung und <strong>Systemstabilit\u00e4t<\/strong> entscheidend ist. Es deckt eine umfassende Bandbreite an Ger\u00e4ten und Treibern ab, womit es sich als universelle L\u00f6sung f\u00fcr die Aktualisierung von Treibern und die Erhaltung eines gesunden Systems positioniert.<\/p>\n<p class=\"translation-block\">Durch den Kauf dieses Produkts sichern Sie sich eine dauerhafte Lizenz in Form eines elektronischen Schl\u00fcssels, der die Anwendung des Tools zur <strong>Aktualisierung von Treibern<\/strong> auf bis zu drei Ger\u00e4ten erm\u00f6glicht. Diese Softwareversion ist speziell f\u00fcr Computer mit Windows-Betriebssystemen ausgelegt und unterst\u00fctzt mehrere Sprachen.<\/p>","protected":false},"featured_media":25454,"template":"","meta":{"_seopress_robots_primary_cat":"none","_seopress_titles_title":"Ashampoo Driver Update | Treiber aktualisieren | SwissSoftware24","_seopress_titles_desc":"Ashampoo Driver Update: Finden und installieren Sie die neuesten Treiber f\u00fcr Ihre Hardware. Verbessern Sie die Systemleistung. Jetzt bei SwissSoftware24.","_seopress_robots_index":""},"product_brand":[],"product_cat":[131,65,83],"product_tag":[],"class_list":{"0":"post-24778","1":"product","2":"type-product","3":"status-publish","4":"has-post-thumbnail","6":"product_cat-andere","7":"product_cat-fur-unternehmen","8":"product_cat-video-grafik-andere","10":"first","11":"onbackorder","12":"virtual","13":"taxable","14":"purchasable","15":"product-type-simple"},"_links":{"self":[{"href":"https:\/\/swisssoftware24.ch\/en\/wp-json\/wp\/v2\/product\/24778","targetHints":{"allow":["GET"]}}],"collection":[{"href":"https:\/\/swisssoftware24.ch\/en\/wp-json\/wp\/v2\/product"}],"about":[{"href":"https:\/\/swisssoftware24.ch\/en\/wp-json\/wp\/v2\/types\/product"}],"wp:featuredmedia":[{"embeddable":true,"href":"https:\/\/swisssoftware24.ch\/en\/wp-json\/wp\/v2\/media\/25454"}],"wp:attachment":[{"href":"https:\/\/swisssoftware24.ch\/en\/wp-json\/wp\/v2\/media?parent=24778"}],"wp:term":[{"taxonomy":"product_brand","embeddable":true,"href":"https:\/\/swisssoftware24.ch\/en\/wp-json\/wp\/v2\/product_brand?post=24778"},{"taxonomy":"product_cat","embeddable":true,"href":"https:\/\/swisssoftware24.ch\/en\/wp-json\/wp\/v2\/product_cat?post=24778"},{"taxonomy":"product_tag","embeddable":true,"href":"https:\/\/swisssoftware24.ch\/en\/wp-json\/wp\/v2\/product_tag?post=24778"}],"curies":[{"name":"wp","href":"https:\/\/api.w.org\/{rel}","templated":true}]}}