{"id":24849,"date":"2024-03-24T18:59:06","date_gmt":"2024-03-24T17:59:06","guid":{"rendered":"https:\/\/swisssoftware24.ch\/?post_type=product&#038;p=24849"},"modified":"2025-11-29T23:56:54","modified_gmt":"2025-11-29T22:56:54","slug":"ashampoo-pdf-pro-3","status":"publish","type":"product","link":"https:\/\/swisssoftware24.ch\/en\/products\/ashampoo-pdf-pro-3\/","title":{"rendered":"Ashampoo PDF Pro 3"},"content":{"rendered":"<p class=\"\" data-start=\"87\" data-end=\"422\">Ashampoo PDF Pro 3 is a powerful software for creating, editing, and managing PDF documents. Whether you want to create new PDFs, edit existing documents, or convert files to other formats, this program offers all the necessary tools for efficient document management.<\/p>\n<p class=\"\" data-start=\"424\" data-end=\"773\">In addition to features like merging, reorganizing, and encrypting PDFs, Ashampoo PDF Pro 3 also enables digital signatures to securely authenticate documents. Optimized file compression ensures that PDFs are saved space-efficiently, while the dark mode provides a more comfortable working environment.<\/p>\n<p class=\"\" data-start=\"775\" data-end=\"1010\">Thanks to its intuitive user interface, Ashampoo PDF Pro 3 is suitable for both professional users and home use when it comes to working with PDFs quickly, securely, and flexibly.<\/p>\n<p data-start=\"775\" data-end=\"1010\"><strong>You can find more information about this product\u00a0<a href=\"https:\/\/swisssoftware24.ch\/en\/ashampoo-pdf-pro-3-die-all-in-one-loesung-fuer-pdf-erstellung-und-bearbeitung\/\">here<\/a>.<\/strong><\/p>\n<h3>Ashampoo PDF Pro 3 \u2013 system requirements<\/h3>\n<ul>\n<li><strong class=\"font-semibold tracking-tight\">Operating System: <\/strong>Windows 10, 11 (x64).<\/li>\n<li><strong class=\"font-semibold tracking-tight\">Requirements: <\/strong>Any device that supports the above operating systems.<\/li>\n<li><strong class=\"font-semibold tracking-tight\">Other: <\/strong>An internet connection is required to activate the program.\nThe program license is periodically verified.<\/li>\n<\/ul>","protected":false},"excerpt":{"rendered":"<p>Ashampoo PDF Pro 3 is a comprehensive solution for a wide range of tasks related to <strong>PDF documents<\/strong>, offering advanced tools for creating, editing, converting, and securing files in this format.<\/p>\n<p class=\"translation-block\">Mit dem Kauf dieses Produkts erhalten Sie eine dauerhafte Lizenz in Form eines elektronischen Schl\u00fcssels f\u00fcr die Nutzung des <strong>Tools zur Verwaltung und Bearbeitung<\/strong> von PDF-Dateien auf einem Ger\u00e4t. Diese Version ist speziell f\u00fcr Computer mit Windows-Betriebssystemen gestaltet. Die Software unterst\u00fctzt mehrere Sprachen.<\/p>","protected":false},"featured_media":25458,"template":"","meta":{"_seopress_robots_primary_cat":"none","_seopress_titles_title":"Ashampoo PDF Pro 3 | PDF-Dateien bearbeiten | SwissSoftware24","_seopress_titles_desc":"Bearbeiten, konvertieren und sch\u00fctzen Sie Ihre PDFs mit Ashampoo PDF Pro 3. Ideal f\u00fcr Ihre Dokumentenverwaltung. Jetzt zugreifen!","_seopress_robots_index":""},"product_brand":[],"product_cat":[131,95,65,77,83],"product_tag":[],"class_list":{"0":"post-24849","1":"product","2":"type-product","3":"status-publish","4":"has-post-thumbnail","6":"product_cat-andere","7":"product_cat-buro-software","8":"product_cat-fur-unternehmen","9":"product_cat-office-programme","10":"product_cat-video-grafik-andere","12":"first","13":"outofstock","14":"virtual","15":"taxable","16":"purchasable","17":"product-type-simple"},"_links":{"self":[{"href":"https:\/\/swisssoftware24.ch\/en\/wp-json\/wp\/v2\/product\/24849","targetHints":{"allow":["GET"]}}],"collection":[{"href":"https:\/\/swisssoftware24.ch\/en\/wp-json\/wp\/v2\/product"}],"about":[{"href":"https:\/\/swisssoftware24.ch\/en\/wp-json\/wp\/v2\/types\/product"}],"wp:featuredmedia":[{"embeddable":true,"href":"https:\/\/swisssoftware24.ch\/en\/wp-json\/wp\/v2\/media\/25458"}],"wp:attachment":[{"href":"https:\/\/swisssoftware24.ch\/en\/wp-json\/wp\/v2\/media?parent=24849"}],"wp:term":[{"taxonomy":"product_brand","embeddable":true,"href":"https:\/\/swisssoftware24.ch\/en\/wp-json\/wp\/v2\/product_brand?post=24849"},{"taxonomy":"product_cat","embeddable":true,"href":"https:\/\/swisssoftware24.ch\/en\/wp-json\/wp\/v2\/product_cat?post=24849"},{"taxonomy":"product_tag","embeddable":true,"href":"https:\/\/swisssoftware24.ch\/en\/wp-json\/wp\/v2\/product_tag?post=24849"}],"curies":[{"name":"wp","href":"https:\/\/api.w.org\/{rel}","templated":true}]}}