{"id":24887,"date":"2024-03-25T19:11:21","date_gmt":"2024-03-25T18:11:21","guid":{"rendered":"https:\/\/swisssoftware24.ch\/?post_type=product&#038;p=24887"},"modified":"2025-11-30T00:17:25","modified_gmt":"2025-11-29T23:17:25","slug":"ashampoo-photo-optimizer-10","status":"publish","type":"product","link":"https:\/\/swisssoftware24.ch\/en\/products\/ashampoo-photo-optimizer-10\/","title":{"rendered":"Ashampoo Photo Optimizer 10"},"content":{"rendered":"<p data-start=\"0\" data-end=\"236\">Ashampoo Photo Optimizer 10 brings order and polish to any photo library: one-click optimization automatically improves colour, contrast and white balance\u2014perfect when you need results fast.<\/p>\n<p data-start=\"238\" data-end=\"440\">For more demanding shots, tools like remove image noise, perspective correction and support for LUT are available. This lets you shape look and mood precisely without a long learning curve.<\/p>\n<p data-start=\"442\" data-end=\"627\">Thanks to batch processing you can optimise whole series in one go. The intuitive user interface guides you to the goal\u2014from holiday albums to product photos for web and social.<\/p>\n<p data-start=\"442\" data-end=\"627\"><strong>You can find more information about this product\u00a0<a href=\"https:\/\/swisssoftware24.ch\/en\/ashampoo-photo-optimizer-10-schnell-zu-starken-fotos\/\">here<\/a>.<\/strong><\/p>\n<h3>Ashampoo Photo Optimizer 10 \u2013system requirements<\/h3>\n<ul>\n<li><strong class=\"font-semibold tracking-tight\">Operating systems: <\/strong>Windows 10, 11 (x64)<\/li>\n<li><strong class=\"font-semibold tracking-tight\">Requirements: <\/strong>Any device that supports the above operating systems.<\/li>\n<li><strong class=\"font-semibold tracking-tight\">Other: <\/strong>Microsoft Visual C++ 2015 x64 Redistributable. An internet connection is required to activate the program. The program license is checked regularly.<\/li>\n<\/ul>","protected":false},"excerpt":{"rendered":"<p class=\"translation-block\"><strong>Ashampoo Photo Optimizer 10<\/strong> ist ein fortschrittliches <strong>Fotobearbeitungsprogramm<\/strong>, das eine einfache und effektive Verbesserung von Bildern erm\u00f6glicht. Mit diesem Tool k\u00f6nnen Benutzer die Qualit\u00e4t ihrer Fotos erheblich verbessern, dank der <strong>Ein-Klick-Optimierungsfunktion<\/strong>, die automatisch verschiedene Aspekte der Bilder f\u00fcr die besten Ergebnisse anpasst.<\/p>\n<p class=\"translation-block\">Durch den Kauf dieses Produkts erwerben Sie eine dauerhafte Lizenz in Form eines elektronischen Schl\u00fcssels, die die Nutzung des <strong>Fotobearbeitungsprogramms<\/strong> auf einem Ger\u00e4t erm\u00f6glicht. Diese Version ist f\u00fcr Computer mit Windows-Betriebssystemen konzipiert. Die Software ist mehrsprachig.<\/p>","protected":false},"featured_media":25460,"template":"","meta":{"_seopress_robots_primary_cat":"none","_seopress_titles_title":"Ashampoo Photo Optimizer 10 | SwissSoftware24","_seopress_titles_desc":"Ashampoo Photo Optimizer 10: Optimieren Sie Ihre Fotos mit einem Klick. Verbessern Sie Farben, Kontrast und Helligkeit. Jetzt bei SwissSoftware24 erh\u00e4ltlich.","_seopress_robots_index":""},"product_brand":[],"product_cat":[65,97,82,83],"product_tag":[],"class_list":{"0":"post-24887","1":"product","2":"type-product","3":"status-publish","4":"has-post-thumbnail","6":"product_cat-fur-unternehmen","7":"product_cat-grafik-design","8":"product_cat-video-grafik","9":"product_cat-video-grafik-andere","11":"first","12":"onbackorder","13":"virtual","14":"taxable","15":"purchasable","16":"product-type-simple"},"_links":{"self":[{"href":"https:\/\/swisssoftware24.ch\/en\/wp-json\/wp\/v2\/product\/24887","targetHints":{"allow":["GET"]}}],"collection":[{"href":"https:\/\/swisssoftware24.ch\/en\/wp-json\/wp\/v2\/product"}],"about":[{"href":"https:\/\/swisssoftware24.ch\/en\/wp-json\/wp\/v2\/types\/product"}],"wp:featuredmedia":[{"embeddable":true,"href":"https:\/\/swisssoftware24.ch\/en\/wp-json\/wp\/v2\/media\/25460"}],"wp:attachment":[{"href":"https:\/\/swisssoftware24.ch\/en\/wp-json\/wp\/v2\/media?parent=24887"}],"wp:term":[{"taxonomy":"product_brand","embeddable":true,"href":"https:\/\/swisssoftware24.ch\/en\/wp-json\/wp\/v2\/product_brand?post=24887"},{"taxonomy":"product_cat","embeddable":true,"href":"https:\/\/swisssoftware24.ch\/en\/wp-json\/wp\/v2\/product_cat?post=24887"},{"taxonomy":"product_tag","embeddable":true,"href":"https:\/\/swisssoftware24.ch\/en\/wp-json\/wp\/v2\/product_tag?post=24887"}],"curies":[{"name":"wp","href":"https:\/\/api.w.org\/{rel}","templated":true}]}}