{"id":24891,"date":"2024-03-25T19:17:07","date_gmt":"2024-03-25T18:17:07","guid":{"rendered":"https:\/\/swisssoftware24.ch\/?post_type=product&#038;p=24891"},"modified":"2025-11-30T00:17:25","modified_gmt":"2025-11-29T23:17:25","slug":"ashampoo-privacy-inspector","status":"publish","type":"product","link":"https:\/\/swisssoftware24.ch\/en\/products\/ashampoo-privacy-inspector\/","title":{"rendered":"Ashampoo Privacy Inspector"},"content":{"rendered":"<p data-start=\"0\" data-end=\"295\">Ashampoo Privacy Inspector presents a chronological timeline of every file opened, website visited and search term entered\u2014collated from Chrome, Edge, Firefox and all Windows accounts.<\/p>\n<p data-start=\"297\" data-end=\"492\">With just a few clicks you can disable Windows telemetry, location and diagnostic services, and decide which apps may access the camera, microphone or Bluetooth.<\/p>\n<p data-start=\"494\" data-end=\"730\">An integrated recovery tool retrieves accidentally deleted documents, while a secure-erase module wipes selected traces so thoroughly that they cannot be restored.<\/p>\n<p data-start=\"494\" data-end=\"730\"><strong>You can find more information about this product\u00a0<a href=\"https:\/\/swisssoftware24.ch\/en\/ashampoo-privacy-inspector-kontrolle-ueber-alles-was-windows-ueber-sie-weiss\/\">here<\/a>.<\/strong><\/p>\n<h3>Ashampoo Privacy Inspector \u2013 system requirements<\/h3>\n<ul>\n<li><strong class=\"font-semibold tracking-tight\">Operating System: <\/strong>Windows 7, 10, 11 (x64)<\/li>\n<li><strong class=\"font-semibold tracking-tight\">Supported Browsers: <\/strong>Mozilla Firefox, Google Chrome, Microsoft Edge Chromium<\/li>\n<li><strong class=\"font-semibold tracking-tight\">Requirements: <\/strong>Any device that supports the above operating systems.<\/li>\n<li><strong class=\"font-semibold tracking-tight\">Other: <\/strong>Screen resolution: 1280\u00d7768 (Recommended: 1920\u00d71080)\nAdministrative rights on the system are required to use the program\nAn internet connection is required to activate the program\nThe program license is periodically verified<\/li>\n<\/ul>","protected":false},"excerpt":{"rendered":"<p class=\"translation-block\">Ashampoo Privacy Inspector ist ein fortschrittliches <strong>Tool f\u00fcr digitale Privatsph\u00e4re<\/strong> auf Windows-Computern. Dieses Programm erm\u00f6glicht einen detaillierten Einblick in die <strong>Benutzeraktivit\u00e4t<\/strong> und das Management von Daten, die vom System registriert werden, was f\u00fcr das <strong>Datenschutz-Management unter Windows<\/strong> entscheidend ist.<\/p>\n<p class=\"translation-block\">Durch den Kauf dieses Produkts erhalten Sie eine dauerhafte Lizenz in Form eines elektronischen Schl\u00fcssels, die die Nutzung des <strong>Datenschutzkontrolltools<\/strong> auf einem Ger\u00e4t erlaubt. Diese Version ist speziell f\u00fcr Computer mit Windows-Betriebssystemen konzipiert. Die Software ist mehrsprachig.<\/p>","protected":false},"featured_media":25461,"template":"","meta":{"_seopress_robots_primary_cat":"none","_seopress_titles_title":"Ashampoo Privacy Inspector | Datensicherheit | SwissSoftware24","_seopress_titles_desc":"Ashampoo Privacy Inspector: \u00dcberwachen Sie Ihre digitalen Spuren, sch\u00fctzen Ihre Privatsph\u00e4re. Erkennen und entfernen Sie Datenlecks. Jetzt bei SwissSoftware24.","_seopress_robots_index":""},"product_brand":[],"product_cat":[63,93,79,65,94],"product_tag":[],"class_list":{"0":"post-24891","1":"product","2":"type-product","3":"status-publish","4":"has-post-thumbnail","6":"product_cat-antivirus-security","7":"product_cat-antivirus","8":"product_cat-sicherheit-fur-firmen","9":"product_cat-fur-unternehmen","10":"product_cat-antivirus-security-fur-unternehmen","12":"first","13":"onbackorder","14":"virtual","15":"taxable","16":"purchasable","17":"product-type-simple"},"_links":{"self":[{"href":"https:\/\/swisssoftware24.ch\/en\/wp-json\/wp\/v2\/product\/24891","targetHints":{"allow":["GET"]}}],"collection":[{"href":"https:\/\/swisssoftware24.ch\/en\/wp-json\/wp\/v2\/product"}],"about":[{"href":"https:\/\/swisssoftware24.ch\/en\/wp-json\/wp\/v2\/types\/product"}],"wp:featuredmedia":[{"embeddable":true,"href":"https:\/\/swisssoftware24.ch\/en\/wp-json\/wp\/v2\/media\/25461"}],"wp:attachment":[{"href":"https:\/\/swisssoftware24.ch\/en\/wp-json\/wp\/v2\/media?parent=24891"}],"wp:term":[{"taxonomy":"product_brand","embeddable":true,"href":"https:\/\/swisssoftware24.ch\/en\/wp-json\/wp\/v2\/product_brand?post=24891"},{"taxonomy":"product_cat","embeddable":true,"href":"https:\/\/swisssoftware24.ch\/en\/wp-json\/wp\/v2\/product_cat?post=24891"},{"taxonomy":"product_tag","embeddable":true,"href":"https:\/\/swisssoftware24.ch\/en\/wp-json\/wp\/v2\/product_tag?post=24891"}],"curies":[{"name":"wp","href":"https:\/\/api.w.org\/{rel}","templated":true}]}}