{"id":24895,"date":"2024-03-25T19:26:11","date_gmt":"2024-03-25T18:26:11","guid":{"rendered":"https:\/\/swisssoftware24.ch\/?post_type=product&#038;p=24895"},"modified":"2025-11-30T00:17:25","modified_gmt":"2025-11-29T23:17:25","slug":"ashampoo-soundstage-pro","status":"publish","type":"product","link":"https:\/\/swisssoftware24.ch\/en\/products\/ashampoo-soundstage-pro\/","title":{"rendered":"Ashampoo Soundstage Pro"},"content":{"rendered":"<p class=\"\" data-start=\"165\" data-end=\"578\">Ashampoo Soundstage Pro transforms your ordinary headphones into an impressive surround sound experience. By using advanced HRTF technology, the software simulates how sound from different directions reaches the human ear, creating a realistic soundstage. The user feels immersed in the audio experience \u2013 whether listening to music, watching movies, or playing games.<\/p>\n<p class=\"\" data-start=\"580\" data-end=\"964\">Support for audio formats like 5.1, 6.1, and 7.1, as well as ten selectable virtual sound locations, offer maximum flexibility. Whether classical music or action-packed games: Ashampoo Soundstage Pro adapts to any application through various presets. The low-latency mode is specifically designed for gamers to react without delay even in fast-paced scenes.<\/p>\n<p class=\"\" data-start=\"966\" data-end=\"1350\">The software is compatible with all common headphones and also improves classic stereo playback. Thus, even simple models benefit from a sound quality that is otherwise only offered by expensive hi-fi systems. Ashampoo Soundstage Pro is therefore a cost-effective solution for anyone looking to take their audio experience to a new level \u2013 without additional hardware.<\/p>\n<p data-start=\"966\" data-end=\"1350\"><strong>You can find more information about this product\u00a0<a href=\"https:\/\/swisssoftware24.ch\/en\/ashampoo-soundstage-pro-virtueller-raumklang-fuer-alle-kopfhoerer\/\">here<\/a>.<\/strong><\/p>\n<h3>Ashampoo Soundstage Pro \u2013 system requirements<\/h3>\n<p><strong class=\"font-semibold tracking-tight\">Operating System: <\/strong>Windows 7, 8, 10, 11<\/p>\n<p><strong class=\"font-semibold tracking-tight\">Requirements: <\/strong>Any device that supports the above operating systems.<\/p>\n<p><strong class=\"font-semibold tracking-tight\">Other: <\/strong>Administrative rights on the system are required to use the program.\nAn internet connection is required to activate the program. The program license is periodically verified.<\/p>","protected":false},"excerpt":{"rendered":"<div class=\"flex-shrink-0 flex flex-col relative items-end\">\n<div>\n<div class=\"pt-0.5\">\n<div class=\"gizmo-shadow-stroke flex h-6 w-6 items-center justify-center overflow-hidden rounded-full\">\n<div class=\"h-6 w-6\"><\/div>\n<\/div>\n<\/div>\n<\/div>\n<\/div>\n<div class=\"relative flex w-full flex-col agent-turn\">\n<div class=\"flex-col gap-1 md:gap-3\">\n<div class=\"flex flex-grow flex-col max-w-full\">\n<div class=\"min-h-[20px] text-message flex flex-col items-start gap-3 whitespace-pre-wrap break-words [.text-message+&amp;]:mt-5 overflow-x-auto\" data-message-author-role=\"assistant\" data-message-id=\"0ff03c18-876c-4b79-b30f-c9809e26eff9\">\n<div class=\"markdown prose w-full break-words dark:prose-invert dark\">\n<p class=\"translation-block\">Ashampoo Soundstage Pro ist eine revolution\u00e4re Software, die gew\u00f6hnliche Kopfh\u00f6rer mit <strong>Virtuellem Surround-Sound<\/strong>&nbsp;in ein fortschrittliches r\u00e4umliches Soundsystem verwandelt, wodurch PC-Benutzern hervorragender Klang geboten wird, ohne in teure Audiosysteme investieren zu m\u00fcssen.<\/p>\n<p class=\"translation-block\">Mit diesem Produkt erwerben Sie eine ewige Lizenz in Form eines elektronischen Schl\u00fcssels, der Ihnen das Recht gibt, den <strong>Audio-Enhancer f\u00fcr PCs<\/strong>&nbsp;auf einem Ger\u00e4t zu nutzen. Es handelt sich um eine Version f\u00fcr Computer mit Windows-Betriebssystemen. Die Software ist mehrsprachig.<\/p>\n<\/div>\n<\/div>\n<\/div>\n<\/div>\n<\/div>","protected":false},"featured_media":25462,"template":"","meta":{"_seopress_robots_primary_cat":"none","_seopress_titles_title":"Ashampoo Soundstage Pro | SwissSoftware24","_seopress_titles_desc":"Ashampoo Soundstage Pro: Erleben Sie virtuellen Surround-Sound auf Ihrem PC. Optimieren Sie Ihr Audioerlebnis f\u00fcr Spiele und Filme. Jetzt bei SwissSoftware24.","_seopress_robots_index":""},"product_brand":[],"product_cat":[131,83],"product_tag":[],"class_list":{"0":"post-24895","1":"product","2":"type-product","3":"status-publish","4":"has-post-thumbnail","6":"product_cat-andere","7":"product_cat-video-grafik-andere","9":"first","10":"onbackorder","11":"virtual","12":"taxable","13":"purchasable","14":"product-type-simple"},"_links":{"self":[{"href":"https:\/\/swisssoftware24.ch\/en\/wp-json\/wp\/v2\/product\/24895","targetHints":{"allow":["GET"]}}],"collection":[{"href":"https:\/\/swisssoftware24.ch\/en\/wp-json\/wp\/v2\/product"}],"about":[{"href":"https:\/\/swisssoftware24.ch\/en\/wp-json\/wp\/v2\/types\/product"}],"wp:featuredmedia":[{"embeddable":true,"href":"https:\/\/swisssoftware24.ch\/en\/wp-json\/wp\/v2\/media\/25462"}],"wp:attachment":[{"href":"https:\/\/swisssoftware24.ch\/en\/wp-json\/wp\/v2\/media?parent=24895"}],"wp:term":[{"taxonomy":"product_brand","embeddable":true,"href":"https:\/\/swisssoftware24.ch\/en\/wp-json\/wp\/v2\/product_brand?post=24895"},{"taxonomy":"product_cat","embeddable":true,"href":"https:\/\/swisssoftware24.ch\/en\/wp-json\/wp\/v2\/product_cat?post=24895"},{"taxonomy":"product_tag","embeddable":true,"href":"https:\/\/swisssoftware24.ch\/en\/wp-json\/wp\/v2\/product_tag?post=24895"}],"curies":[{"name":"wp","href":"https:\/\/api.w.org\/{rel}","templated":true}]}}