{"id":24900,"date":"2024-03-25T19:32:51","date_gmt":"2024-03-25T18:32:51","guid":{"rendered":"https:\/\/swisssoftware24.ch\/?post_type=product&#038;p=24900"},"modified":"2025-11-30T00:17:25","modified_gmt":"2025-11-29T23:17:25","slug":"ashampoo-uninstaller-14","status":"publish","type":"product","link":"https:\/\/swisssoftware24.ch\/en\/products\/ashampoo-uninstaller-14\/","title":{"rendered":"Ashampoo UnInstaller 14"},"content":{"rendered":"<div class=\"flex-1 overflow-hidden\">\n<div class=\"react-scroll-to-bottom--css-qpwgn-79elbk h-full\">\n<div class=\"react-scroll-to-bottom--css-qpwgn-1n7m0yu\">\n<div class=\"flex flex-col text-sm pb-9\">\n<div class=\"w-full text-token-text-primary\" data-testid=\"conversation-turn-21\">\n<div class=\"px-4 py-2 justify-center text-base md:gap-6 m-auto\">\n<div class=\"flex flex-1 text-base mx-auto gap-3 md:px-5 lg:px-1 xl:px-5 md:max-w-3xl lg:max-w-[40rem] xl:max-w-[48rem] group final-completion\">\n<div class=\"relative flex w-full flex-col agent-turn\">\n<div class=\"flex-col gap-1 md:gap-3\">\n<div class=\"flex flex-grow flex-col max-w-full\">\n<div class=\"min-h-[20px] text-message flex flex-col items-start gap-3 whitespace-pre-wrap break-words [.text-message+&amp;]:mt-5 overflow-x-auto\" data-message-author-role=\"assistant\" data-message-id=\"9a9900da-ac5c-4a34-bc93-53dca276d6a4\">\n<div class=\"markdown prose w-full break-words dark:prose-invert dark\">\n<p class=\"\" data-start=\"333\" data-end=\"696\">Ashampoo UnInstaller 14 offers a comprehensive solution for the safe and complete removal of unwanted programs. The advanced snapshot technology logs every change during an installation, ensuring that no remnants are left behind later. Thanks to the five-way uninstallation, even traces deeply hidden in the system are deleted.<\/p>\n<p class=\"\" data-start=\"698\" data-end=\"1039\">Particularly practical is the ability to move installed programs to other drives \u2013 ideal when storage space is limited. The software automatically detects installations and offers intelligent cleaning functions, including a thorough cleanup of the Windows Registry. This saves time and prevents manual intervention.<\/p>\n<p class=\"\" data-start=\"1041\" data-end=\"1357\">In addition to a significantly improved user interface, Ashampoo UnInstaller 14 offers additional system maintenance functions. These include internet and drive cleaners with whitelists, file filters, and further optimizations. The program supports all modern Windows versions and is available in many languages.<\/p>\n<p data-start=\"1041\" data-end=\"1357\"><strong>You can find more information about this product\u00a0<a href=\"https:\/\/swisssoftware24.ch\/en\/ashampoo-uninstaller-14-saubere-deinstallation-auf-einem-neuen-level\/\">here<\/a>.<\/strong><\/p>\n<\/div>\n<\/div>\n<\/div>\n<\/div>\n<\/div>\n<\/div>\n<\/div>\n<\/div>\n<\/div>\n<\/div>\n<\/div>\n<\/div>\n<div class=\"w-full pt-2 md:pt-0 dark:border-white\/20 md:border-transparent md:dark:border-transparent md:w-[calc(100%-.5rem)]\">\n<h3 class=\"flex w-full items-center\">Ashampoo UnInstaller 14 \u2013 system requirements<\/h3>\n<ul>\n<li><strong class=\"font-semibold tracking-tight\">Operating System: <\/strong>Windows 7, 8, 10, 11<\/li>\n<li><strong class=\"font-semibold tracking-tight\">Requirements: <\/strong>Any device that supports the above operating systems.<\/li>\n<li><strong class=\"font-semibold tracking-tight\">Other:<\/strong>An internet connection is required to activate the program. The program license is periodically verified. Administrative rights on the system are needed to use the program.<\/li>\n<\/ul>\n<\/div>","protected":false},"excerpt":{"rendered":"<p class=\"translation-block\">Ashampoo UnInstaller 14 ist ein fortschrittliches <strong>Tool zur Software-Deinstallation<\/strong>, das f\u00fcr eine problemlose Entfernung von Software, Toolbars und Plugins aus dem Microsoft Windows-System sorgt. Es erm\u00f6glicht Ihnen, Anwendungen zu installieren, zu testen und zu deinstallieren, ohne R\u00fcckst\u00e4nde zu hinterlassen, was die Sauberkeit und Leistung des Systems gew\u00e4hrleistet.<\/p>\n<p class=\"translation-block\">Mit diesem Produkt erwerben Sie eine ewige Lizenz in Form eines elektronischen Schl\u00fcssels, der Sie zur Nutzung des <strong>Deinstallationswerkzeugs<\/strong> auf einem Ger\u00e4t berechtigt. Es handelt sich um eine Version f\u00fcr Computer mit Windows-Betriebssystemen. Die Software ist mehrsprachig.<\/p>","protected":false},"featured_media":25463,"template":"","meta":{"_seopress_robots_primary_cat":"none","_seopress_titles_title":"Ashampoo UnInstaller 14 | SwissSoftware24","_seopress_titles_desc":"Ashampoo UnInstaller 14 entfernt Programme und ihre R\u00fcckst\u00e4nde vollst\u00e4ndig. Sch\u00fctzen Sie Ihr System und optimieren Sie die Leistung. Jetzt bei SwissSoftware24.","_seopress_robots_index":""},"product_brand":[],"product_cat":[131,65,83],"product_tag":[],"class_list":{"0":"post-24900","1":"product","2":"type-product","3":"status-publish","4":"has-post-thumbnail","6":"product_cat-andere","7":"product_cat-fur-unternehmen","8":"product_cat-video-grafik-andere","10":"first","11":"onbackorder","12":"virtual","13":"taxable","14":"purchasable","15":"product-type-simple"},"_links":{"self":[{"href":"https:\/\/swisssoftware24.ch\/en\/wp-json\/wp\/v2\/product\/24900","targetHints":{"allow":["GET"]}}],"collection":[{"href":"https:\/\/swisssoftware24.ch\/en\/wp-json\/wp\/v2\/product"}],"about":[{"href":"https:\/\/swisssoftware24.ch\/en\/wp-json\/wp\/v2\/types\/product"}],"wp:featuredmedia":[{"embeddable":true,"href":"https:\/\/swisssoftware24.ch\/en\/wp-json\/wp\/v2\/media\/25463"}],"wp:attachment":[{"href":"https:\/\/swisssoftware24.ch\/en\/wp-json\/wp\/v2\/media?parent=24900"}],"wp:term":[{"taxonomy":"product_brand","embeddable":true,"href":"https:\/\/swisssoftware24.ch\/en\/wp-json\/wp\/v2\/product_brand?post=24900"},{"taxonomy":"product_cat","embeddable":true,"href":"https:\/\/swisssoftware24.ch\/en\/wp-json\/wp\/v2\/product_cat?post=24900"},{"taxonomy":"product_tag","embeddable":true,"href":"https:\/\/swisssoftware24.ch\/en\/wp-json\/wp\/v2\/product_tag?post=24900"}],"curies":[{"name":"wp","href":"https:\/\/api.w.org\/{rel}","templated":true}]}}