{"id":24904,"date":"2024-03-25T19:45:07","date_gmt":"2024-03-25T18:45:07","guid":{"rendered":"https:\/\/swisssoftware24.ch\/?post_type=product&#038;p=24904"},"modified":"2025-11-30T00:17:25","modified_gmt":"2025-11-29T23:17:25","slug":"ashampoo-video-optimizer-pro-2","status":"publish","type":"product","link":"https:\/\/swisssoftware24.ch\/en\/products\/ashampoo-video-optimizer-pro-2\/","title":{"rendered":"Ashampoo Video Optimizer Pro 2"},"content":{"rendered":"<p data-start=\"0\" data-end=\"272\">Ashampoo Video Optimizer Pro 2 noticeably elevates video quality: colours and contrast are optimised, noise and flicker reduced, and shaky footage stabilised\u2014fast, efficient and without complicated workflows.<\/p>\n<p data-start=\"274\" data-end=\"492\">Thanks to 20 colour presets, slow motion and time-lapse, creative looks are just a few clicks away. Comprehensive tools and lens distortion correction (e.g., fisheye) ensure clean, natural results.<\/p>\n<p data-start=\"494\" data-end=\"721\">Wide format support up to 4K, including H.265\/HEVC, plus hardware acceleration on NVIDIA graphics cards speeds up export and conversion. Ideal when you want to enhance, trim and share videos quickly.<\/p>\n<p data-start=\"494\" data-end=\"721\"><strong>You can find more information about this product\u00a0<a href=\"https:\/\/swisssoftware24.ch\/en\/ashampoo-video-optimizer-pro-2-qualitaet-die-man-sofort-sieht\/\">here<\/a>.<\/strong><\/p>\n<h3>Ashampoo Video Optimizer Pro 2 \u2013 system requirements<\/h3>\n<ul>\n<li><strong class=\"font-semibold tracking-tight\">Operating System: <\/strong>Windows 8, 10, 11 (64-Bit)<\/li>\n<li><strong class=\"font-semibold tracking-tight\">Software:<\/strong>Windows Media Player 10, .NET Framework 4.0<\/li>\n<li><strong class=\"font-semibold tracking-tight\">Processor: <\/strong>For DVD-quality editing: Dual-core processor (min. 2.4 GHz).\nFor HD-quality editing: Intel Core i5\/i7 or similar quad-core processors.<\/li>\n<li><strong class=\"font-semibold tracking-tight\">RAM: <\/strong>DVD-quality: Minimum 2 GB free memory.\nHD-quality: Minimum 4 GB free memory (8 GB or more recommended).<\/li>\n<li><strong class=\"font-semibold tracking-tight\">Graphics card: <\/strong>DirectX 9, Pixelshader v2.0, Min. 128 MB RAM, Min. 1280&#215;1024<\/li>\n<li><strong class=\"font-semibold tracking-tight\">Other: <\/strong>An internet connection is required to activate the program. The program license is periodically verified. Some services require an internet connection.<\/li>\n<\/ul>","protected":false},"excerpt":{"rendered":"<p class=\"translation-block\">Ashampoo Video Optimizer Pro 2 ist ein fortschrittliches <strong>Werkzeug zur Verbesserung der Videoqualit\u00e4t<\/strong>, das das Verbessern, Zuschneiden und Stabilisieren von Aufnahmen erleichtert. Es automatisiert viele Aufgaben und bietet Unterst\u00fctzung f\u00fcr die <strong>Stapelverarbeitung<\/strong>, wodurch Benutzer wackelige Aufnahmen stabilisieren, Farben und Kontraste optimieren sowie Videos mit einem Klick sch\u00e4rfen k\u00f6nnen, w\u00e4hrend sie gleichzeitig mit h\u00e4ufigen Problemen wie digitalem Rauschen und Flimmern umgehen.<\/p>\n<p class=\"translation-block\">Mit diesem Produkt erwerben Sie eine ewige Lizenz in Form eines elektronischen Schl\u00fcssels, der Sie zur Nutzung des <strong>Werkzeugs zur Verbesserung der Videoqualit\u00e4t<\/strong> auf einem Ger\u00e4t berechtigt. Es handelt sich um eine Version f\u00fcr Computer mit Windows-Betriebssystemen. Die Software ist mehrsprachig.<\/p>","protected":false},"featured_media":25464,"template":"","meta":{"_seopress_robots_primary_cat":"none","_seopress_titles_title":"Ashampoo Video Optimizer Pro 2 | SwissSoftware24","_seopress_titles_desc":"Ashampoo Video Optimizer Pro 2: Optimieren Sie Ihre Videos mit verbesserten Farben, Stabilisierung, Effekten. Ideal f\u00fcr alle Formate. Jetzt bei SwissSoftware24.","_seopress_robots_index":""},"product_brand":[],"product_cat":[65,82,83,100],"product_tag":[],"class_list":{"0":"post-24904","1":"product","2":"type-product","3":"status-publish","4":"has-post-thumbnail","6":"product_cat-fur-unternehmen","7":"product_cat-video-grafik","8":"product_cat-video-grafik-andere","9":"product_cat-video","11":"first","12":"onbackorder","13":"virtual","14":"taxable","15":"purchasable","16":"product-type-simple"},"_links":{"self":[{"href":"https:\/\/swisssoftware24.ch\/en\/wp-json\/wp\/v2\/product\/24904","targetHints":{"allow":["GET"]}}],"collection":[{"href":"https:\/\/swisssoftware24.ch\/en\/wp-json\/wp\/v2\/product"}],"about":[{"href":"https:\/\/swisssoftware24.ch\/en\/wp-json\/wp\/v2\/types\/product"}],"wp:featuredmedia":[{"embeddable":true,"href":"https:\/\/swisssoftware24.ch\/en\/wp-json\/wp\/v2\/media\/25464"}],"wp:attachment":[{"href":"https:\/\/swisssoftware24.ch\/en\/wp-json\/wp\/v2\/media?parent=24904"}],"wp:term":[{"taxonomy":"product_brand","embeddable":true,"href":"https:\/\/swisssoftware24.ch\/en\/wp-json\/wp\/v2\/product_brand?post=24904"},{"taxonomy":"product_cat","embeddable":true,"href":"https:\/\/swisssoftware24.ch\/en\/wp-json\/wp\/v2\/product_cat?post=24904"},{"taxonomy":"product_tag","embeddable":true,"href":"https:\/\/swisssoftware24.ch\/en\/wp-json\/wp\/v2\/product_tag?post=24904"}],"curies":[{"name":"wp","href":"https:\/\/api.w.org\/{rel}","templated":true}]}}