{"id":24911,"date":"2024-03-25T21:02:25","date_gmt":"2024-03-25T20:02:25","guid":{"rendered":"https:\/\/swisssoftware24.ch\/?post_type=product&#038;p=24911"},"modified":"2025-11-30T00:17:25","modified_gmt":"2025-11-29T23:17:25","slug":"ashampoo-webcam-guard","status":"publish","type":"product","link":"https:\/\/swisssoftware24.ch\/en\/products\/ashampoo-webcam-guard\/","title":{"rendered":"Ashampoo WebCam Guard"},"content":{"rendered":"<p data-start=\"307\" data-end=\"614\">Ashampoo WebCam Guard is the ideal solution for anyone who wants to protect their privacy and maintain control over their webcam and microphone. The software provides a simple way to activate or deactivate the camera and microphone using a switch \u2013 no technical knowledge required.<\/p>\n<p data-start=\"616\" data-end=\"897\">Monitoring happens in real time: every unauthorized access attempt is detected and reported immediately. This protects the user from potential spyware attacks and provides an extra level of security, especially when using public networks or shared devices.<\/p>\n<p data-start=\"899\" data-end=\"1162\">Additionally, Ashampoo WebCam Guard offers a practical scheduling function. Operating times can be defined in advance and automatic switching can be configured \u2013 perfect for those who value structure and security in their digital routine.<\/p>\n<p data-start=\"899\" data-end=\"1162\"><strong>You can find more information about this product\u00a0<a href=\"https:\/\/swisssoftware24.ch\/en\/ashampoo-webcam-guard-privatsphaere-per-klick-sichern\/\">here<\/a>.<\/strong><\/p>\n<h3>Ashampoo WebCam Guard &#8211; anforderungen<\/h3>\n<ul>\n<li><strong class=\"font-semibold tracking-tight\">Operating System: <\/strong>Windows 10, 11<\/li>\n<li><strong class=\"font-semibold tracking-tight\">Requirements: <\/strong>Any device that supports the above operating systems.<\/li>\n<li><strong class=\"font-semibold tracking-tight\">Other: <\/strong>Administrative rights are required to use the program on the system.<br \/>\nAn internet connection is required to activate the program.\nThe program license is periodically verified.<\/li>\n<\/ul>","protected":false},"excerpt":{"rendered":"<p class=\"translation-block\"><strong>Ashampoo WebCam Guard<\/strong> ist eine einfach zu bedienende <strong>Software zum Schutz der Webcam und des Mikrofons<\/strong> vor unbefugtem Zugriff. Mit leicht bedienbaren Schaltern erm\u00f6glicht es dem Benutzer, diese Ger\u00e4te mit einem Klick zu aktivieren oder deaktivieren, was Kontrolle und Schutz der Privatsph\u00e4re vor Cyberangriffen oder b\u00f6sartiger Software bietet.<\/p>\n<p class=\"translation-block\">Mit diesem Produkt erwerben Sie eine ewige Lizenz in Form eines elektronischen Schl\u00fcssels, der Sie zur Nutzung des <strong>Tools zum Schutz der Webcam und des Mikrofons<\/strong> auf zehn Ger\u00e4ten berechtigt. Es handelt sich um eine Version f\u00fcr Computer mit Windows-Betriebssystemen. Die Software ist mehrsprachig.<\/p>","protected":false},"featured_media":25465,"template":"","meta":{"_seopress_robots_primary_cat":"none","_seopress_titles_title":"Ashampoo WebCam Guard | Webcam-Schutz | SwissSoftware24","_seopress_titles_desc":"Ashampoo WebCam Guard: Sch\u00fctzen Sie Ihre Privatsph\u00e4re durch das Deaktivieren von Webcam und Mikrofon. Einfach zu bedienen. Jetzt bei SwissSoftware24 erh\u00e4ltlich.","_seopress_robots_index":""},"product_brand":[],"product_cat":[93,94,63,65,79],"product_tag":[],"class_list":{"0":"post-24911","1":"product","2":"type-product","3":"status-publish","4":"has-post-thumbnail","6":"product_cat-antivirus","7":"product_cat-antivirus-security-fur-unternehmen","8":"product_cat-antivirus-security","9":"product_cat-fur-unternehmen","10":"product_cat-sicherheit-fur-firmen","12":"first","13":"onbackorder","14":"virtual","15":"taxable","16":"purchasable","17":"product-type-simple"},"_links":{"self":[{"href":"https:\/\/swisssoftware24.ch\/en\/wp-json\/wp\/v2\/product\/24911","targetHints":{"allow":["GET"]}}],"collection":[{"href":"https:\/\/swisssoftware24.ch\/en\/wp-json\/wp\/v2\/product"}],"about":[{"href":"https:\/\/swisssoftware24.ch\/en\/wp-json\/wp\/v2\/types\/product"}],"wp:featuredmedia":[{"embeddable":true,"href":"https:\/\/swisssoftware24.ch\/en\/wp-json\/wp\/v2\/media\/25465"}],"wp:attachment":[{"href":"https:\/\/swisssoftware24.ch\/en\/wp-json\/wp\/v2\/media?parent=24911"}],"wp:term":[{"taxonomy":"product_brand","embeddable":true,"href":"https:\/\/swisssoftware24.ch\/en\/wp-json\/wp\/v2\/product_brand?post=24911"},{"taxonomy":"product_cat","embeddable":true,"href":"https:\/\/swisssoftware24.ch\/en\/wp-json\/wp\/v2\/product_cat?post=24911"},{"taxonomy":"product_tag","embeddable":true,"href":"https:\/\/swisssoftware24.ch\/en\/wp-json\/wp\/v2\/product_tag?post=24911"}],"curies":[{"name":"wp","href":"https:\/\/api.w.org\/{rel}","templated":true}]}}