{"id":24917,"date":"2024-03-25T21:08:06","date_gmt":"2024-03-25T20:08:06","guid":{"rendered":"https:\/\/swisssoftware24.ch\/?post_type=product&#038;p=24917"},"modified":"2025-11-30T00:17:25","modified_gmt":"2025-11-29T23:17:25","slug":"ashampoo-winoptimizer-26","status":"publish","type":"product","link":"https:\/\/swisssoftware24.ch\/en\/products\/ashampoo-winoptimizer-26\/","title":{"rendered":"Ashampoo WinOptimizer 26"},"content":{"rendered":"<p data-start=\"0\" data-end=\"355\">Ashampoo WinOptimizer 26 deep-cleans Windows and makes it tangibly faster: <em data-start=\"127\" data-end=\"146\">In-Depth Cleaning<\/em> removes old Windows builds, update backups and usage statistics\u2014plus fixes like clearing the DirectX shader cache and the File Explorer preview\/thumbnail cache.<\/p>\n<p data-start=\"357\" data-end=\"635\">With Tuning Assistant and One-Click Optimizer, you fine-tune via guided questions or speed through everything in one go. Drive Cleaner (with custom file filters) and an improved Internet Cleaner deliver precise, fast scans.<\/p>\n<p data-start=\"637\" data-end=\"889\">You also get handy extras like UnInstall Manager 2 (removes Windows apps as well), new dashboards\/home screen, and notifications in the Windows Notification Center\u2014fully compatible with Windows 11\/10\/7.<\/p>\n<p><strong>You can find more information about this product\u00a0<a href=\"https:\/\/swisssoftware24.ch\/en\/ashampoo-winoptimizer-26-so-bringst-du-windows-dauerhaft-auf-tempo\/\">here<\/a>.<\/strong><\/p>\n<h3>Ashampoo WinOptimizer 26 \u2013 system requirements<\/h3>\n<ul>\n<li><strong class=\"font-semibold tracking-tight\">Operating System: <\/strong>Windows 7, 10, 11.<\/li>\n<li><strong class=\"font-semibold tracking-tight\">Requirements: <\/strong>Any device that supports the above operating systems.<\/li>\n<li><strong class=\"font-semibold tracking-tight\">Other: <\/strong>Screen resolution: 1280\u00d7768 (Recommended: 1920\u00d71080)\nAdministrative rights on the system are required to use the program\nAn internet connection is required to activate the program\nThe program license is periodically verified<\/li>\n<\/ul>","protected":false},"excerpt":{"rendered":"<p class=\"translation-block\"><strong>Ashampoo WinOptimizer 26<\/strong> ist ein fortschrittliches <strong>Werkzeug zur Optimierung des Windows-Systems<\/strong>, das darauf abzielt, dessen Leistung, Stabilit\u00e4t und Privatsph\u00e4re zu erh\u00f6hen. Es bietet eine breite Palette von Funktionen zum Reinigen, Optimieren und Sch\u00fctzen des Computers.<\/p>\n<p class=\"translation-block\">Mit diesem Produkt erwerben Sie eine ewige Lizenz in Form eines elektronischen Schl\u00fcssels, der Sie zur Nutzung des <strong>Windows-Optimierungstools<\/strong> auf drei Ger\u00e4ten berechtigt. Die Software ist mehrsprachig.<\/p>","protected":false},"featured_media":25466,"template":"","meta":{"_seopress_robots_primary_cat":"none","_seopress_titles_title":"Ashampoo WinOptimizer 26 | PC-Optimierung | SwissSoftware24","_seopress_titles_desc":"Ashampoo WinOptimizer 26: Optimieren und reinigen Sie PC f\u00fcr bessere Leistung und mehr Sicherheit. Entfernen Sie unn\u00f6tige Dateien. Jetzt bei SwissSoftware24.","_seopress_robots_index":""},"product_brand":[],"product_cat":[99,83],"product_tag":[],"class_list":{"0":"post-24917","1":"product","2":"type-product","3":"status-publish","4":"has-post-thumbnail","6":"product_cat-pc-tuning","7":"product_cat-video-grafik-andere","9":"first","10":"onbackorder","11":"virtual","12":"taxable","13":"purchasable","14":"product-type-simple"},"_links":{"self":[{"href":"https:\/\/swisssoftware24.ch\/en\/wp-json\/wp\/v2\/product\/24917","targetHints":{"allow":["GET"]}}],"collection":[{"href":"https:\/\/swisssoftware24.ch\/en\/wp-json\/wp\/v2\/product"}],"about":[{"href":"https:\/\/swisssoftware24.ch\/en\/wp-json\/wp\/v2\/types\/product"}],"wp:featuredmedia":[{"embeddable":true,"href":"https:\/\/swisssoftware24.ch\/en\/wp-json\/wp\/v2\/media\/25466"}],"wp:attachment":[{"href":"https:\/\/swisssoftware24.ch\/en\/wp-json\/wp\/v2\/media?parent=24917"}],"wp:term":[{"taxonomy":"product_brand","embeddable":true,"href":"https:\/\/swisssoftware24.ch\/en\/wp-json\/wp\/v2\/product_brand?post=24917"},{"taxonomy":"product_cat","embeddable":true,"href":"https:\/\/swisssoftware24.ch\/en\/wp-json\/wp\/v2\/product_cat?post=24917"},{"taxonomy":"product_tag","embeddable":true,"href":"https:\/\/swisssoftware24.ch\/en\/wp-json\/wp\/v2\/product_tag?post=24917"}],"curies":[{"name":"wp","href":"https:\/\/api.w.org\/{rel}","templated":true}]}}