{"id":28707,"date":"2024-09-04T19:31:19","date_gmt":"2024-09-04T17:31:19","guid":{"rendered":"https:\/\/swisssoftware24.ch\/?post_type=product&#038;p=28707"},"modified":"2026-01-17T13:39:48","modified_gmt":"2026-01-17T12:39:48","slug":"project-standard-2021","status":"publish","type":"product","link":"https:\/\/swisssoftware24.ch\/en\/products\/project-standard-2021\/","title":{"rendered":"Project Standard 2021"},"content":{"rendered":"<p data-start=\"300\" data-end=\"587\">Microsoft Project Standard 2021 is a modern project management tool that enables planning, monitoring, and analyzing even the most complex projects. With an expanded template library and intelligent tools, users can efficiently create and manage professional schedules.<\/p>\n<p data-start=\"589\" data-end=\"844\">The 2021 version introduces smart planning features, automatic scheduling, and real-time \u201cwhat-if\u201d analyses. This enables faster reactions to changes, better resource allocation, and the avoidance of planning errors.<\/p>\n<p data-start=\"846\" data-end=\"1066\">Optimized visualization \u2013 with multiple customizable timelines \u2013 makes controlling extensive projects easier. Project Standard 2021 significantly increases the efficiency of every project manager.<\/p>\n<p data-start=\"846\" data-end=\"1066\"><strong>You can find more information about this product\u00a0<a href=\"https:\/\/swisssoftware24.ch\/en\/microsoft-project-standard-2021-klueger-planen-schneller-umsetzen\/\">here<\/a>.<\/strong><\/p>\n<h3><strong>Project Standard 2021 \u2013 system requirements<\/strong><\/h3>\n<ul>\n<li><strong>Processor:<\/strong> 1.6 GHz or faster, dual-core<\/li>\n<li><strong>Operating System:<\/strong> Windows 11, Windows 10, Windows Server 2022<\/li>\n<li><strong>Memory:<\/strong> 4GB RAM; 2GB RAM (32-bit)<\/li>\n<li><strong>Hard drive space:<\/strong> 4.0 GB available storage space<\/li>\n<li><strong>Display:<\/strong> 1280 x 768 resolution or higher<\/li>\n<li><strong>Graphic:<\/strong> DirectX 12 graphics card for hardware graphics acceleration<\/li>\n<li><strong>Additional Requirements:<\/strong> Internet access, Microsoft account<\/li>\n<\/ul>","protected":false},"excerpt":{"rendered":"<p>Microsoft Project Standard 2021 ist ein modernes Projektmanagement-Tool, das Planung, Kontrolle und Analyse selbst komplexester Vorhaben erm\u00f6glicht. Mit einer erweiterten Vorlagenbibliothek und intelligenten Tools k\u00f6nnen Nutzer professionelle Zeitpl\u00e4ne effizient erstellen und verwalten. Die Version 2021 f\u00fchrt intelligente Planungsfunktionen, automatische Terminzuweisung und \u201eWas-w\u00e4re-wenn\u201c-Analysen in Echtzeit ein. Dies erm\u00f6glicht eine schnellere Reaktion auf \u00c4nderungen, bessere Ressourcenzuweisung und [&hellip;]<\/p>","protected":false},"featured_media":33962,"template":"","meta":{"_seopress_robots_primary_cat":"none","_seopress_titles_title":"Project Standard 2021 | Projektplanung | SwissSoftware24","_seopress_titles_desc":"Project Standard 2021 bietet effiziente Projektplanung mit erweiterten Vorlagen und intelligenten Planungswerkzeugen. Ideal f\u00fcr effektives Projektmanagement.","_seopress_robots_index":""},"product_brand":[],"product_cat":[96,71],"product_tag":[],"class_list":{"0":"post-28707","1":"product","2":"type-product","3":"status-publish","4":"has-post-thumbnail","6":"product_cat-einzelne-office-programme","7":"product_cat-office","9":"first","10":"onbackorder","11":"virtual","12":"taxable","13":"purchasable","14":"product-type-simple"},"_links":{"self":[{"href":"https:\/\/swisssoftware24.ch\/en\/wp-json\/wp\/v2\/product\/28707","targetHints":{"allow":["GET"]}}],"collection":[{"href":"https:\/\/swisssoftware24.ch\/en\/wp-json\/wp\/v2\/product"}],"about":[{"href":"https:\/\/swisssoftware24.ch\/en\/wp-json\/wp\/v2\/types\/product"}],"wp:featuredmedia":[{"embeddable":true,"href":"https:\/\/swisssoftware24.ch\/en\/wp-json\/wp\/v2\/media\/33962"}],"wp:attachment":[{"href":"https:\/\/swisssoftware24.ch\/en\/wp-json\/wp\/v2\/media?parent=28707"}],"wp:term":[{"taxonomy":"product_brand","embeddable":true,"href":"https:\/\/swisssoftware24.ch\/en\/wp-json\/wp\/v2\/product_brand?post=28707"},{"taxonomy":"product_cat","embeddable":true,"href":"https:\/\/swisssoftware24.ch\/en\/wp-json\/wp\/v2\/product_cat?post=28707"},{"taxonomy":"product_tag","embeddable":true,"href":"https:\/\/swisssoftware24.ch\/en\/wp-json\/wp\/v2\/product_tag?post=28707"}],"curies":[{"name":"wp","href":"https:\/\/api.w.org\/{rel}","templated":true}]}}