{"id":34031,"date":"2025-01-21T16:26:23","date_gmt":"2025-01-21T15:26:23","guid":{"rendered":"https:\/\/swisssoftware24.ch\/?post_type=product&#038;p=34031"},"modified":"2025-11-29T23:56:54","modified_gmt":"2025-11-29T22:56:54","slug":"adobe-photoshop-elements-premiere-elements-2025","status":"publish","type":"product","link":"https:\/\/swisssoftware24.ch\/en\/products\/adobe-photoshop-elements-premiere-elements-2025\/","title":{"rendered":"Adobe Photoshop Elements + Premiere Elements 2025"},"content":{"rendered":"<div class=\"text aem-GridColumn--tablet--12 aem-GridColumn--offset--tablet--0 aem-GridColumn--phone--hide aem-GridColumn--phone--12 aem-GridColumn aem-GridColumn--default--12 aem-GridColumn--offset--phone--0 aem-GridColumn--tablet--hide\">\n<div class=\"cmp-text mobile-padding-top-100 mobile-padding-bottom-20 tablet-padding-top-100 tablet-padding-bottom-0 tablet-padding-left-44 desktop-padding-top-28 NoMargin heading-XXL\">\n<p data-start=\"432\" data-end=\"812\">With Adobe Photoshop &amp; Premiere Elements 2025, users get a powerful duo for creative photo and video editing with a long-term license for full flexibility. Both programs are enhanced with improved AI support, automating workflows and enabling faster, more precise results\u2014ideal for beginners and advanced users.<\/p>\n<p data-start=\"814\" data-end=\"1143\">Photoshop Elements impresses with new brushes, filters, and guided edits, while Premiere Elements now offers even smoother 4K video editing and new effects and transitions. The intuitive interface has been further optimized for an easy creative start.<\/p>\n<p data-start=\"1145\" data-end=\"1444\">The package also includes a vast collection of templates, royalty-free sound effects, and music tracks that elevate your projects both visually and acoustically. Thanks to direct export options to social media, sharing your finished work is easier than ever.<\/p>\n<p data-start=\"1145\" data-end=\"1444\"><strong>You can find more information about this product\u00a0<a href=\"https:\/\/swisssoftware24.ch\/en\/adobe-photoshop-premiere-elements-2025-kreative-freiheit-mit-ki-unterstuetzung\/\">here<\/a>.<\/strong><\/p>\n<h3>Adobe Photoshop&amp;Premiere Elements 2025 \u2013 system requirements<\/h3>\n<ul>\n<li>Operating System: Windows 10 and 11 (64-bit) \/ macOS (latest versions)<\/li>\n<li>Processor: Intel 6th Generation or newer or AMD equivalent with SSE 4.1 support<\/li>\n<li>RAM: 8 GB RAM (16 GB recommended)<\/li>\n<li>Disk Space: 10 GB available space for installation; additional space for working files<\/li>\n<li>Graphics Card: Graphics card with DirectX 12 support and 2 GB VRAM (4 GB recommended)<\/li>\n<li>Display: 1280 x 800 screen resolution (1920 x 1080 recommended)<\/li>\n<\/ul>\n<p>Important Note: Exact system requirements are subject to change until the final release of the software. We recommend checking the official Adobe system requirements before purchasing.<\/p>\n<\/div>\n<\/div>","protected":false},"excerpt":{"rendered":"<p>Mit Adobe Photoshop &amp; Premiere Elements 2025 erhalten Nutzer ein leistungsstarkes Duo f\u00fcr kreative Foto- und Videobearbeitung mit langj\u00e4hriger Lizenz f\u00fcr volle Flexibilit\u00e4t. Beide Programme wurden mit verbesserter KI-Unterst\u00fctzung ausgestattet, um Arbeitsprozesse zu automatisieren und Ergebnisse schneller sowie pr\u00e4ziser zu erzielen \u2013 ideal f\u00fcr Anf\u00e4nger und Fortgeschrittene. Photoshop Elements punktet mit neuen Pinseln, Filtern und [&hellip;]<\/p>","protected":false},"featured_media":34033,"template":"","meta":{"_seopress_robots_primary_cat":"none","_seopress_titles_title":"Adobe Photoshop&Premiere Elements 2025 | SwissSoftware24","_seopress_titles_desc":"Adobe Photoshop&Premiere Elements 2025: Bearbeiten Sie Fotos und Videos m\u00fchelos. Kreative Tools f\u00fcr atemberaubende Projekte. Jetzt bei SwissSoftware24.","_seopress_robots_index":""},"product_brand":[],"product_cat":[91,92,97,100,82,83],"product_tag":[],"class_list":{"0":"post-34031","1":"product","2":"type-product","3":"status-publish","4":"has-post-thumbnail","6":"product_cat-adobe","7":"product_cat-animation","8":"product_cat-grafik-design","9":"product_cat-video","10":"product_cat-video-grafik","11":"product_cat-video-grafik-andere","13":"first","14":"onbackorder","15":"taxable","16":"shipping-taxable","17":"purchasable","18":"product-type-simple"},"_links":{"self":[{"href":"https:\/\/swisssoftware24.ch\/en\/wp-json\/wp\/v2\/product\/34031","targetHints":{"allow":["GET"]}}],"collection":[{"href":"https:\/\/swisssoftware24.ch\/en\/wp-json\/wp\/v2\/product"}],"about":[{"href":"https:\/\/swisssoftware24.ch\/en\/wp-json\/wp\/v2\/types\/product"}],"wp:featuredmedia":[{"embeddable":true,"href":"https:\/\/swisssoftware24.ch\/en\/wp-json\/wp\/v2\/media\/34033"}],"wp:attachment":[{"href":"https:\/\/swisssoftware24.ch\/en\/wp-json\/wp\/v2\/media?parent=34031"}],"wp:term":[{"taxonomy":"product_brand","embeddable":true,"href":"https:\/\/swisssoftware24.ch\/en\/wp-json\/wp\/v2\/product_brand?post=34031"},{"taxonomy":"product_cat","embeddable":true,"href":"https:\/\/swisssoftware24.ch\/en\/wp-json\/wp\/v2\/product_cat?post=34031"},{"taxonomy":"product_tag","embeddable":true,"href":"https:\/\/swisssoftware24.ch\/en\/wp-json\/wp\/v2\/product_tag?post=34031"}],"curies":[{"name":"wp","href":"https:\/\/api.w.org\/{rel}","templated":true}]}}