{"id":34818,"date":"2025-02-17T16:44:33","date_gmt":"2025-02-17T15:44:33","guid":{"rendered":"https:\/\/swisssoftware24.ch\/?post_type=product&#038;p=34818"},"modified":"2025-11-29T23:56:54","modified_gmt":"2025-11-29T22:56:54","slug":"acronis-true-image-advanced","status":"publish","type":"product","link":"https:\/\/swisssoftware24.ch\/en\/products\/acronis-true-image-advanced\/","title":{"rendered":"Acronis True Image Advanced"},"content":{"rendered":"<p data-start=\"0\" data-end=\"348\">Acronis True Image Advanced protects your files and systems with image-based backups, file backups and fast recovery. Whether a full PC, specific folders or entire drives\u2014you create reliable backups locally to an external drive, NAS or to secure cloud storage.<\/p>\n<p data-start=\"350\" data-end=\"626\">Automatic schedules, versioning and incremental\/differential backups save time and space. Built-in ransomware protection watches for suspicious processes and restores tampered files from backups\u2014ideal for everyday home-office use.<\/p>\n<p data-start=\"628\" data-end=\"884\">End-to-end encryption, backup validation and a bootable rescue media ensure your data comes back quickly in an emergency. This combines convenient backup for Windows and mac with flexible cloud backup options.<\/p>\n<p data-sourcepos=\"9:1-9:528\"><strong>You can find more information about this product\u00a0<a href=\"https:\/\/swisssoftware24.ch\/en\/acronis-true-image-advanced-datensicherung-mit-tempo-tiefe-und-cloud\/\">here<\/a>.<\/strong><\/p>\n<h3 data-sourcepos=\"9:1-9:528\">Acronis True Image Advanced &#8211; s<strong>ystem requirements<\/strong><\/h3>\n<ul data-sourcepos=\"5:1-9:64\">\n<li data-sourcepos=\"5:1-5:72\"><strong>Processor:<\/strong> Intel Core 2 Duo or equivalent, 2 GHz or faster.<\/li>\n<li data-sourcepos=\"6:1-6:42\"><strong>Memory:<\/strong> 2 GB RAM or more.<\/li>\n<li data-sourcepos=\"7:1-7:105\"><strong>Disk Space:<\/strong> 7 GB for installation + backup space (depending on data volume).<\/li>\n<li data-sourcepos=\"8:1-8:113\"><strong>Operating System:<\/strong> Windows 11, 10, 8.1 \/ macOS Sonoma 14, Ventura 13, Monterey 12, Big Sur 11, Catalina 10.15.<\/li>\n<li data-sourcepos=\"9:1-9:64\"><strong>Internet:<\/strong> Required for activation, cloud, and updates.<\/li>\n<\/ul>","protected":false},"excerpt":{"rendered":"<p>Acronis True Image Advanced sch\u00fctzt Ihre Dateien und Systeme mit imagebasierten Backups, Dateisicherungen und schneller Wiederherstellung. Ob kompletter PC, einzelne Ordner oder ganze Laufwerke \u2013 Sie erstellen verl\u00e4ssliche Sicherungen lokal auf externe Festplatte, NAS oder im sicheren Cloud-Speicher. Automatische Zeitpl\u00e4ne, Versionierung und inkrementelle\/differenzielle Backups sparen Zeit und Speicherplatz. Die integrierte Ransomware-Abwehr \u00fcberwacht verd\u00e4chtige Prozesse und [&hellip;]<\/p>","protected":false},"featured_media":34859,"template":"","meta":{"_seopress_robots_primary_cat":"none","_seopress_titles_title":"Acronis True Image Advanced: Backup & Cyber Security f\u00fcr Profis","_seopress_titles_desc":"Acronis True Image Advanced: Umfassendes Backup und Cyber Security f\u00fcr Privat und Business. Sch\u00fctzen Sie Ihre Daten vor Verlust und Angriffen!","_seopress_robots_index":""},"product_brand":[],"product_cat":[129,63,64,79,65,94],"product_tag":[],"class_list":{"0":"post-34818","1":"product","2":"type-product","3":"status-publish","4":"has-post-thumbnail","6":"product_cat-acronis","7":"product_cat-antivirus-security","8":"product_cat-backup","9":"product_cat-sicherheit-fur-firmen","10":"product_cat-fur-unternehmen","11":"product_cat-antivirus-security-fur-unternehmen","13":"first","14":"instock","15":"taxable","16":"shipping-taxable","17":"purchasable","18":"product-type-variable"},"_links":{"self":[{"href":"https:\/\/swisssoftware24.ch\/en\/wp-json\/wp\/v2\/product\/34818","targetHints":{"allow":["GET"]}}],"collection":[{"href":"https:\/\/swisssoftware24.ch\/en\/wp-json\/wp\/v2\/product"}],"about":[{"href":"https:\/\/swisssoftware24.ch\/en\/wp-json\/wp\/v2\/types\/product"}],"wp:featuredmedia":[{"embeddable":true,"href":"https:\/\/swisssoftware24.ch\/en\/wp-json\/wp\/v2\/media\/34859"}],"wp:attachment":[{"href":"https:\/\/swisssoftware24.ch\/en\/wp-json\/wp\/v2\/media?parent=34818"}],"wp:term":[{"taxonomy":"product_brand","embeddable":true,"href":"https:\/\/swisssoftware24.ch\/en\/wp-json\/wp\/v2\/product_brand?post=34818"},{"taxonomy":"product_cat","embeddable":true,"href":"https:\/\/swisssoftware24.ch\/en\/wp-json\/wp\/v2\/product_cat?post=34818"},{"taxonomy":"product_tag","embeddable":true,"href":"https:\/\/swisssoftware24.ch\/en\/wp-json\/wp\/v2\/product_tag?post=34818"}],"curies":[{"name":"wp","href":"https:\/\/api.w.org\/{rel}","templated":true}]}}