{"id":36873,"date":"2025-05-28T13:26:23","date_gmt":"2025-05-28T11:26:23","guid":{"rendered":"https:\/\/swisssoftware24.ch\/?post_type=product&#038;p=36873"},"modified":"2025-11-29T23:56:54","modified_gmt":"2025-11-29T22:56:54","slug":"microsoft-windows-server-2025-standard","status":"publish","type":"product","link":"https:\/\/swisssoftware24.ch\/en\/products\/microsoft-windows-server-2025-standard\/","title":{"rendered":"Microsoft Windows Server 2025 Standard"},"content":{"rendered":"<p data-start=\"346\" data-end=\"707\">Microsoft Windows Server 2025 Standard is the latest version of the proven server operating system for professional IT environments. The Standard edition is specifically designed for businesses with physical infrastructure or minimal virtualization. Available in two variants \u2013 with 16 or 24 Cores \u2013 it offers maximum flexibility and scalability.<\/p>\n<p data-start=\"709\" data-end=\"1050\">With improved protection through Secured-Core technologies, integrated TPM, hotpatching without restart, and new features for network and storage optimization, this version is ideal for modern enterprises. Native support for Azure Arc and hybrid cloud infrastructures enables easy integration with Microsoft Azure.<\/p>\n<p data-start=\"1052\" data-end=\"1311\">Windows Server 2025 Standard also offers comprehensive innovations in Active Directory, GPU virtualization, NVMe performance, and OpenSSH support. It's the perfect choice for businesses that prioritize maximum security, availability, and future-readiness.<\/p>\n<p data-start=\"1052\" data-end=\"1311\"><strong>You can find more information about this product\u00a0<a href=\"https:\/\/swisssoftware24.ch\/en\/windows-server-2025-standard-zukunftssicheres-serverbetriebssystem-mit-maximaler-kontrolle\/\">here<\/a>.<\/strong><\/p>\n<h3 data-start=\"1052\" data-end=\"1311\"><strong>Microsoft Windows Server 2025 Standard \u2013 System Requirements<\/strong><\/h3>\n<p data-sourcepos=\"7:1-7:246\">The following requirements are based on previous versions of Windows Server and are optimized for the expected performance characteristics of Windows Server 2025. The following minimum requirements apply to the <strong>16- and 24-core<\/strong> versions:<\/p>\n<p data-sourcepos=\"9:1-9:13\"><strong>Processor:<\/strong><\/p>\n<ul data-sourcepos=\"10:1-12:0\">\n<li data-sourcepos=\"10:1-10:57\">1.4 GHz 64-bit processor compatible with x64 instruction set.<\/li>\n<li data-sourcepos=\"11:1-12:0\">Must support the following functions: NX and DEP, CMPXCHG16b, LAHF\/SAHF, and Prefetching.<\/li>\n<\/ul>\n<p data-sourcepos=\"13:1-13:16\"><strong>Memory\/RAM<\/strong><\/p>\n<ul data-sourcepos=\"14:1-17:0\">\n<li data-sourcepos=\"14:1-14:82\">Minimum 2 GB RAM (for servers with Desktop Experience installation option).<\/li>\n<li data-sourcepos=\"15:1-15:119\">For Server Core, 512 MB is still recommended, although 2 GB is recommended for smooth performance.<\/li>\n<li data-sourcepos=\"16:1-17:0\">It is strongly recommended to use ECC (Error Correcting Code) or similar technology for deployments on physical hosts to ensure data integrity.<\/li>\n<\/ul>\n<p data-sourcepos=\"18:1-18:23\"><strong>Hard disk space:<\/strong><\/p>\n<ul data-sourcepos=\"19:1-21:0\">\n<li data-sourcepos=\"19:1-19:23\">Minimum 32 GB.<\/li>\n<li data-sourcepos=\"20:1-21:0\">It is recommended to allocate more than 32 GB, especially if you install additional roles, features, or applications.<\/li>\n<\/ul>\n<p data-sourcepos=\"22:1-22:25\"><strong>Network Requirements<\/strong><\/p>\n<ul data-sourcepos=\"23:1-25:0\">\n<li data-sourcepos=\"23:1-23:81\">Ethernet adapter with a bandwidth of at least 1 Gigabit per second.<\/li>\n<li data-sourcepos=\"24:1-25:0\">Must be compliant with the PCI Express architecture specification.<\/li>\n<\/ul>\n<p data-sourcepos=\"26:1-26:29\"><strong>Additional Requirements<\/strong><\/p>\n<ul data-sourcepos=\"27:1-34:0\">\n<li data-sourcepos=\"27:1-27:85\">UEFI 2.3.1c-based system and firmware that support secure boot.<\/li>\n<li data-sourcepos=\"28:1-32:70\">Trusted Platform Module (TPM):\n<ul data-sourcepos=\"29:5-32:70\">\n<li data-sourcepos=\"29:5-29:88\">Hardware-based TPMs must implement version 2.0 of the TPM specification.<\/li>\n<li data-sourcepos=\"30:5-30:210\">TPMs that implement version 2.0 must have an EK certificate that is pre-provided to the TPM by the hardware manufacturer or can be downloaded by the device at first boot.<\/li>\n<li data-sourcepos=\"31:5-31:287\">TPMs that implement version 2.0 must ship with SHA-256 PCR banks and implement PCR 0 through 23 for SHA-256. It is acceptable to ship TPMs with a switchable PCR bank that can be used for both SHA-1 and SHA-256 measurements.<\/li>\n<li data-sourcepos=\"32:5-32:70\">The UEFI option to disable the TPM is not required.<\/li>\n<\/ul>\n<\/li>\n<li data-sourcepos=\"33:1-34:0\">A graphics device and monitor that supports Super VGA (1024 x 768) or higher resolution (primarily relevant for the Desktop Experience installation).<\/li>\n<\/ul>","protected":false},"excerpt":{"rendered":"<p>Microsoft Windows Server 2025 Standard ist die neueste Version des bew\u00e4hrten Serverbetriebssystems f\u00fcr professionelle IT-Umgebungen. Die Edition Standard richtet sich speziell an Unternehmen mit physischer Infrastruktur oder minimaler Virtualisierung. Verf\u00fcgbar in zwei Varianten \u2013 mit 16 oder 24 Cores \u2013 bietet sie maximale Flexibilit\u00e4t und Skalierbarkeit. Mit verbessertem Schutz durch Secured-Core-Technologien, integriertem TPM, Hotpatching ohne [&hellip;]<\/p>","protected":false},"featured_media":36879,"template":"","meta":{"_seopress_robots_primary_cat":"none","_seopress_titles_title":"Windows Server 2025 Standard \u2013 16 & 24 Core | SwissSoftware24","_seopress_titles_desc":"Windows Server 2025 Standard \u2013 h\u00f6chste Sicherheit, Hybridfunktionen & Performance. Jetzt als 16- oder 24-Core-Version f\u00fcr moderne IT-Infrastrukturen verf\u00fcgbar.","_seopress_robots_index":""},"product_brand":[],"product_cat":[78,89],"product_tag":[],"class_list":{"0":"post-36873","1":"product","2":"type-product","3":"status-publish","4":"has-post-thumbnail","6":"product_cat-server-software","7":"product_cat-windows-server","9":"first","10":"instock","11":"taxable","12":"shipping-taxable","13":"purchasable","14":"product-type-variable","15":"has-default-attributes"},"_links":{"self":[{"href":"https:\/\/swisssoftware24.ch\/en\/wp-json\/wp\/v2\/product\/36873","targetHints":{"allow":["GET"]}}],"collection":[{"href":"https:\/\/swisssoftware24.ch\/en\/wp-json\/wp\/v2\/product"}],"about":[{"href":"https:\/\/swisssoftware24.ch\/en\/wp-json\/wp\/v2\/types\/product"}],"wp:featuredmedia":[{"embeddable":true,"href":"https:\/\/swisssoftware24.ch\/en\/wp-json\/wp\/v2\/media\/36879"}],"wp:attachment":[{"href":"https:\/\/swisssoftware24.ch\/en\/wp-json\/wp\/v2\/media?parent=36873"}],"wp:term":[{"taxonomy":"product_brand","embeddable":true,"href":"https:\/\/swisssoftware24.ch\/en\/wp-json\/wp\/v2\/product_brand?post=36873"},{"taxonomy":"product_cat","embeddable":true,"href":"https:\/\/swisssoftware24.ch\/en\/wp-json\/wp\/v2\/product_cat?post=36873"},{"taxonomy":"product_tag","embeddable":true,"href":"https:\/\/swisssoftware24.ch\/en\/wp-json\/wp\/v2\/product_tag?post=36873"}],"curies":[{"name":"wp","href":"https:\/\/api.w.org\/{rel}","templated":true}]}}